{"id":23456,"date":"2023-08-24T13:27:01","date_gmt":"2023-08-24T11:27:01","guid":{"rendered":"https:\/\/www.saezdecom.com\/avis-legal\/"},"modified":"2023-08-30T12:12:45","modified_gmt":"2023-08-30T10:12:45","slug":"avis-legal","status":"publish","type":"page","link":"https:\/\/saezdecom.com\/ca\/avis-legal\/","title":{"rendered":"Av\u00eds legal"},"content":{"rendered":"<div class=\"fusion-fullwidth fullwidth-box fusion-builder-row-1 fusion-flex-container nonhundred-percent-fullwidth non-hundred-percent-height-scrolling\" style=\"--awb-border-radius-top-left:0px;--awb-border-radius-top-right:0px;--awb-border-radius-bottom-right:0px;--awb-border-radius-bottom-left:0px;\" ><div class=\"fusion-builder-row fusion-row fusion-flex-align-items-flex-start\" style=\"max-width:1320.8px;margin-left: calc(-4% \/ 2 );margin-right: calc(-4% \/ 2 );\"><div class=\"fusion-layout-column fusion_builder_column fusion-builder-column-0 fusion_builder_column_1_1 1_1 fusion-flex-column\" style=\"--awb-bg-size:cover;--awb-width-large:100%;--awb-margin-top-large:0px;--awb-spacing-right-large:1.92%;--awb-margin-bottom-large:0px;--awb-spacing-left-large:1.92%;--awb-width-medium:100%;--awb-spacing-right-medium:1.92%;--awb-spacing-left-medium:1.92%;--awb-width-small:100%;--awb-spacing-right-small:1.92%;--awb-spacing-left-small:1.92%;\"><div class=\"fusion-column-wrapper fusion-flex-justify-content-flex-start fusion-content-layout-column\"><div class=\"fusion-text fusion-text-1\"><div>\n<div>\n<h2 style=\"text-align: center;\">AV\u00cdS LEGAL I CONDICIONS D&#8217;\u00daS DEL PORTAL<\/h2>\n<\/div>\n<div>\n<p><strong>Per tal de donar compliment a l&#8217;article 10 de la Llei 34\/2002 de Serveis de la Societat de la Informaci\u00f3 i del Comer\u00e7 Electr\u00f2nic, informem els usuaris de les nostres dades:<\/strong><\/p>\n<p>Denominaci\u00f3 Social: <b>SAEZ DECOM, S.L.<\/b><\/p>\n<p>Adre\u00e7a: <b>C\/ Marroc, 207, 08019 \u2013 Barcelona (Barcelona)<\/b><\/p>\n<p>CIF: <b>B64087505<\/b><\/p>\n<p>Tel\u00e8fon: <b>+34 931 591 565<\/b><\/p>\n<p>Correu electr\u00f2nic: <b>albert@saezdecom.com<\/b><\/p>\n<p>Lloc Web: <b>saezdecom.com<\/b><\/p>\n<p>&nbsp;<\/p>\n<\/div>\n<div>\n<h3><b>1.- OBJECTE<\/b><\/h3>\n<p><b>SAEZ DECOM, S.L.<\/b> (d&#8217;ara endavant tamb\u00e9 el prestador) com a responsable del lloc web, posa a disposici\u00f3 dels usuaris aquest document, que regula l&#8217;\u00fas del lloc web <b>saezdecom.com<\/b>,amb el que pretenem donar compliment a les obligacions que disposa la Llei 34\/2002 , de Serveis de la Societat de la Informaci\u00f3 i del Comer\u00e7 Electr\u00f2nic (LSSICE o LSSI), aix\u00ed com informar tots els usuaris del lloc web respecte a quins s\u00f3n les condicions d\u00fas del lloc web.<\/p>\n<p>A trav\u00e9s de la Web, <b>SAEZ DECOM, S.L.<\/b> facilita als usuaris l&#8217;acc\u00e9s i la utilitzaci\u00f3 de diferents serveis i continguts posats a disposici\u00f3 a trav\u00e9s del web.<\/p>\n<p>Tota persona que accedeixi a aquesta web assumeix el paper d&#8217;usuari (d&#8217;ara endavant l&#8217;usuari), i implica l&#8217;acceptaci\u00f3 plena i sense reserves de totes i cadascuna de les disposicions incloses en aquest av\u00eds legal, aix\u00ed com en altres disposicions legals que fossin daplicaci\u00f3.<\/p>\n<p>Com a usuaris, ha de llegir atentament aquest Av\u00eds Legal en qualsevol de les ocasions que entra a la web, ja que aquest pot patir modificacions ja que el prestador es reserva el dret a modificar qualsevol tipus d&#8217;informaci\u00f3 que pogu\u00e9s apar\u00e8ixer a la web, sense que existeixi la obligaci\u00f3 de preavisar o posar en coneixement dels usuaris aquestes obligacions, sent suficients la publicaci\u00f3 al lloc web del prestador.<\/p>\n<\/div>\n<div>\n<h3><b>2. CONDICIONS D&#8217;ACC\u00c9S I \u00daS DEL WEB.<\/b><\/h3>\n<h4><b>2.1. Car\u00e0cter gratu\u00eft de l&#8217;acc\u00e9s i l&#8217;\u00fas de la web.<\/b><\/h4>\n<p>La prestaci\u00f3 dels serveis per part de <b>SAEZ DECOM, S.L.<\/b> t\u00e9 car\u00e0cter gratu\u00eft per a tots els Usuaris. Tot i aix\u00f2, alguns dels serveis subministrats pel prestador o per tercers a trav\u00e9s del web estan subjectes al pagament d&#8217;un preu determinat a les condicions generals de contractaci\u00f3.<\/p>\n<h4><b>2.2. Registre d&#8217;usuari. <\/b><\/h4>\n<p>Amb car\u00e0cter general, la prestaci\u00f3 dels serveis no exigeix \u200b\u200bla pr\u00e8via subscripci\u00f3 o registre dels usuaris. No obstant aix\u00f2, <b><u><b>SAEZ DECOM, S.L.<\/b>.<\/u><\/b> condiciona l&#8217;\u00fas d&#8217;alguns dels serveis a la complementaci\u00f3 pr\u00e8via del corresponent registre d&#8217;usuari. Aquest registre s&#8217;efectuar\u00e0 en la forma expressament indicada a la pr\u00f2pia secci\u00f3 del servei.<\/p>\n<h4><b>2.3. Veracitat de la informaci\u00f3.<\/b><\/h4>\n<p>Tota la informaci\u00f3 que facilita l&#8217;usuari ha de ser vera\u00e7. A aquest efecte, l&#8217;usuari garanteix l&#8217;autenticitat de les dades comunicades a trav\u00e9s dels formularis per a la subscripci\u00f3 dels serveis. Ser\u00e0 responsabilitat de l&#8217;Usuari mantenir tota la informaci\u00f3 facilitada a <b>SAEZ DECOM, S.L.<\/b> permanentment actualitzada de manera que respongui, a cada moment, a la seva situaci\u00f3 real. En tot cas, l&#8217;Usuari ser\u00e0 l&#8217;\u00fanic responsable de les manifestacions falses o inexactes que faci i dels perjudicis que causi el prestador o tercers.<\/p>\n<h4><b>2.4. Menors dedat.<\/b><\/h4>\n<p>Per a l&#8217;\u00fas dels serveis, els menors dedat han dobtenir sempre pr\u00e8viament el consentiment dels pares, tutors o representants legals, responsables \u00faltims de tots els actes realitzats pels menors al seu c\u00e0rrec. La responsabilitat en la determinaci\u00f3 de continguts concrets a qu\u00e8 accedeixen els menors correspon a aquells, per la qual cosa si accedeixen a continguts no apropiats per Internet, s&#8217;hauran d&#8217;establir als seus ordinadors mecanismes, en particular programes inform\u00e0tics, filtres i bloquejos, que permetin limitar els continguts disponibles i, encara que no siguin infal\u00b7libles, s\u00f3n d&#8217;especial utilitat per controlar i restringir els materials a qu\u00e8 poden accedir els menors.<\/p>\n<h4><b>2.5. Obligaci\u00f3 de fer un correcte \u00fas de la web.<\/b><\/h4>\n<p>L&#8217;Usuari es compromet a utilitzar la Web de conformitat a la Llei i al present Av\u00eds Legal, aix\u00ed com a la moral i als bons costums. A aquest efecte, l&#8217;Usuari s&#8217;abstindr\u00e0 d&#8217;utilitzar la p\u00e0gina amb finalitats il\u00b7l\u00edcites o prohibides, lesives de drets i interessos de tercers, o que de qualsevol manera puguin danyar, inutilitzar, sobrecarregar, deteriorar o impedir la utilitzaci\u00f3 normal d&#8217;equips inform\u00e0tics o documents, arxius i tota mena de continguts emmagatzemats en qualsevol equip inform\u00e0tic del prestador.<\/p>\n<p>En particular, ia t\u00edtol indicatiu per\u00f2 no exhaustiu, l&#8217;Usuari es compromet a no transmetre, difondre o posar a disposici\u00f3 de tercers informacions, dades, continguts, missatges, gr\u00e0fics, dibuixos, arxius de so o imatge, fotografies, enregistraments, programari i en general, qualsevol classe de material que:<\/p>\n<p>(a) sigui contr\u00e0ria, menysprea o atempti contra els drets fonamentals i les llibertats p\u00fabliques reconegudes constitucionalment, en tractats internacionals i altres normes vigents;<\/p>\n<p>(b) indueixi, inciti o promogui actuacions delictives, denigrants, difamat\u00f2ries, violentes o, en general, contr\u00e0ries a la llei, a la moral ia l&#8217;ordre p\u00fablic;<\/p>\n<p>(c) indueixi, inciti o promogui actuacions, actituds o pensaments discriminatoris per ra\u00f3 de sexe, ra\u00e7a, religi\u00f3, creences, edat o condici\u00f3;<\/p>\n<p>(d) sigui contrari al dret a l&#8217;honor, a la intimitat personal o familiar oa la pr\u00f2pia imatge de les persones;<\/p>\n<p>(e) de qualsevol manera perjudiqui la credibilitat del prestador o de tercers; i<\/p>\n<p>(f) constitueixi publicitat il\u00b7l\u00edcita, enganyosa o deslleial.<\/p>\n<\/div>\n<div>\n<h3><b>3.- EXCLUSI\u00d3 DE GARANTIES I RESPONSABILITAT<\/b><\/h3>\n<p>El prestador s&#8217;eximeix de qualsevol tipus de responsabilitat derivada de la informaci\u00f3 publicada al nostre lloc web, sempre que aquesta informaci\u00f3 hagi estat manipulada o introdu\u00efda per un tercer ali\u00e8.<\/p>\n<p>Aquesta web ha estat revisada i provada perqu\u00e8 funcioni correctament. En principi, es pot garantir el funcionament correcte els 365 dies de l&#8217;any, 24 hores al dia. Tot i aix\u00f2, el prestador no descarta la possibilitat que hi hagi determinats errors de programaci\u00f3, o que succeeixin causes de for\u00e7a major, cat\u00e0strofes naturals, vagues, o circumst\u00e0ncies similars que facin impossible l&#8217;acc\u00e9s a la p\u00e0gina web.<\/p>\n<p><b>SAEZ DECOM, S.L.<\/b> no atorga cap garantia ni es fa responsable, en cap cas, dels danys i perjudicis de qualsevol naturalesa que puguin sortir a col\u00b7laci\u00f3 de la manca de disponibilitat, manteniment i efectiu funcionament de la web o dels seus serveis i continguts; de l&#8217;exist\u00e8ncia de virus, programes maliciosos o lesius als continguts; de l&#8217;\u00fas il\u00b7l\u00edcit, negligent, fraudulent o contrari a aquest Av\u00eds Legal i condicions d&#8217;\u00fas; o de La manca de licitud, qualitat, fiabilitat, utilitat i disponibilitat dels serveis prestats per tercers i posats a disposici\u00f3 dels usuaris al lloc web.<\/p>\n<p>El prestador no es fa responsable sota cap concepte dels danys que puguin dimanar de l\u00fas il\u00b7legal o indegut de la present p\u00e0gina web.<\/p>\n<h3><b>4.- COOKIES<\/b><\/h3>\n<p>El lloc web del prestador pot utilitzar cookies (petits fitxers d&#8217;informaci\u00f3 que el servidor envia a l&#8217;ordinador de qui accedeix a la p\u00e0gina) per dur a terme determinades funcions que s\u00f3n considerades imprescindibles per al correcte funcionament i visualitzaci\u00f3 del lloc. Les cookies utilitzades tenen, en tot cas, car\u00e0cter temporal, per tal de fer m\u00e9s efica\u00e7 la navegaci\u00f3, desapareixent en finalitzar la sessi\u00f3 de l&#8217;usuari.<\/p>\n<p>En cap cas s&#8217;utilitzaran les galetes per demanar informaci\u00f3 de car\u00e0cter personal.<\/p>\n<p>Per a m\u00e9s informaci\u00f3, vegeu la nostra <a href=\"\/%7B%7B%7Bwpml_tag_142%7D%7D%7Des\/LINK-politica-de-cookies\/\">Pol\u00edtica de Cookies<\/a><\/p>\n<\/div>\n<div>\n<h3><b>5.- ENLLA\u00c7OS (LINKS)<\/b><\/h3>\n<p>Des del lloc web \u00e9s possible que es redirigeixi a continguts de tercers webs. At\u00e8s que des de la web no podem controlar sempre els continguts introdu\u00efts pels tercers, <b>SAEZ DECOM, S.L.<\/b> no assumeix cap mena de responsabilitat respecte a aquests continguts. En tot cas, el prestador manifesta que procedir\u00e0 a la retirada immediata de qualsevol contingut que pogu\u00e9s contravenir la legislaci\u00f3 nacional o internacional, la moral o l&#8217;ordre p\u00fablic, procedint a la retirada immediata de la re-direcci\u00f3 a aquestes webs, posant en coneixement de les autoritats competents el contingut en q\u00fcesti\u00f3.<\/p>\n<p>El prestamista no se responsabiliza de la informaci\u00f3n y contenidos almacenados, a t\u00edtulo enunciativo pero no limitante, en foros, chats, generadores de blogs, comentarios, redes sociales o cualquier otro medio que permita a terceros publicar contenidos de forma independiente en la p\u00e1gina web del prestamista. No obstant aix\u00f2 i en compliment del que disposa l&#8217;art. 11 i 16 de la LSSICE, el prestador es posa a disposici\u00f3 de tots els usuaris, autoritats i forces de seguretat, i col\u00b7laborant de forma activa en la retirada o, quan calgui, el bloqueig de tots aquells continguts que puguin afectar o contravenir la legislaci\u00f3 nacional, o internacional, drets de tercers o la moral i lordre p\u00fablic. En cas que l&#8217;usuari consideri que hi pot haver algun contingut que pogu\u00e9s ser susceptible d&#8217;aquesta classificaci\u00f3,<\/p>\n<h3><b>6.- PROTECCI\u00d3 DE DADES PERSONALS <\/b><\/h3>\n<p>El prestador est\u00e0 profundament comprom\u00e8s amb el compliment de la normativa de protecci\u00f3 de dades personals i garanteix el compliment \u00edntegre de les obligacions disposades, aix\u00ed com la implementaci\u00f3 de les mesures de seguretat disposades al Reglament Europeu de Protecci\u00f3 de dades i la normativa espanyola de protecci\u00f3 de dades dades.<\/p>\n<p>Per a m\u00e9s informaci\u00f3, vegeu la nostra <a href=\"\/saezdecom.com\/politica-privacidad\/\">Pol\u00edtica de Privadesa.<\/a><\/p>\n<\/div>\n<div>\n<h3><b>7. XARXES SOCIALS<\/b><\/h3>\n<p>Us informem que <b>SAEZ DECOM, S.L.<\/b> pot ser present a xarxes socials. El tractament de les dades que els usuaris incloguin en les mateixes [haci\u00e9ndose seguidores del prestamista en las redes sociales (y\/o realicen cualquier v\u00ednculo o acci\u00f3n de conexi\u00f3n a trav\u00e9s de \u00e9stas)] es regir\u00e0 per aquest apartat, aix\u00ed com per les condicions d\u00fas, pol\u00edtiques de privadesa i normatives dacc\u00e9s i \u00fas de les xarxes socials en q\u00fcesti\u00f3 i pr\u00e8viament acceptades per lusuari. <b>SAEZ DECOM, S.L.<\/b> tractar\u00e0 les seves dades per informar-lo de les activitats, productes o serveis del prestador a trav\u00e9s d&#8217;aquestes xarxes socials, aix\u00ed com per a qualsevol altra finalitat que les normatives de les Xarxes Socials permetin, per\u00f2 no es far\u00e0 responsable de les seves pol\u00edtiques de privadesa .<\/p>\n<p>Queda prohibida la publicaci\u00f3 de continguts:<\/p>\n<ul>\n<li>Que siguin presumptament il\u00b7l\u00edcits per la normativa nacional, comunit\u00e0ria o internacional o que facin activitats presumptament il\u00b7l\u00edcites o contravinguin els principis de la bona fe.<\/li>\n<li>Que atemptin contra els drets fonamentals de les persones, faltin a la cortesia a la xarxa, molestin o puguin generar opinions negatives als nostres usuaris o tercers i en general qualsevol contingut que <b>SAEZ DECOM, S.L.<\/b> considereu no apropiats<\/li>\n<li>I en general que contravinguin els principis de legalitat, honorabilitat, responsabilitat, protecci\u00f3 de la dignitat humana, protecci\u00f3 de menors, protecci\u00f3 de l&#8217;ordre p\u00fablic, la protecci\u00f3 de la vida privada, protecci\u00f3 del consumidor i els drets de propietat intel\u00b7lectual i industrial.<\/li>\n<\/ul>\n<p>Aix\u00ed mateix, <b>SAEZ DECOM, S.L.<\/b> es reserva la potestat de retirar, sense av\u00eds previ de la p\u00e0gina web o de la xarxa social corporativa aquells continguts que es considerin no apropiats.<\/p>\n<div>&nbsp;<\/div>\n<h3><b>8.- PROPIETAT INTEL\u00b7LECTUAL I INDUSTRIAL<\/b><\/h3>\n<p>El lloc web, incloent a t\u00edtol enunciatiu per\u00f2 no limitatiu la programaci\u00f3, edici\u00f3, compilaci\u00f3 i altres elements necessaris per al seu funcionament, els dissenys, logotips, textos, fotografies i\/o gr\u00e0fics s\u00f3n propietat del prestador o, en cas que fos necessari, disposa de la llic\u00e8ncia o autoritzaci\u00f3 expressa per part dels autors. Tots els continguts del lloc web estan protegits degudament per la normativa de propietat intel\u00b7lectual i industrial.<\/p>\n<p>Independentment de la finalitat per la qual fossin destinats, la reproducci\u00f3 total o parcial, \u00fas, distribuci\u00f3 i comunicaci\u00f3 p\u00fablica requereixen l&#8217;autoritzaci\u00f3 escrita pr\u00e8via per part del prestador. Qualsevol \u00fas no autoritzat pr\u00e8viament per part del prestador ser\u00e0 considerat un incompliment greu dels drets de propietat intel\u00b7lectual o industrial de lautor.<\/p>\n<p>Els dissenys, logotips, textos i\/o gr\u00e0fics aliens al prestador i que puguin apar\u00e8ixer al lloc web, pertanyen als seus respectius propietaris, sent ells mateixos els responsables de qualsevol possible controv\u00e8rsia que pogu\u00e9s esdevenir respecte a aquests. En tot cas, el prestador compta amb lautoritzaci\u00f3 expressa i pr\u00e8via per part dels mateixos.<\/p>\n<p>El prestador reconeix a favor dels seus titulars els corresponents drets de propietat industrial i intel\u00b7lectual, no implicant la menci\u00f3 o aparici\u00f3 al lloc web, de l&#8217;exist\u00e8ncia de drets o cap responsabilitat del prestador sobre aquests, com tampoc suport, patrocini o recomanaci\u00f3 per part del mateix.<\/p>\n<p>Per fer qualsevol tipus d&#8217;observaci\u00f3 respecte a possibles incompliments dels drets de propietat intel\u00b7lectual o industrial, aix\u00ed com sobre qualsevol dels continguts del lloc web, ho podeu fer a trav\u00e9s del correu electr\u00f2nic a dalt ressenyat.<\/p>\n<\/div>\n<div>\n<h3><b>9.- LLEI APLICABLE I JURISDICCI\u00d3<\/b><\/h3>\n<p>Per a la resoluci\u00f3 de les controv\u00e8rsies o q\u00fcestions relacionades amb la present p\u00e0gina web o de les activitats en aquesta desenvolupades, \u00e9s aplicable la legislaci\u00f3 espanyola, a la qual se sotmeten expressament les parts, i s\u00f3n competents per a la resoluci\u00f3 de tots els conflictes derivats o relacionats amb el seu \u00fas els Jutjats i els Tribunals de Lleida.<\/p>\n<\/div>\n<\/div>\n<\/div><\/div><\/div><\/div><\/div>\n","protected":false},"excerpt":{"rendered":"","protected":false},"author":1,"featured_media":0,"parent":0,"menu_order":0,"comment_status":"closed","ping_status":"closed","template":"","meta":{"footnotes":""},"class_list":["post-23456","page","type-page","status-publish","hentry"],"yoast_head":"<!-- This site is optimized with the Yoast SEO plugin v21.2 - https:\/\/yoast.com\/wordpress\/plugins\/seo\/ -->\n<title>Av\u00eds legal - Saez Decom<\/title>\n<meta name=\"robots\" content=\"index, follow, max-snippet:-1, max-image-preview:large, max-video-preview:-1\" \/>\n<link rel=\"canonical\" href=\"https:\/\/saezdecom.com\/ca\/avis-legal\/\" \/>\n<meta property=\"og:locale\" content=\"ca_ES\" \/>\n<meta property=\"og:type\" content=\"article\" \/>\n<meta property=\"og:title\" content=\"Av\u00eds legal - Saez Decom\" \/>\n<meta property=\"og:url\" content=\"https:\/\/saezdecom.com\/ca\/avis-legal\/\" \/>\n<meta property=\"og:site_name\" content=\"Saez Decom\" \/>\n<meta property=\"article:publisher\" content=\"https:\/\/www.facebook.com\/saezdecomeventos\/\" \/>\n<meta property=\"article:modified_time\" content=\"2023-08-30T10:12:45+00:00\" \/>\n<meta name=\"twitter:card\" content=\"summary_large_image\" \/>\n<meta name=\"twitter:site\" content=\"@saezdecom\" \/>\n<meta name=\"twitter:label1\" content=\"Temps estimat de lectura\" \/>\n\t<meta name=\"twitter:data1\" content=\"11 minuts\" \/>\n<script type=\"application\/ld+json\" class=\"yoast-schema-graph\">{\"@context\":\"https:\/\/schema.org\",\"@graph\":[{\"@type\":\"WebPage\",\"@id\":\"https:\/\/saezdecom.com\/ca\/avis-legal\/\",\"url\":\"https:\/\/saezdecom.com\/ca\/avis-legal\/\",\"name\":\"Av\u00eds legal - Saez Decom\",\"isPartOf\":{\"@id\":\"https:\/\/saezdecom.com\/ca\/#website\"},\"datePublished\":\"2023-08-24T11:27:01+00:00\",\"dateModified\":\"2023-08-30T10:12:45+00:00\",\"breadcrumb\":{\"@id\":\"https:\/\/saezdecom.com\/ca\/avis-legal\/#breadcrumb\"},\"inLanguage\":\"ca\",\"potentialAction\":[{\"@type\":\"ReadAction\",\"target\":[\"https:\/\/saezdecom.com\/ca\/avis-legal\/\"]}]},{\"@type\":\"BreadcrumbList\",\"@id\":\"https:\/\/saezdecom.com\/ca\/avis-legal\/#breadcrumb\",\"itemListElement\":[{\"@type\":\"ListItem\",\"position\":1,\"name\":\"Portada\",\"item\":\"https:\/\/saezdecom.com\/ca\/inicio\/\"},{\"@type\":\"ListItem\",\"position\":2,\"name\":\"Av\u00eds legal\"}]},{\"@type\":\"WebSite\",\"@id\":\"https:\/\/saezdecom.com\/ca\/#website\",\"url\":\"https:\/\/saezdecom.com\/ca\/\",\"name\":\"Saez Decom\",\"description\":\"Backdrops, Servicios y Productos para eventots\",\"publisher\":{\"@id\":\"https:\/\/saezdecom.com\/ca\/#organization\"},\"potentialAction\":[{\"@type\":\"SearchAction\",\"target\":{\"@type\":\"EntryPoint\",\"urlTemplate\":\"https:\/\/saezdecom.com\/ca\/?s={search_term_string}\"},\"query-input\":\"required name=search_term_string\"}],\"inLanguage\":\"ca\"},{\"@type\":\"Organization\",\"@id\":\"https:\/\/saezdecom.com\/ca\/#organization\",\"name\":\"Saez Decom\",\"url\":\"https:\/\/saezdecom.com\/ca\/\",\"logo\":{\"@type\":\"ImageObject\",\"inLanguage\":\"ca\",\"@id\":\"https:\/\/saezdecom.com\/ca\/#\/schema\/logo\/image\/\",\"url\":\"https:\/\/saezdecom.com\/wp-content\/uploads\/2023\/07\/Logo_amb_lletres_Saez_Decom_retina.png\",\"contentUrl\":\"https:\/\/saezdecom.com\/wp-content\/uploads\/2023\/07\/Logo_amb_lletres_Saez_Decom_retina.png\",\"width\":1410,\"height\":200,\"caption\":\"Saez Decom\"},\"image\":{\"@id\":\"https:\/\/saezdecom.com\/ca\/#\/schema\/logo\/image\/\"},\"sameAs\":[\"https:\/\/www.facebook.com\/saezdecomeventos\/\",\"https:\/\/twitter.com\/saezdecom\",\"https:\/\/www.youtube.com\/user\/saezdecom\",\"https:\/\/www.linkedin.com\/company\/saez-decom\/\",\"https:\/\/www.pinterest.es\/saezdecom\/\",\"https:\/\/www.instagram.com\/saez_decom\/\"]}]}<\/script>\n<!-- \/ Yoast SEO plugin. -->","yoast_head_json":{"title":"Av\u00eds legal - Saez Decom","robots":{"index":"index","follow":"follow","max-snippet":"max-snippet:-1","max-image-preview":"max-image-preview:large","max-video-preview":"max-video-preview:-1"},"canonical":"https:\/\/saezdecom.com\/ca\/avis-legal\/","og_locale":"ca_ES","og_type":"article","og_title":"Av\u00eds legal - Saez Decom","og_url":"https:\/\/saezdecom.com\/ca\/avis-legal\/","og_site_name":"Saez Decom","article_publisher":"https:\/\/www.facebook.com\/saezdecomeventos\/","article_modified_time":"2023-08-30T10:12:45+00:00","twitter_card":"summary_large_image","twitter_site":"@saezdecom","twitter_misc":{"Temps estimat de lectura":"11 minuts"},"schema":{"@context":"https:\/\/schema.org","@graph":[{"@type":"WebPage","@id":"https:\/\/saezdecom.com\/ca\/avis-legal\/","url":"https:\/\/saezdecom.com\/ca\/avis-legal\/","name":"Av\u00eds legal - Saez Decom","isPartOf":{"@id":"https:\/\/saezdecom.com\/ca\/#website"},"datePublished":"2023-08-24T11:27:01+00:00","dateModified":"2023-08-30T10:12:45+00:00","breadcrumb":{"@id":"https:\/\/saezdecom.com\/ca\/avis-legal\/#breadcrumb"},"inLanguage":"ca","potentialAction":[{"@type":"ReadAction","target":["https:\/\/saezdecom.com\/ca\/avis-legal\/"]}]},{"@type":"BreadcrumbList","@id":"https:\/\/saezdecom.com\/ca\/avis-legal\/#breadcrumb","itemListElement":[{"@type":"ListItem","position":1,"name":"Portada","item":"https:\/\/saezdecom.com\/ca\/inicio\/"},{"@type":"ListItem","position":2,"name":"Av\u00eds legal"}]},{"@type":"WebSite","@id":"https:\/\/saezdecom.com\/ca\/#website","url":"https:\/\/saezdecom.com\/ca\/","name":"Saez Decom","description":"Backdrops, Servicios y Productos para eventots","publisher":{"@id":"https:\/\/saezdecom.com\/ca\/#organization"},"potentialAction":[{"@type":"SearchAction","target":{"@type":"EntryPoint","urlTemplate":"https:\/\/saezdecom.com\/ca\/?s={search_term_string}"},"query-input":"required name=search_term_string"}],"inLanguage":"ca"},{"@type":"Organization","@id":"https:\/\/saezdecom.com\/ca\/#organization","name":"Saez Decom","url":"https:\/\/saezdecom.com\/ca\/","logo":{"@type":"ImageObject","inLanguage":"ca","@id":"https:\/\/saezdecom.com\/ca\/#\/schema\/logo\/image\/","url":"https:\/\/saezdecom.com\/wp-content\/uploads\/2023\/07\/Logo_amb_lletres_Saez_Decom_retina.png","contentUrl":"https:\/\/saezdecom.com\/wp-content\/uploads\/2023\/07\/Logo_amb_lletres_Saez_Decom_retina.png","width":1410,"height":200,"caption":"Saez Decom"},"image":{"@id":"https:\/\/saezdecom.com\/ca\/#\/schema\/logo\/image\/"},"sameAs":["https:\/\/www.facebook.com\/saezdecomeventos\/","https:\/\/twitter.com\/saezdecom","https:\/\/www.youtube.com\/user\/saezdecom","https:\/\/www.linkedin.com\/company\/saez-decom\/","https:\/\/www.pinterest.es\/saezdecom\/","https:\/\/www.instagram.com\/saez_decom\/"]}]}},"_links":{"self":[{"href":"https:\/\/saezdecom.com\/ca\/wp-json\/wp\/v2\/pages\/23456","targetHints":{"allow":["GET"]}}],"collection":[{"href":"https:\/\/saezdecom.com\/ca\/wp-json\/wp\/v2\/pages"}],"about":[{"href":"https:\/\/saezdecom.com\/ca\/wp-json\/wp\/v2\/types\/page"}],"author":[{"embeddable":true,"href":"https:\/\/saezdecom.com\/ca\/wp-json\/wp\/v2\/users\/1"}],"replies":[{"embeddable":true,"href":"https:\/\/saezdecom.com\/ca\/wp-json\/wp\/v2\/comments?post=23456"}],"version-history":[{"count":5,"href":"https:\/\/saezdecom.com\/ca\/wp-json\/wp\/v2\/pages\/23456\/revisions"}],"predecessor-version":[{"id":23461,"href":"https:\/\/saezdecom.com\/ca\/wp-json\/wp\/v2\/pages\/23456\/revisions\/23461"}],"wp:attachment":[{"href":"https:\/\/saezdecom.com\/ca\/wp-json\/wp\/v2\/media?parent=23456"}],"curies":[{"name":"wp","href":"https:\/\/api.w.org\/{rel}","templated":true}]}}