{"id":23682,"date":"2023-08-24T13:28:44","date_gmt":"2023-08-24T11:28:44","guid":{"rendered":"https:\/\/www.saezdecom.com\/politica-cookies\/"},"modified":"2023-09-04T09:01:41","modified_gmt":"2023-09-04T07:01:41","slug":"politica-cookies","status":"publish","type":"page","link":"https:\/\/saezdecom.com\/ca\/politica-cookies\/","title":{"rendered":"Pol\u00edtica cookies"},"content":{"rendered":"<div class=\"fusion-fullwidth fullwidth-box fusion-builder-row-1 fusion-flex-container nonhundred-percent-fullwidth non-hundred-percent-height-scrolling\" style=\"--awb-border-radius-top-left:0px;--awb-border-radius-top-right:0px;--awb-border-radius-bottom-right:0px;--awb-border-radius-bottom-left:0px;\" ><div class=\"fusion-builder-row fusion-row fusion-flex-align-items-flex-start\" style=\"max-width:1320.8px;margin-left: calc(-4% \/ 2 );margin-right: calc(-4% \/ 2 );\"><div class=\"fusion-layout-column fusion_builder_column fusion-builder-column-0 fusion_builder_column_1_1 1_1 fusion-flex-column\" style=\"--awb-bg-size:cover;--awb-width-large:100%;--awb-margin-top-large:0px;--awb-spacing-right-large:1.92%;--awb-margin-bottom-large:0px;--awb-spacing-left-large:1.92%;--awb-width-medium:100%;--awb-spacing-right-medium:1.92%;--awb-spacing-left-medium:1.92%;--awb-width-small:100%;--awb-spacing-right-small:1.92%;--awb-spacing-left-small:1.92%;\"><div class=\"fusion-column-wrapper fusion-flex-justify-content-flex-start fusion-content-layout-column\"><div class=\"fusion-text fusion-text-1\"><div style=\"text-align: justify;\">\n<h2 style=\"text-align: center;\"><strong>POL\u00cdTICA DE COOKIES<\/strong><\/h2>\n<p>Aquesta p\u00e0gina web utilitza cookies per millorar l&#8217;experi\u00e8ncia de l&#8217;usuari. A continuaci\u00f3, trobareu informaci\u00f3 sobre que s\u00f3n les galetes, quin tipus de galetes utilitza aquesta p\u00e0gina, com podeu desactivar les galetes al vostre navegador i com desactivar espec\u00edficament la instal\u00b7laci\u00f3 de galetes de tercers. Si no trobeu la informaci\u00f3 espec\u00edfica que esteu buscant, si us plau envieu un correu a <b>albert@saezdecom.com<\/b>.<\/p>\n<h3><b>QU\u00c8 S\u00d3N LES COOKIES?<\/b><\/h3>\n<p>Les cookies s\u00f3n \u00fatils per diversos motius. Des d&#8217;un punt de vista t\u00e8cnic, permeten que les p\u00e0gines web funcionin de forma m\u00e9s \u00e0gil i adaptada a les vostres prefer\u00e8ncies, com emmagatzemar el vostre idioma o la moneda del vostre pa\u00eds. A m\u00e9s, ajuden els responsables dels llocs a millorar els serveis que ofereixen, gr\u00e0cies a la informaci\u00f3 estad\u00edstica que recullen a trav\u00e9s d&#8217;elles i serveixen per fer m\u00e9s eficient la publicitat que us podem mostrar.<\/p>\n<h3><b>QUIN \u00daS DONEM ALS DIFERENTS TIPUS DE COOKIES?<\/b><\/h3>\n<p><strong>Cookies de sessi\u00f3:<\/strong> Les galetes de sessi\u00f3 s\u00f3n aquelles que duren el temps que l&#8217;usuari est\u00e0 navegant per la p\u00e0gina web i s&#8217;esborren en finalitzar.<\/p>\n<p><b>Cookies persistents:<\/b> Aquestes galetes queden emmagatzemades al terminal de l&#8217;usuari, per un temps m\u00e9s llarg, facilitant aix\u00ed el control de les prefer\u00e8ncies escollides sense haver de repetir certs par\u00e0metres cada vegada que es visiti el lloc web.<\/p>\n<p><strong>Cookies pr\u00f2pies:<\/strong> S\u00f3n cookies creades pel lloc web i que nom\u00e9s poden llegir la pr\u00f2pia p\u00e0gina. Per exemple: cookies t\u00e8cniques per la c\u00e0rrega d&#8217;imatges, cookies de personalitzaci\u00f3 de par\u00e0metres de la web, cookies d&#8217;an\u00e0lisi de tr\u00e0nsit, etc.<\/p>\n<p><strong>Cookies de tercers:<\/strong> S\u00f3n cookies creades per tercers i que utilitzem per diferents serveis (per ex. An\u00e0lisi del lloc web o publicitat).<\/p>\n<p>Segons la finalitat:<\/p>\n<p><strong>Cookies t\u00e8cniques:<\/strong> Les cookies t\u00e8cniques s\u00f3n aquelles imprescindibles i estrictament necess\u00e0ries per al funcionament correcte d&#8217;un portal web i la utilitzaci\u00f3 de les diferents opcions i serveis que ofereix. Per exemple, les que serveixen per al manteniment de la sessi\u00f3, gesti\u00f3 del temps de resposta, rendiment o validaci\u00f3 d&#8217;opcions, utilitzar elements de seguretat, compartir contingut a les xarxes socials, etc.<\/p>\n<p><strong>Cookies de personalitzaci\u00f3:<\/strong> Aquestes galetes permeten a l&#8217;usuari especificar o personalitzar algunes caracter\u00edstiques de les opcions generals de la p\u00e0gina web, per exemple, definir l&#8217;idioma, configuraci\u00f3 regional o tipus de navegador.<\/p>\n<p><strong>Cookies anal\u00edtiques:<\/strong> Les galetes anal\u00edtiques s\u00f3n les utilitzades pel nostre portal web, per elaborar perfils de navegaci\u00f3 i poder con\u00e8ixer les prefer\u00e8ncies dels usuaris del mateix per millorar l&#8217;oferta de productes i serveis. Per exemple, mitjan\u00e7ant una cookie anal\u00edtica es controlarien les \u00e0rees geogr\u00e0fiques de m\u00e9s inter\u00e8s d&#8217;un usuari, quin \u00e9s el producte de m\u00e9s acceptaci\u00f3, etc.<\/p>\n<p><strong>Cookies publicit\u00e0ries:<\/strong> Les cookies publicit\u00e0ries permeten la gesti\u00f3 d&#8217;espais publicitaris en base a criteris concrets. Per exemple, la freq\u00fc\u00e8ncia d&#8217;acc\u00e9s, el contingut editat, etc. Les cookies de publicitat permeten a trav\u00e9s de la gesti\u00f3 de la publicitat emmagatzemar informaci\u00f3 del comportament a trav\u00e9s de l&#8217;observaci\u00f3 d&#8217;h\u00e0bits, estudiant els accessos i formant un perfil de prefer\u00e8ncies de l&#8217;usuari, per oferir publicitat relacionada amb els interessos del seu perfil.<\/p>\n<\/div>\n<\/div><\/div><\/div><\/div><\/div>\n","protected":false},"excerpt":{"rendered":"","protected":false},"author":1,"featured_media":0,"parent":0,"menu_order":0,"comment_status":"closed","ping_status":"closed","template":"","meta":{"footnotes":""},"class_list":["post-23682","page","type-page","status-publish","hentry"],"yoast_head":"<!-- This site is optimized with the Yoast SEO plugin v21.2 - https:\/\/yoast.com\/wordpress\/plugins\/seo\/ -->\n<title>Pol\u00edtica cookies - Saez Decom<\/title>\n<meta name=\"robots\" content=\"index, follow, max-snippet:-1, max-image-preview:large, max-video-preview:-1\" \/>\n<link rel=\"canonical\" href=\"https:\/\/saezdecom.com\/ca\/politica-cookies\/\" \/>\n<meta property=\"og:locale\" content=\"ca_ES\" \/>\n<meta property=\"og:type\" content=\"article\" \/>\n<meta property=\"og:title\" content=\"Pol\u00edtica cookies - Saez Decom\" \/>\n<meta property=\"og:url\" content=\"https:\/\/saezdecom.com\/ca\/politica-cookies\/\" \/>\n<meta property=\"og:site_name\" content=\"Saez Decom\" \/>\n<meta property=\"article:publisher\" content=\"https:\/\/www.facebook.com\/saezdecomeventos\/\" \/>\n<meta property=\"article:modified_time\" content=\"2023-09-04T07:01:41+00:00\" \/>\n<meta name=\"twitter:card\" content=\"summary_large_image\" \/>\n<meta name=\"twitter:site\" content=\"@saezdecom\" \/>\n<meta name=\"twitter:label1\" content=\"Temps estimat de lectura\" \/>\n\t<meta name=\"twitter:data1\" content=\"3 minuts\" \/>\n<script type=\"application\/ld+json\" class=\"yoast-schema-graph\">{\"@context\":\"https:\/\/schema.org\",\"@graph\":[{\"@type\":\"WebPage\",\"@id\":\"https:\/\/saezdecom.com\/ca\/politica-cookies\/\",\"url\":\"https:\/\/saezdecom.com\/ca\/politica-cookies\/\",\"name\":\"Pol\u00edtica cookies - Saez Decom\",\"isPartOf\":{\"@id\":\"https:\/\/saezdecom.com\/ca\/#website\"},\"datePublished\":\"2023-08-24T11:28:44+00:00\",\"dateModified\":\"2023-09-04T07:01:41+00:00\",\"breadcrumb\":{\"@id\":\"https:\/\/saezdecom.com\/ca\/politica-cookies\/#breadcrumb\"},\"inLanguage\":\"ca\",\"potentialAction\":[{\"@type\":\"ReadAction\",\"target\":[\"https:\/\/saezdecom.com\/ca\/politica-cookies\/\"]}]},{\"@type\":\"BreadcrumbList\",\"@id\":\"https:\/\/saezdecom.com\/ca\/politica-cookies\/#breadcrumb\",\"itemListElement\":[{\"@type\":\"ListItem\",\"position\":1,\"name\":\"Portada\",\"item\":\"https:\/\/saezdecom.com\/ca\/inicio\/\"},{\"@type\":\"ListItem\",\"position\":2,\"name\":\"Pol\u00edtica cookies\"}]},{\"@type\":\"WebSite\",\"@id\":\"https:\/\/saezdecom.com\/ca\/#website\",\"url\":\"https:\/\/saezdecom.com\/ca\/\",\"name\":\"Saez Decom\",\"description\":\"Backdrops, Servicios y Productos para eventots\",\"publisher\":{\"@id\":\"https:\/\/saezdecom.com\/ca\/#organization\"},\"potentialAction\":[{\"@type\":\"SearchAction\",\"target\":{\"@type\":\"EntryPoint\",\"urlTemplate\":\"https:\/\/saezdecom.com\/ca\/?s={search_term_string}\"},\"query-input\":\"required name=search_term_string\"}],\"inLanguage\":\"ca\"},{\"@type\":\"Organization\",\"@id\":\"https:\/\/saezdecom.com\/ca\/#organization\",\"name\":\"Saez Decom\",\"url\":\"https:\/\/saezdecom.com\/ca\/\",\"logo\":{\"@type\":\"ImageObject\",\"inLanguage\":\"ca\",\"@id\":\"https:\/\/saezdecom.com\/ca\/#\/schema\/logo\/image\/\",\"url\":\"https:\/\/saezdecom.com\/wp-content\/uploads\/2023\/07\/Logo_amb_lletres_Saez_Decom_retina.png\",\"contentUrl\":\"https:\/\/saezdecom.com\/wp-content\/uploads\/2023\/07\/Logo_amb_lletres_Saez_Decom_retina.png\",\"width\":1410,\"height\":200,\"caption\":\"Saez Decom\"},\"image\":{\"@id\":\"https:\/\/saezdecom.com\/ca\/#\/schema\/logo\/image\/\"},\"sameAs\":[\"https:\/\/www.facebook.com\/saezdecomeventos\/\",\"https:\/\/twitter.com\/saezdecom\",\"https:\/\/www.youtube.com\/user\/saezdecom\",\"https:\/\/www.linkedin.com\/company\/saez-decom\/\",\"https:\/\/www.pinterest.es\/saezdecom\/\",\"https:\/\/www.instagram.com\/saez_decom\/\"]}]}<\/script>\n<!-- \/ Yoast SEO plugin. -->","yoast_head_json":{"title":"Pol\u00edtica cookies - Saez Decom","robots":{"index":"index","follow":"follow","max-snippet":"max-snippet:-1","max-image-preview":"max-image-preview:large","max-video-preview":"max-video-preview:-1"},"canonical":"https:\/\/saezdecom.com\/ca\/politica-cookies\/","og_locale":"ca_ES","og_type":"article","og_title":"Pol\u00edtica cookies - Saez Decom","og_url":"https:\/\/saezdecom.com\/ca\/politica-cookies\/","og_site_name":"Saez Decom","article_publisher":"https:\/\/www.facebook.com\/saezdecomeventos\/","article_modified_time":"2023-09-04T07:01:41+00:00","twitter_card":"summary_large_image","twitter_site":"@saezdecom","twitter_misc":{"Temps estimat de lectura":"3 minuts"},"schema":{"@context":"https:\/\/schema.org","@graph":[{"@type":"WebPage","@id":"https:\/\/saezdecom.com\/ca\/politica-cookies\/","url":"https:\/\/saezdecom.com\/ca\/politica-cookies\/","name":"Pol\u00edtica cookies - Saez Decom","isPartOf":{"@id":"https:\/\/saezdecom.com\/ca\/#website"},"datePublished":"2023-08-24T11:28:44+00:00","dateModified":"2023-09-04T07:01:41+00:00","breadcrumb":{"@id":"https:\/\/saezdecom.com\/ca\/politica-cookies\/#breadcrumb"},"inLanguage":"ca","potentialAction":[{"@type":"ReadAction","target":["https:\/\/saezdecom.com\/ca\/politica-cookies\/"]}]},{"@type":"BreadcrumbList","@id":"https:\/\/saezdecom.com\/ca\/politica-cookies\/#breadcrumb","itemListElement":[{"@type":"ListItem","position":1,"name":"Portada","item":"https:\/\/saezdecom.com\/ca\/inicio\/"},{"@type":"ListItem","position":2,"name":"Pol\u00edtica cookies"}]},{"@type":"WebSite","@id":"https:\/\/saezdecom.com\/ca\/#website","url":"https:\/\/saezdecom.com\/ca\/","name":"Saez Decom","description":"Backdrops, Servicios y Productos para eventots","publisher":{"@id":"https:\/\/saezdecom.com\/ca\/#organization"},"potentialAction":[{"@type":"SearchAction","target":{"@type":"EntryPoint","urlTemplate":"https:\/\/saezdecom.com\/ca\/?s={search_term_string}"},"query-input":"required name=search_term_string"}],"inLanguage":"ca"},{"@type":"Organization","@id":"https:\/\/saezdecom.com\/ca\/#organization","name":"Saez Decom","url":"https:\/\/saezdecom.com\/ca\/","logo":{"@type":"ImageObject","inLanguage":"ca","@id":"https:\/\/saezdecom.com\/ca\/#\/schema\/logo\/image\/","url":"https:\/\/saezdecom.com\/wp-content\/uploads\/2023\/07\/Logo_amb_lletres_Saez_Decom_retina.png","contentUrl":"https:\/\/saezdecom.com\/wp-content\/uploads\/2023\/07\/Logo_amb_lletres_Saez_Decom_retina.png","width":1410,"height":200,"caption":"Saez Decom"},"image":{"@id":"https:\/\/saezdecom.com\/ca\/#\/schema\/logo\/image\/"},"sameAs":["https:\/\/www.facebook.com\/saezdecomeventos\/","https:\/\/twitter.com\/saezdecom","https:\/\/www.youtube.com\/user\/saezdecom","https:\/\/www.linkedin.com\/company\/saez-decom\/","https:\/\/www.pinterest.es\/saezdecom\/","https:\/\/www.instagram.com\/saez_decom\/"]}]}},"_links":{"self":[{"href":"https:\/\/saezdecom.com\/ca\/wp-json\/wp\/v2\/pages\/23682","targetHints":{"allow":["GET"]}}],"collection":[{"href":"https:\/\/saezdecom.com\/ca\/wp-json\/wp\/v2\/pages"}],"about":[{"href":"https:\/\/saezdecom.com\/ca\/wp-json\/wp\/v2\/types\/page"}],"author":[{"embeddable":true,"href":"https:\/\/saezdecom.com\/ca\/wp-json\/wp\/v2\/users\/1"}],"replies":[{"embeddable":true,"href":"https:\/\/saezdecom.com\/ca\/wp-json\/wp\/v2\/comments?post=23682"}],"version-history":[{"count":2,"href":"https:\/\/saezdecom.com\/ca\/wp-json\/wp\/v2\/pages\/23682\/revisions"}],"predecessor-version":[{"id":23684,"href":"https:\/\/saezdecom.com\/ca\/wp-json\/wp\/v2\/pages\/23682\/revisions\/23684"}],"wp:attachment":[{"href":"https:\/\/saezdecom.com\/ca\/wp-json\/wp\/v2\/media?parent=23682"}],"curies":[{"name":"wp","href":"https:\/\/api.w.org\/{rel}","templated":true}]}}