{"id":23689,"date":"2023-08-24T13:28:08","date_gmt":"2023-08-24T11:28:08","guid":{"rendered":"https:\/\/www.saezdecom.com\/politica-privacitat\/"},"modified":"2023-08-24T13:28:08","modified_gmt":"2023-08-24T11:28:08","slug":"politica-privacitat","status":"publish","type":"page","link":"https:\/\/saezdecom.com\/ca\/politica-privacitat\/","title":{"rendered":"Pol\u00edtica privacitat"},"content":{"rendered":"<div>\n<div>\n<h2 style=\"text-align: center;\">POL\u00cdTICA DE PRIVACITAT<\/h2>\n<\/div>\n<div>\n<p>En compliment del Cap\u00edtol II de la llei 34\/2002, LSSICE, us informem que la present p\u00e0gina web \u00e9s propietat de <b>SAEZ DECOM, S.L.<\/b>, d&#8217;ara endavant tamb\u00e9 el Prestador, domiciliada al <b>c\/ Marroc, 207, 08019 \u2013 Barcelona (Barcelona)<\/b>, amb CIF <b>B64087505<\/b>, tel\u00e8fon de contacte: <b>+34 931 591 565<\/b>, i email: <b>albert@saezdecom.com<\/b>.<\/p>\n<p><b>SAEZ DECOM, S.L.<\/b>., com a responsable del present Lloc Web i de conformitat amb el que disposa la normativa vigent en mat\u00e8ria de protecci\u00f3 de dades personals, el Reglament (UE) 2016\/679 de 27 d&#8217;abril de 2016 (RGPD) relatiu a la protecci\u00f3 de les persones f\u00edsiques pel que fa al tractament de dades personals ia la lliure circulaci\u00f3 d&#8217;aquestes dades, la Llei Org\u00e0nica 15\/1999, de 13 de desembre, de Protecci\u00f3 de Dades de Car\u00e0cter Personal (LOPD) i per la Llei 34\/2002, de 11 de juliol, de Serveis de la Societat de la Informaci\u00f3 i del Comer\u00e7 Electr\u00f2nic (LSSICE), t\u00e9 implementades totes les mesures de seguretat, d&#8217;\u00edndole t\u00e8cnica i organitzatives, establertes al Reial Decret 1720\/2007 de 21 de Desembre, (que desenvolupa la LOPD) per garantir i protegir la confidencialitat, integritat i disponibilitat de les dades introdu\u00efdes.<br \/>\nA l&#8217;efecte del previst a la LOPD, <b>SAEZ DECOM, S.L.<\/b> us informa que les dades que volunt\u00e0riament ens esteu facilitant seran incorporades als nostres sistemes d&#8217;informaci\u00f3 per tal de realitzar les gestions comercials i administratives necess\u00e0ries amb els usuaris de la web; Les operacions previstes per realitzar els tractaments s\u00f3n els seg\u00fcents: respondre les consultes i\/o proporcionar informacions requerides per l&#8217;Usuari; fer les prestacions de serveis i\/o productes contractats o subscrits per l&#8217;Usuari; realitzar totes aquelles activitats pr\u00f2pies de <b>SAEZ DECOM, S.L.<\/b> pel present av\u00eds legal ressenyades. i remetre el butllet\u00ed de not\u00edcies de la p\u00e0gina web.<br \/>\nEl signant garanteix la veracitat de les dades aportades i es compromet a comunicar qualsevol canvi que s&#8217;hi produeixi.<br \/>\nEl Prestador, mitjan\u00e7ant asterisc (*) a les caselles corresponents del formulari de contacte, us informa d&#8217;aquesta obligatorietat a l&#8217;Usuari, indicant quines dades s\u00f3n necess\u00e0ries. Mitjan\u00e7ant la indicaci\u00f3 i la introducci\u00f3 de les dades, l&#8217;Usuari atorga el consentiment inequ\u00edvoc a <b>SAEZ DECOM, S.L.<\/b> per procedir al tractament de les dades facilitades en pro de les finalitats esmentades.<br \/>\nNo facilitar les dades personals sol\u00b7licitades o no acceptar aquesta pol\u00edtica de protecci\u00f3 de dades suposa la impossibilitat de subscriure&#8217;s, registrar-se o rebre informaci\u00f3 dels productes i serveis del prestador.<br \/>\nDe conformitat amb el que disposen les normatives vigents en protecci\u00f3 de dades personals, el prestador est\u00e0 complint amb totes les disposicions de les normatives RGPD i LOPD per al tractament de les dades personals de la seva responsabilitat, i manifestament amb els principis descrits a l&#8217;art. 5 del RGPD ia l&#8217;art. 4 de la LOPD, pels quals s\u00f3n tractats de forma l\u00edcita, lleial i transparent en relaci\u00f3 amb linteressat i adequades, pertinents i limitats al necessari en relaci\u00f3 amb els fins per als quals s\u00f3n tractats.<br \/>\nEl Responsable garanteix que ha implementat pol\u00edtiques t\u00e8cniques i organitzatives apropiades per aplicar les mesures de seguretat establertes pel RGPD i la LOPD per protegir els drets i les llibertats dels Usuaris.<br \/>\nD&#8217;acord amb aquestes normatives, doncs, us informem que teniu dret a sol\u00b7licitar l&#8217;acc\u00e9s, rectificaci\u00f3, portabilitat i supressi\u00f3 de les vostres dades i la limitaci\u00f3 i oposici\u00f3 al vostre tractament dirigint-vos a PL. del Juez, s\/n, enviant un correu electr\u00f2nic a <b>albert@saezdecom.com<\/b>, , indicant com a Assumpte: \u201cLOPD, Drets ARCO\u201d, i adjuntant fotoc\u00f2pia del seu DNI o qualsevol mitj\u00e0 an\u00e0leg en dret, tal com indica la llei. Teniu dret a retirar el consentiment prestat en qualsevol moment. La retirada del consentiment no afecta la licitud del tractament efectuat abans de la retirada del consentiment. Tamb\u00e9 t\u00e9 dret a presentar una reclamaci\u00f3 davant l&#8217;autoritat de control si considera que els seus drets s&#8217;han vist vulnerats en relaci\u00f3 amb la protecci\u00f3 de les seves dades (agpd.es).<\/p>\n<\/div>\n<div>\n<h3><b>CONFIDENCIALITAT i CESSI\u00d3 DE DADES A TERCERS<\/b><\/h3>\n<p>Les dades que ens faciliti es tractaran de manera confidencial. El prestador ha adoptat totes les mesures t\u00e8cniques i organitzatives i tots els nivells de protecci\u00f3 necessaris per garantir la seguretat en el tractament de les dades i evitar la seva alteraci\u00f3, p\u00e8rdua, robatori, tractament o acc\u00e9s no autoritzat, at\u00e8s l&#8217;estat de la tecnologia i la natura de les dades emmagatzemades. Aix\u00ed mateix. es garanteix tamb\u00e9 que el tractament i registre en fitxers, programes, sistemes o equips, locals i centres compleixen els requisits i les condicions d&#8217;integritat i seguretat establertes a la normativa vigent.<br \/>\n<b>SAEZ DECOM, S.L.<\/b> no cedir\u00e0 les dades personals a tercers, excepte per obligaci\u00f3 legal. No obstant, en cas de ser cedides a algun tercer es produiria una informaci\u00f3 pr\u00e8via sol\u00b7licitant el consentiment expr\u00e9s per a aquesta cessi\u00f3. L&#8217;entitat responsable de la base de dades, aix\u00ed com els que intervinguin en qualsevol fase del tractament i\/o les entitats a qu\u00e8 se&#8217;ls hagi comunicat -en tot cas sempre amb la corresponent autoritzaci\u00f3 atorgada per l&#8217;usuari-, estan obligades a observar el secret professional ia l&#8217;adopci\u00f3 dels nivells de protecci\u00f3 i les mesures t\u00e8cniques i organitzatives necess\u00e0ries al seu abast per garantir la seguretat de les dades de car\u00e0cter personal, evitant, en la mesura que sigui possible, accessos no autoritzats, modificacions i l\u00edcites, sostraccions i\/o la p\u00e8rdua de les dades, a fi de procurar el corresponent nivell de seguretat dels fitxers del prestador, segons la naturalesa i sensibilitat de les dades facilitades pels usuaris del present Lloc web.<\/p>\n<\/div>\n<div>\n<h3><b>ACCEPTACI\u00d3 I CONSENTIMENT<\/b><\/h3>\n<p>L&#8217;Usuari declara haver estat informat de les condicions sobre protecci\u00f3 de dades de car\u00e0cter personal, acceptant i consentint-ne el tractament automatitzat per part de <b>SAEZ DECOM, S.L.<\/b> en la forma i per als fins indicats a la present Pol\u00edtica de Protecci\u00f3 de Dades Personals.<br \/>\nPer tant, en utilitzar aquest formulari per contactar amb <b>SAEZ DECOM, S.L.<\/b>.,est\u00e0 autoritzant expressament la utilitzaci\u00f3 de les seves dades per a l&#8217;enviament de comunicacions comercials, per qualsevol mitj\u00e0 (incloent correu electr\u00f2nic), podent anul\u00b7lar aquesta autoritzaci\u00f3 quan ho desitgi, dirigint-se a <b>SAEZ DECOM, S.L.<\/b> a trav\u00e9s dels mitjans establerts.<br \/>\nA trav\u00e9s d&#8217;aquesta Pol\u00edtica de Privadesa us informem que les fotografies que estiguin penjades a la web s\u00f3n propietat de RA\u00d3 SOCIAL , incloent les dels menors, en les quals, per a l&#8217;obtenci\u00f3 d&#8217;aquestes, s&#8217;ha obtingut el consentiment previ dels pares, tutors o representants legals mitjan\u00e7ant la signatura dels formularis realitzats a aquest efecte pels centres en qu\u00e8 els menors formen part. Aix\u00f2 no obstant, els pares, tutors o representants dels menors, com a titulars de l&#8217;exercici dels drets d&#8217;aquests, i sempre amb el requeriment formal previ per escrit, poden indicar la negativa a l&#8217;\u00fas de la imatge del menor; en aquest cas, la imatge es mostrar\u00e0 pixelada.<\/p>\n<\/div>\n<div>\n<h3><b>EXACTITUD I VERACITAT DE LES DADES<\/b><\/h3>\n<p>L&#8217;usuari \u00e9s l&#8217;\u00fanic responsable de la veracitat i correcci\u00f3 de les dades que remeti a <b>SAEZ DECOM, S.L.<\/b>, exonerant el Prestador de qualsevol responsabilitat al respecte. Els usuaris garanteixen i responen, en qualsevol cas, de l&#8217;exactitud, vig\u00e8ncia i autenticitat de les dades personals facilitades, i es comprometen a mantenir-les degudament actualitzades. L&#8217;usuari accepta proporcionar informaci\u00f3 completa i correcta al formulari de registre o subscripci\u00f3.<\/p>\n<\/div>\n<div>\n<h3><b>CONTINGUT DE LA WEB I ENLLA\u00c7OS (LINKS)<\/b><\/h3>\n<p><b>SAEZ DECOM, S.L.<\/b>. es reserva el dret a actualitzar, modificar o eliminar la informaci\u00f3 continguda a la web, podent fins i tot limitar o no permetre l&#8217;acc\u00e9s a la informaci\u00f3.<br \/>\n<b>SAEZ DECOM, S.L.<\/b>. no assumeix cap tipus de responsabilitat per la informaci\u00f3 continguda a les Webs de tercers a qu\u00e8 es pugui accedir pels &#8220;links&#8221; o enlla\u00e7os des de qualsevol p\u00e0gina Web propietat del prestador. La pres\u00e8ncia de &#8220;links&#8221; o enlla\u00e7os nom\u00e9s tenen finalitat informativa i en cap cas suposa cap suggeriment, invitaci\u00f3 o reconeixement sobre aquests.<\/p>\n<\/div>\n<div>\n<h3><b>ENVIAMENT CV<\/b><\/h3>\n<p>En cas que l&#8217;usuari envi\u00ef el seu CV a trav\u00e9s del nostre web, us informem que les dades aportades seran tractades per fer-lo part\u00edcip dels processos de selecci\u00f3 que hi pugui haver, duent a terme una an\u00e0lisi del perfil del sol\u00b7licitant amb l&#8217;objectiu de seleccionar el millor candidat per al lloc vacant del Responsable. Us informem que aquest \u00e9s l&#8217;\u00fanic procediment oficial per acceptar el vostre curr\u00edculum, per la qual cosa no s&#8217;acceptaran els curr\u00edculums remesos per un altre procediment diferent. En cas de produir-se alguna modificaci\u00f3 en les dades, us preguem ens ho comuniqueu per escrit al m\u00e9s aviat possible, a fi de mantenir les vostres dades degudament actualitzades.<br \/>\nLes dades es conservaran durant un termini m\u00e0xim d&#8217;un any, transcorregut el qual es procedir\u00e0 a la supressi\u00f3 de les dades garantint-li un total respecte a la confidencialitat tant en el tractament com en la destrucci\u00f3 posterior. En aquest sentit, transcorregut aquest termini, i si voleu continuar participant en els processos de selecci\u00f3 del Responsable, us preguem que ens remeti novament el vostre curr\u00edculum.<br \/>\nLes dades es podran tractar i\/o comunicar a les empreses integrants del nostre grup durant el temps de conservaci\u00f3 del seu curr\u00edculum i per a aquests fins abans informats.<\/p>\n<\/div>\n<div>\n<h3><b>SUBSCRIPCI\u00d3 AL BLOC D&#8217;EMPRESA<\/b><\/h3>\n<p>En cas que l&#8217;usuari se subscrigui al bloc, us informem que les dades aportades seran tractades per gestionar la vostra subscripci\u00f3 al bloc informatiu amb av\u00eds d&#8217;actualitzaci\u00f3 i que es conservaran mentre hi hagi un inter\u00e8s mutu per mantenir la fi del tractament. Quan ja no sigui necessari amb aquesta finalitat, se suprimiran amb mesures de seguretat adequades per garantir la sudonimitzaci\u00f3 de les dades o destrucci\u00f3 total de les dades. No es comunicaran les dades a tercers, tret d&#8217;obligaci\u00f3 legal.<\/p>\n<\/div>\n<div>\n<h3><b>PARTICIPACI\u00d3 EN F\u00d2RUMS <\/b><\/h3>\n<p>En cas que l&#8217;usuari vulgui participar als f\u00f2rums de la web, us informem que les dades aportades seran tractades per regular la participaci\u00f3 en el web. Qualsevol registre o transmissi\u00f3 de dades personals que l&#8217;usuari d&#8217;aquest f\u00f2rum faciliti suposa el coneixement i l&#8217;acceptaci\u00f3 inequ\u00edvoc de l&#8217;Av\u00eds Legal i la Pol\u00edtica de Privadesa exposats a la p\u00e0gina web. Les dades es conservaran mentre hi hagi un inter\u00e8s mutu per mantenir la fi del tractament i quan ja no sigui necessari per a aquesta finalitat, se suprimiran amb mesures de seguretat adequades per garantir la sudonimitzaci\u00f3 de les dades o destrucci\u00f3 total d&#8217;aquestes. Les publicacions es mostraran p\u00fablicament als usuaris del f\u00f2rum en l\u00ednia.<\/p>\n<\/div>\n<div>\n<h3><b>PUBLICACI\u00d3 DEL SEU TESTIMONI<\/b><\/h3>\n<p>En cas que l&#8217;usuari vulgui publicar la seva opini\u00f3 a la web, us informem que les dades aportades seran tractades seran per atendre els suggeriments proposats, experi\u00e8ncies o opinions respecte dels productes i\/o serveis per ser publicats a la p\u00e0gina web i aix\u00ed poder ajudar altres usuaris. Les dades es conservaran mentre hi hagi un inter\u00e8s mutu per mantenir la fi del tractament i quan ja no sigui necessari per a aquesta finalitat, se suprimiran amb mesures de seguretat adequades per garantir la sudonimitzaci\u00f3 de les dades o destrucci\u00f3 total d&#8217;aquestes. Els testimonis es publicaran a la nostra p\u00e0gina web. L&#8217;\u00fanica dada personal que es publicar\u00e0 del testimoni ser\u00e0 el seu nom.<\/p>\n<\/div>\n<div>\n<h3><b>CANVIS A LA PRESENT POL\u00cdTICA DE PRIVACITAT<\/b><\/h3>\n<p><b>SAEZ DECOM, S.L.<\/b> es reserva el dret a modificar aquesta pol\u00edtica per adaptar-la a novetats legislatives o jurisprudencials.<\/p>\n<\/div>\n<div>\n<h3><b>CORREUS COMERCIALS<\/b><\/h3>\n<div>\n<p><b>D&#8217;acord amb LSSICE, <b>SAEZ DECOM, S.L.<\/b> no fa pr\u00e0ctiques de SPAM, per tant, no envia correus comercials per e-mail que no hagin estat pr\u00e8viament sol\u00b7licitats o autoritzats per l&#8217;Usuari. En conseq\u00fc\u00e8ncia, a cadascun dels formularis de la P\u00e0gina Web, l&#8217;Usuari t\u00e9 la possibilitat de donar el seu consentiment expr\u00e9s per rebre el nostre Butllet\u00ed, amb independ\u00e8ncia de la informaci\u00f3 comercial puntualment sol\u00b7licitada.<\/b><\/p>\n<\/div>\n<div>\n<h3><b>LEGISLACI\u00d3<\/b><\/h3>\n<p>Amb car\u00e0cter general les relacions entre <b>SAEZ DECOM, S.L.<\/b> amb els Usuaris dels seus serveis telem\u00e0tics, presents en aquesta Web, estan sotmesos a la legislaci\u00f3 i jurisdicci\u00f3 espanyoles a qu\u00e8 se sotmeten expressament les parts, sent competents per a la resoluci\u00f3 de tots els conflictes derivats o relacionats amb el seu \u00fas els Jutjats i Tribunals de Lleida.<\/p>\n<\/div>\n<\/div>\n<\/div>\n","protected":false},"excerpt":{"rendered":"<p>POL\u00cdTICA DE PRIVACITAT En compliment del Cap\u00edtol II de la llei 34\/2002, [&hellip;]<\/p>\n","protected":false},"author":1,"featured_media":0,"parent":0,"menu_order":0,"comment_status":"closed","ping_status":"closed","template":"","meta":{"footnotes":""},"class_list":["post-23689","page","type-page","status-publish","hentry"],"yoast_head":"<!-- This site is optimized with the Yoast SEO plugin v21.2 - https:\/\/yoast.com\/wordpress\/plugins\/seo\/ -->\n<title>Pol\u00edtica privacitat - Saez Decom<\/title>\n<meta name=\"robots\" content=\"index, follow, max-snippet:-1, max-image-preview:large, max-video-preview:-1\" \/>\n<link rel=\"canonical\" href=\"https:\/\/saezdecom.com\/ca\/politica-privacitat\/\" \/>\n<meta property=\"og:locale\" content=\"ca_ES\" \/>\n<meta property=\"og:type\" content=\"article\" \/>\n<meta property=\"og:title\" content=\"Pol\u00edtica privacitat - Saez Decom\" \/>\n<meta property=\"og:description\" content=\"POL\u00cdTICA DE PRIVACITAT En compliment del Cap\u00edtol II de la llei 34\/2002, [&hellip;]\" \/>\n<meta property=\"og:url\" content=\"https:\/\/saezdecom.com\/ca\/politica-privacitat\/\" \/>\n<meta property=\"og:site_name\" content=\"Saez Decom\" \/>\n<meta property=\"article:publisher\" content=\"https:\/\/www.facebook.com\/saezdecomeventos\/\" \/>\n<meta name=\"twitter:card\" content=\"summary_large_image\" \/>\n<meta name=\"twitter:site\" content=\"@saezdecom\" \/>\n<meta name=\"twitter:label1\" content=\"Temps estimat de lectura\" \/>\n\t<meta name=\"twitter:data1\" content=\"10 minuts\" \/>\n<script type=\"application\/ld+json\" class=\"yoast-schema-graph\">{\"@context\":\"https:\/\/schema.org\",\"@graph\":[{\"@type\":\"WebPage\",\"@id\":\"https:\/\/saezdecom.com\/ca\/politica-privacitat\/\",\"url\":\"https:\/\/saezdecom.com\/ca\/politica-privacitat\/\",\"name\":\"Pol\u00edtica privacitat - Saez Decom\",\"isPartOf\":{\"@id\":\"https:\/\/saezdecom.com\/ca\/#website\"},\"datePublished\":\"2023-08-24T11:28:08+00:00\",\"dateModified\":\"2023-08-24T11:28:08+00:00\",\"breadcrumb\":{\"@id\":\"https:\/\/saezdecom.com\/ca\/politica-privacitat\/#breadcrumb\"},\"inLanguage\":\"ca\",\"potentialAction\":[{\"@type\":\"ReadAction\",\"target\":[\"https:\/\/saezdecom.com\/ca\/politica-privacitat\/\"]}]},{\"@type\":\"BreadcrumbList\",\"@id\":\"https:\/\/saezdecom.com\/ca\/politica-privacitat\/#breadcrumb\",\"itemListElement\":[{\"@type\":\"ListItem\",\"position\":1,\"name\":\"Portada\",\"item\":\"https:\/\/saezdecom.com\/ca\/inicio\/\"},{\"@type\":\"ListItem\",\"position\":2,\"name\":\"Pol\u00edtica privacitat\"}]},{\"@type\":\"WebSite\",\"@id\":\"https:\/\/saezdecom.com\/ca\/#website\",\"url\":\"https:\/\/saezdecom.com\/ca\/\",\"name\":\"Saez Decom\",\"description\":\"Backdrops, Servicios y Productos para eventots\",\"publisher\":{\"@id\":\"https:\/\/saezdecom.com\/ca\/#organization\"},\"potentialAction\":[{\"@type\":\"SearchAction\",\"target\":{\"@type\":\"EntryPoint\",\"urlTemplate\":\"https:\/\/saezdecom.com\/ca\/?s={search_term_string}\"},\"query-input\":\"required name=search_term_string\"}],\"inLanguage\":\"ca\"},{\"@type\":\"Organization\",\"@id\":\"https:\/\/saezdecom.com\/ca\/#organization\",\"name\":\"Saez Decom\",\"url\":\"https:\/\/saezdecom.com\/ca\/\",\"logo\":{\"@type\":\"ImageObject\",\"inLanguage\":\"ca\",\"@id\":\"https:\/\/saezdecom.com\/ca\/#\/schema\/logo\/image\/\",\"url\":\"https:\/\/saezdecom.com\/wp-content\/uploads\/2023\/07\/Logo_amb_lletres_Saez_Decom_retina.png\",\"contentUrl\":\"https:\/\/saezdecom.com\/wp-content\/uploads\/2023\/07\/Logo_amb_lletres_Saez_Decom_retina.png\",\"width\":1410,\"height\":200,\"caption\":\"Saez Decom\"},\"image\":{\"@id\":\"https:\/\/saezdecom.com\/ca\/#\/schema\/logo\/image\/\"},\"sameAs\":[\"https:\/\/www.facebook.com\/saezdecomeventos\/\",\"https:\/\/twitter.com\/saezdecom\",\"https:\/\/www.youtube.com\/user\/saezdecom\",\"https:\/\/www.linkedin.com\/company\/saez-decom\/\",\"https:\/\/www.pinterest.es\/saezdecom\/\",\"https:\/\/www.instagram.com\/saez_decom\/\"]}]}<\/script>\n<!-- \/ Yoast SEO plugin. -->","yoast_head_json":{"title":"Pol\u00edtica privacitat - Saez Decom","robots":{"index":"index","follow":"follow","max-snippet":"max-snippet:-1","max-image-preview":"max-image-preview:large","max-video-preview":"max-video-preview:-1"},"canonical":"https:\/\/saezdecom.com\/ca\/politica-privacitat\/","og_locale":"ca_ES","og_type":"article","og_title":"Pol\u00edtica privacitat - Saez Decom","og_description":"POL\u00cdTICA DE PRIVACITAT En compliment del Cap\u00edtol II de la llei 34\/2002, [&hellip;]","og_url":"https:\/\/saezdecom.com\/ca\/politica-privacitat\/","og_site_name":"Saez Decom","article_publisher":"https:\/\/www.facebook.com\/saezdecomeventos\/","twitter_card":"summary_large_image","twitter_site":"@saezdecom","twitter_misc":{"Temps estimat de lectura":"10 minuts"},"schema":{"@context":"https:\/\/schema.org","@graph":[{"@type":"WebPage","@id":"https:\/\/saezdecom.com\/ca\/politica-privacitat\/","url":"https:\/\/saezdecom.com\/ca\/politica-privacitat\/","name":"Pol\u00edtica privacitat - Saez Decom","isPartOf":{"@id":"https:\/\/saezdecom.com\/ca\/#website"},"datePublished":"2023-08-24T11:28:08+00:00","dateModified":"2023-08-24T11:28:08+00:00","breadcrumb":{"@id":"https:\/\/saezdecom.com\/ca\/politica-privacitat\/#breadcrumb"},"inLanguage":"ca","potentialAction":[{"@type":"ReadAction","target":["https:\/\/saezdecom.com\/ca\/politica-privacitat\/"]}]},{"@type":"BreadcrumbList","@id":"https:\/\/saezdecom.com\/ca\/politica-privacitat\/#breadcrumb","itemListElement":[{"@type":"ListItem","position":1,"name":"Portada","item":"https:\/\/saezdecom.com\/ca\/inicio\/"},{"@type":"ListItem","position":2,"name":"Pol\u00edtica privacitat"}]},{"@type":"WebSite","@id":"https:\/\/saezdecom.com\/ca\/#website","url":"https:\/\/saezdecom.com\/ca\/","name":"Saez Decom","description":"Backdrops, Servicios y Productos para eventots","publisher":{"@id":"https:\/\/saezdecom.com\/ca\/#organization"},"potentialAction":[{"@type":"SearchAction","target":{"@type":"EntryPoint","urlTemplate":"https:\/\/saezdecom.com\/ca\/?s={search_term_string}"},"query-input":"required name=search_term_string"}],"inLanguage":"ca"},{"@type":"Organization","@id":"https:\/\/saezdecom.com\/ca\/#organization","name":"Saez Decom","url":"https:\/\/saezdecom.com\/ca\/","logo":{"@type":"ImageObject","inLanguage":"ca","@id":"https:\/\/saezdecom.com\/ca\/#\/schema\/logo\/image\/","url":"https:\/\/saezdecom.com\/wp-content\/uploads\/2023\/07\/Logo_amb_lletres_Saez_Decom_retina.png","contentUrl":"https:\/\/saezdecom.com\/wp-content\/uploads\/2023\/07\/Logo_amb_lletres_Saez_Decom_retina.png","width":1410,"height":200,"caption":"Saez Decom"},"image":{"@id":"https:\/\/saezdecom.com\/ca\/#\/schema\/logo\/image\/"},"sameAs":["https:\/\/www.facebook.com\/saezdecomeventos\/","https:\/\/twitter.com\/saezdecom","https:\/\/www.youtube.com\/user\/saezdecom","https:\/\/www.linkedin.com\/company\/saez-decom\/","https:\/\/www.pinterest.es\/saezdecom\/","https:\/\/www.instagram.com\/saez_decom\/"]}]}},"_links":{"self":[{"href":"https:\/\/saezdecom.com\/ca\/wp-json\/wp\/v2\/pages\/23689","targetHints":{"allow":["GET"]}}],"collection":[{"href":"https:\/\/saezdecom.com\/ca\/wp-json\/wp\/v2\/pages"}],"about":[{"href":"https:\/\/saezdecom.com\/ca\/wp-json\/wp\/v2\/types\/page"}],"author":[{"embeddable":true,"href":"https:\/\/saezdecom.com\/ca\/wp-json\/wp\/v2\/users\/1"}],"replies":[{"embeddable":true,"href":"https:\/\/saezdecom.com\/ca\/wp-json\/wp\/v2\/comments?post=23689"}],"version-history":[{"count":0,"href":"https:\/\/saezdecom.com\/ca\/wp-json\/wp\/v2\/pages\/23689\/revisions"}],"wp:attachment":[{"href":"https:\/\/saezdecom.com\/ca\/wp-json\/wp\/v2\/media?parent=23689"}],"curies":[{"name":"wp","href":"https:\/\/api.w.org\/{rel}","templated":true}]}}