{"id":23977,"date":"2023-08-18T12:07:32","date_gmt":"2023-08-18T10:07:32","guid":{"rendered":"https:\/\/www.saezdecom.com\/serveis\/muntatge-devents\/event-manager\/"},"modified":"2025-03-20T10:55:05","modified_gmt":"2025-03-20T09:55:05","slug":"event-manager","status":"publish","type":"page","link":"https:\/\/saezdecom.com\/ca\/serveis\/muntatge-devents\/event-manager\/","title":{"rendered":"Event Manager"},"content":{"rendered":"<div class=\"fusion-fullwidth fullwidth-box fusion-builder-row-1 fusion-flex-container has-pattern-background has-mask-background nonhundred-percent-fullwidth non-hundred-percent-height-scrolling\" style=\"--awb-border-radius-top-left:0px;--awb-border-radius-top-right:0px;--awb-border-radius-bottom-right:0px;--awb-border-radius-bottom-left:0px;--awb-padding-bottom:5%;\" ><div class=\"fusion-builder-row fusion-row fusion-flex-align-items-flex-start fusion-flex-justify-content-center\" style=\"max-width:1320.8px;margin-left: calc(-4% \/ 2 );margin-right: calc(-4% \/ 2 );\"><div class=\"fusion-layout-column fusion_builder_column fusion-builder-column-0 fusion_builder_column_3_4 3_4 fusion-flex-column fusion-animated\" style=\"--awb-padding-right:3%;--awb-padding-right-medium:0px;--awb-bg-size:cover;--awb-width-large:75%;--awb-margin-top-large:25px;--awb-spacing-right-large:0%;--awb-margin-bottom-large:25px;--awb-spacing-left-large:2.56%;--awb-width-medium:83.333333333333%;--awb-order-medium:0;--awb-spacing-right-medium:0%;--awb-margin-bottom-medium:12px;--awb-spacing-left-medium:2.304%;--awb-width-small:100%;--awb-order-small:0;--awb-spacing-right-small:1.92%;--awb-spacing-left-small:1.92%;\" data-animationType=\"fadeInUp\" data-animationDuration=\"1.0\" data-animationOffset=\"top-into-view\" data-motion-effects=\"[{&quot;type&quot;:&quot;&quot;,&quot;scroll_type&quot;:&quot;transition&quot;,&quot;scroll_direction&quot;:&quot;up&quot;,&quot;transition_speed&quot;:&quot;1&quot;,&quot;fade_type&quot;:&quot;in&quot;,&quot;scale_type&quot;:&quot;up&quot;,&quot;initial_scale&quot;:&quot;1&quot;,&quot;max_scale&quot;:&quot;1.5&quot;,&quot;min_scale&quot;:&quot;0.5&quot;,&quot;initial_rotate&quot;:&quot;0&quot;,&quot;end_rotate&quot;:&quot;30&quot;,&quot;initial_blur&quot;:&quot;0&quot;,&quot;end_blur&quot;:&quot;3&quot;,&quot;start_element&quot;:&quot;top&quot;,&quot;start_viewport&quot;:&quot;bottom&quot;,&quot;end_element&quot;:&quot;bottom&quot;,&quot;end_viewport&quot;:&quot;top&quot;,&quot;mouse_effect&quot;:&quot;track&quot;,&quot;mouse_effect_direction&quot;:&quot;opposite&quot;,&quot;mouse_effect_speed&quot;:&quot;2&quot;,&quot;infinite_animation&quot;:&quot;float&quot;,&quot;infinite_animation_speed&quot;:&quot;2&quot;}]\" data-scroll-devices=\"small-visibility,medium-visibility,large-visibility\"><div class=\"fusion-column-wrapper fusion-column-has-shadow fusion-flex-justify-content-flex-start fusion-content-layout-column\"><div class=\"fusion-title title fusion-title-1 fusion-sep-none fusion-title-center fusion-title-text fusion-title-size-two\" style=\"--awb-text-color:rgba(0,0,0,0.04);--awb-font-size:70px;\"><h2 class=\"title-heading-center fusion-responsive-typography-calculated\" style=\"font-family:&quot;Lato&quot;;font-style:normal;font-weight:900;margin:0;font-size:1em;--fontSize:70;line-height:1.26;\">EVENT MANAGER<\/h2><\/div><div class=\"fusion-title title fusion-title-2 fusion-sep-none fusion-title-center fusion-title-text fusion-title-size-two\" style=\"--awb-margin-top:-85px;--awb-margin-top-small:-83px;\"><h2 class=\"title-heading-center fusion-responsive-typography-calculated\" style=\"margin:0;--fontSize:44;line-height:1.26;\"><h3>EVENT MANAGER<\/h3><\/h2><\/div><div class=\"fusion-text fusion-text-1\" style=\"--awb-content-alignment:center;\"><p>A Saez Decom comptem amb la col\u00b7laboraci\u00f3 dels millors professionals del sector i <strong>cuidem<\/strong>, en cadascun dels nostres projectes, <strong>el m\u00ednim detall<\/strong>.<\/p>\n<p>El nostre Event Manager ha dissenyat, organitzat i muntat un llarg nombre d&#8217;esdeveniments, tant de petita i mitjana empresa com de grans marques o multinacionals. Al nostre portafoli podr\u00e0s veure alguns dels projectes realitzats i per a quin tipus d&#8217;empreses treballem. Organitzem tot tipus d&#8217;esdeveniments: presentacions de productes i serveis, esdeveniments en hotels, casaments, xerrades, estands a congressos i fires, etc.<\/p>\n<p>Si voleu organitzar un esdeveniment, per\u00f2 no sabeu quines s\u00f3n les millors opcions i quin \u00e9s el cam\u00ed a seguir per obtenir l&#8217;\u00e8xit total, us oferim el nostre servei de contractaci\u00f3 d&#8217;Event Manager que <strong>s&#8217;encarregar\u00e0 de tot el necessari<\/strong>, de principi a fi.<\/p>\n<p>Ens <strong><a href=\"https:\/\/saezdecom.com\/ca\/serveis\/backdrops\/backdrops-a-mida\/\">ocuparem del disseny dels backdrops a mida<\/a><\/strong>, l&#8217;elecci\u00f3 de terres o dels ign\u00edfugs, fins a l&#8217;organitzaci\u00f3 de personal, recursos i timing necessaris per fabricar, muntar, col\u00b7locar i desmuntar els nostres productes.<\/p>\n<p>Organitzar un esdeveniment pot ser una mica estressant i complex per la diversitat d&#8217;aspectes que cal coordinar. Pots contactar amb nosaltres perqu\u00e8 fem la gesti\u00f3 completa, seguint en tot moment la l\u00ednia de treball que haguem acordat.<\/p>\n<p>Quan es tracta de lorganitzaci\u00f3 desdeveniments corporatius, cada detall compta. El nostre equip de <a href=\"https:\/\/www.instagram.com\/p\/CyjHGymLy9N\/?utm_source=ig_web_copy_link&amp;igsh=MzRlODBiNWFlZA==\">Event Managers<\/a> \u00e9s aqu\u00ed per assegurar-se que el teu esdeveniment sigui tot el que has somiat i m\u00e9s. Des de la conceptualitzaci\u00f3 fins a l&#8217;execuci\u00f3, ens encarreguem de cada aspecte, permetent relaxar-te i gaudir del proc\u00e9s. Amb una combinaci\u00f3 de creativitat, experi\u00e8ncia i atenci\u00f3 al detall, treballem incansablement per garantir que cada moment sigui memorable i que les teves expectatives siguin superades. Ja sigui un esdeveniment corporatiu, una confer\u00e8ncia o una celebraci\u00f3 especial, confia en nosaltres per fer que cada detall brilli. Deixa que els nostres Event Managers converteixin la teva visi\u00f3 en realitat i cre\u00efn un esdeveniment que deixar\u00e0 una impressi\u00f3 duradora en tots els assistents!<\/p>\n<\/div><div class=\"fusion-image-element \" style=\"text-align:center;--awb-margin-top:20px;--awb-caption-title-font-family:var(--h2_typography-font-family);--awb-caption-title-font-weight:var(--h2_typography-font-weight);--awb-caption-title-font-style:var(--h2_typography-font-style);--awb-caption-title-size:var(--h2_typography-font-size);--awb-caption-title-transform:var(--h2_typography-text-transform);--awb-caption-title-line-height:var(--h2_typography-line-height);--awb-caption-title-letter-spacing:var(--h2_typography-letter-spacing);\"><span class=\" fusion-imageframe imageframe-none imageframe-1 hover-type-none\" class=\"image-magnify\" class=\"image-scroll\"><img  decoding=\"async\" width=\"840\" height=\"420\" title=\"Event_Manager_Saez_Decom_01\"  src=\"data:image\/gif;base64,R0lGODlhAQABAIAAAAAAAP\/\/\/yH5BAEAAAAALAAAAAABAAEAAAIBRAA7\" data-lazy-src=\"https:\/\/saezdecom.com\/wp-content\/uploads\/2023\/08\/Event_Manager_Saez_Decom_01.png\"  alt class=\"img-responsive wp-image-23136\"\/><noscript><img  decoding=\"async\" width=\"840\" height=\"420\" title=\"Event_Manager_Saez_Decom_01\"  src=\"https:\/\/saezdecom.com\/wp-content\/uploads\/2023\/08\/Event_Manager_Saez_Decom_01.png\"  alt class=\"img-responsive wp-image-23136\"\/><\/noscript><\/span><\/div><\/div><\/div><\/div><\/div>\n","protected":false},"excerpt":{"rendered":"","protected":false},"author":1,"featured_media":0,"parent":23965,"menu_order":0,"comment_status":"closed","ping_status":"closed","template":"100-width.php","meta":{"footnotes":""},"class_list":["post-23977","page","type-page","status-publish","hentry"],"yoast_head":"<!-- This site is optimized with the Yoast SEO plugin v21.2 - https:\/\/yoast.com\/wordpress\/plugins\/seo\/ -->\n<title>Event Manager - Saez Decom<\/title>\n<meta name=\"description\" content=\"Deixa que el nostre equip de Event Manager s&#039;encarregui de cada detall del teu esdeveniment. Des de la planificaci\u00f3 fins a l&#039;execuci\u00f3, ens assegurem que cada aspecte es faci servir amb professionalisme i precisi\u00f3.\" \/>\n<meta name=\"robots\" content=\"index, follow, max-snippet:-1, max-image-preview:large, max-video-preview:-1\" \/>\n<link rel=\"canonical\" href=\"https:\/\/saezdecom.com\/ca\/serveis\/muntatge-devents\/event-manager\/\" \/>\n<meta property=\"og:locale\" content=\"ca_ES\" \/>\n<meta property=\"og:type\" content=\"article\" \/>\n<meta property=\"og:title\" content=\"Event Manager - Saez Decom\" \/>\n<meta property=\"og:description\" content=\"Deixa que el nostre equip de Event Manager s&#039;encarregui de cada detall del teu esdeveniment. Des de la planificaci\u00f3 fins a l&#039;execuci\u00f3, ens assegurem que cada aspecte es faci servir amb professionalisme i precisi\u00f3.\" \/>\n<meta property=\"og:url\" content=\"https:\/\/saezdecom.com\/ca\/serveis\/muntatge-devents\/event-manager\/\" \/>\n<meta property=\"og:site_name\" content=\"Saez Decom\" \/>\n<meta property=\"article:publisher\" content=\"https:\/\/www.facebook.com\/saezdecomeventos\/\" \/>\n<meta property=\"article:modified_time\" content=\"2025-03-20T09:55:05+00:00\" \/>\n<meta name=\"twitter:card\" content=\"summary_large_image\" \/>\n<meta name=\"twitter:site\" content=\"@saezdecom\" \/>\n<meta name=\"twitter:label1\" content=\"Temps estimat de lectura\" \/>\n\t<meta name=\"twitter:data1\" content=\"7 minuts\" \/>\n<script type=\"application\/ld+json\" class=\"yoast-schema-graph\">{\"@context\":\"https:\/\/schema.org\",\"@graph\":[{\"@type\":\"WebPage\",\"@id\":\"https:\/\/saezdecom.com\/ca\/serveis\/muntatge-devents\/event-manager\/\",\"url\":\"https:\/\/saezdecom.com\/ca\/serveis\/muntatge-devents\/event-manager\/\",\"name\":\"Event Manager - Saez Decom\",\"isPartOf\":{\"@id\":\"https:\/\/saezdecom.com\/ca\/#website\"},\"datePublished\":\"2023-08-18T10:07:32+00:00\",\"dateModified\":\"2025-03-20T09:55:05+00:00\",\"description\":\"Deixa que el nostre equip de Event Manager s'encarregui de cada detall del teu esdeveniment. Des de la planificaci\u00f3 fins a l'execuci\u00f3, ens assegurem que cada aspecte es faci servir amb professionalisme i precisi\u00f3.\",\"breadcrumb\":{\"@id\":\"https:\/\/saezdecom.com\/ca\/serveis\/muntatge-devents\/event-manager\/#breadcrumb\"},\"inLanguage\":\"ca\",\"potentialAction\":[{\"@type\":\"ReadAction\",\"target\":[\"https:\/\/saezdecom.com\/ca\/serveis\/muntatge-devents\/event-manager\/\"]}]},{\"@type\":\"BreadcrumbList\",\"@id\":\"https:\/\/saezdecom.com\/ca\/serveis\/muntatge-devents\/event-manager\/#breadcrumb\",\"itemListElement\":[{\"@type\":\"ListItem\",\"position\":1,\"name\":\"Portada\",\"item\":\"https:\/\/saezdecom.com\/ca\/inicio\/\"},{\"@type\":\"ListItem\",\"position\":2,\"name\":\"Serveis\",\"item\":\"https:\/\/saezdecom.com\/ca\/serveis\/\"},{\"@type\":\"ListItem\",\"position\":3,\"name\":\"Muntatge d&#8217;events\",\"item\":\"https:\/\/saezdecom.com\/ca\/serveis\/muntatge-devents\/\"},{\"@type\":\"ListItem\",\"position\":4,\"name\":\"Event Manager\"}]},{\"@type\":\"WebSite\",\"@id\":\"https:\/\/saezdecom.com\/ca\/#website\",\"url\":\"https:\/\/saezdecom.com\/ca\/\",\"name\":\"Saez Decom\",\"description\":\"Backdrops, Servicios y Productos para eventots\",\"publisher\":{\"@id\":\"https:\/\/saezdecom.com\/ca\/#organization\"},\"potentialAction\":[{\"@type\":\"SearchAction\",\"target\":{\"@type\":\"EntryPoint\",\"urlTemplate\":\"https:\/\/saezdecom.com\/ca\/?s={search_term_string}\"},\"query-input\":\"required name=search_term_string\"}],\"inLanguage\":\"ca\"},{\"@type\":\"Organization\",\"@id\":\"https:\/\/saezdecom.com\/ca\/#organization\",\"name\":\"Saez Decom\",\"url\":\"https:\/\/saezdecom.com\/ca\/\",\"logo\":{\"@type\":\"ImageObject\",\"inLanguage\":\"ca\",\"@id\":\"https:\/\/saezdecom.com\/ca\/#\/schema\/logo\/image\/\",\"url\":\"https:\/\/saezdecom.com\/wp-content\/uploads\/2023\/07\/Logo_amb_lletres_Saez_Decom_retina.png\",\"contentUrl\":\"https:\/\/saezdecom.com\/wp-content\/uploads\/2023\/07\/Logo_amb_lletres_Saez_Decom_retina.png\",\"width\":1410,\"height\":200,\"caption\":\"Saez Decom\"},\"image\":{\"@id\":\"https:\/\/saezdecom.com\/ca\/#\/schema\/logo\/image\/\"},\"sameAs\":[\"https:\/\/www.facebook.com\/saezdecomeventos\/\",\"https:\/\/twitter.com\/saezdecom\",\"https:\/\/www.youtube.com\/user\/saezdecom\",\"https:\/\/www.linkedin.com\/company\/saez-decom\/\",\"https:\/\/www.pinterest.es\/saezdecom\/\",\"https:\/\/www.instagram.com\/saez_decom\/\"]}]}<\/script>\n<!-- \/ Yoast SEO plugin. -->","yoast_head_json":{"title":"Event Manager - Saez Decom","description":"Deixa que el nostre equip de Event Manager s'encarregui de cada detall del teu esdeveniment. Des de la planificaci\u00f3 fins a l'execuci\u00f3, ens assegurem que cada aspecte es faci servir amb professionalisme i precisi\u00f3.","robots":{"index":"index","follow":"follow","max-snippet":"max-snippet:-1","max-image-preview":"max-image-preview:large","max-video-preview":"max-video-preview:-1"},"canonical":"https:\/\/saezdecom.com\/ca\/serveis\/muntatge-devents\/event-manager\/","og_locale":"ca_ES","og_type":"article","og_title":"Event Manager - Saez Decom","og_description":"Deixa que el nostre equip de Event Manager s'encarregui de cada detall del teu esdeveniment. Des de la planificaci\u00f3 fins a l'execuci\u00f3, ens assegurem que cada aspecte es faci servir amb professionalisme i precisi\u00f3.","og_url":"https:\/\/saezdecom.com\/ca\/serveis\/muntatge-devents\/event-manager\/","og_site_name":"Saez Decom","article_publisher":"https:\/\/www.facebook.com\/saezdecomeventos\/","article_modified_time":"2025-03-20T09:55:05+00:00","twitter_card":"summary_large_image","twitter_site":"@saezdecom","twitter_misc":{"Temps estimat de lectura":"7 minuts"},"schema":{"@context":"https:\/\/schema.org","@graph":[{"@type":"WebPage","@id":"https:\/\/saezdecom.com\/ca\/serveis\/muntatge-devents\/event-manager\/","url":"https:\/\/saezdecom.com\/ca\/serveis\/muntatge-devents\/event-manager\/","name":"Event Manager - Saez Decom","isPartOf":{"@id":"https:\/\/saezdecom.com\/ca\/#website"},"datePublished":"2023-08-18T10:07:32+00:00","dateModified":"2025-03-20T09:55:05+00:00","description":"Deixa que el nostre equip de Event Manager s'encarregui de cada detall del teu esdeveniment. Des de la planificaci\u00f3 fins a l'execuci\u00f3, ens assegurem que cada aspecte es faci servir amb professionalisme i precisi\u00f3.","breadcrumb":{"@id":"https:\/\/saezdecom.com\/ca\/serveis\/muntatge-devents\/event-manager\/#breadcrumb"},"inLanguage":"ca","potentialAction":[{"@type":"ReadAction","target":["https:\/\/saezdecom.com\/ca\/serveis\/muntatge-devents\/event-manager\/"]}]},{"@type":"BreadcrumbList","@id":"https:\/\/saezdecom.com\/ca\/serveis\/muntatge-devents\/event-manager\/#breadcrumb","itemListElement":[{"@type":"ListItem","position":1,"name":"Portada","item":"https:\/\/saezdecom.com\/ca\/inicio\/"},{"@type":"ListItem","position":2,"name":"Serveis","item":"https:\/\/saezdecom.com\/ca\/serveis\/"},{"@type":"ListItem","position":3,"name":"Muntatge d&#8217;events","item":"https:\/\/saezdecom.com\/ca\/serveis\/muntatge-devents\/"},{"@type":"ListItem","position":4,"name":"Event Manager"}]},{"@type":"WebSite","@id":"https:\/\/saezdecom.com\/ca\/#website","url":"https:\/\/saezdecom.com\/ca\/","name":"Saez Decom","description":"Backdrops, Servicios y Productos para eventots","publisher":{"@id":"https:\/\/saezdecom.com\/ca\/#organization"},"potentialAction":[{"@type":"SearchAction","target":{"@type":"EntryPoint","urlTemplate":"https:\/\/saezdecom.com\/ca\/?s={search_term_string}"},"query-input":"required name=search_term_string"}],"inLanguage":"ca"},{"@type":"Organization","@id":"https:\/\/saezdecom.com\/ca\/#organization","name":"Saez Decom","url":"https:\/\/saezdecom.com\/ca\/","logo":{"@type":"ImageObject","inLanguage":"ca","@id":"https:\/\/saezdecom.com\/ca\/#\/schema\/logo\/image\/","url":"https:\/\/saezdecom.com\/wp-content\/uploads\/2023\/07\/Logo_amb_lletres_Saez_Decom_retina.png","contentUrl":"https:\/\/saezdecom.com\/wp-content\/uploads\/2023\/07\/Logo_amb_lletres_Saez_Decom_retina.png","width":1410,"height":200,"caption":"Saez Decom"},"image":{"@id":"https:\/\/saezdecom.com\/ca\/#\/schema\/logo\/image\/"},"sameAs":["https:\/\/www.facebook.com\/saezdecomeventos\/","https:\/\/twitter.com\/saezdecom","https:\/\/www.youtube.com\/user\/saezdecom","https:\/\/www.linkedin.com\/company\/saez-decom\/","https:\/\/www.pinterest.es\/saezdecom\/","https:\/\/www.instagram.com\/saez_decom\/"]}]}},"_links":{"self":[{"href":"https:\/\/saezdecom.com\/ca\/wp-json\/wp\/v2\/pages\/23977","targetHints":{"allow":["GET"]}}],"collection":[{"href":"https:\/\/saezdecom.com\/ca\/wp-json\/wp\/v2\/pages"}],"about":[{"href":"https:\/\/saezdecom.com\/ca\/wp-json\/wp\/v2\/types\/page"}],"author":[{"embeddable":true,"href":"https:\/\/saezdecom.com\/ca\/wp-json\/wp\/v2\/users\/1"}],"replies":[{"embeddable":true,"href":"https:\/\/saezdecom.com\/ca\/wp-json\/wp\/v2\/comments?post=23977"}],"version-history":[{"count":6,"href":"https:\/\/saezdecom.com\/ca\/wp-json\/wp\/v2\/pages\/23977\/revisions"}],"predecessor-version":[{"id":26407,"href":"https:\/\/saezdecom.com\/ca\/wp-json\/wp\/v2\/pages\/23977\/revisions\/26407"}],"up":[{"embeddable":true,"href":"https:\/\/saezdecom.com\/ca\/wp-json\/wp\/v2\/pages\/23965"}],"wp:attachment":[{"href":"https:\/\/saezdecom.com\/ca\/wp-json\/wp\/v2\/media?parent=23977"}],"curies":[{"name":"wp","href":"https:\/\/api.w.org\/{rel}","templated":true}]}}