{"id":24844,"date":"2018-05-22T23:53:45","date_gmt":"2018-05-22T21:53:45","guid":{"rendered":"https:\/\/www.saezdecom.com\/producto\/cortines-ignifugues-de-stage-molton-300gr-en-blanc\/"},"modified":"2023-09-22T20:04:44","modified_gmt":"2023-09-22T18:04:44","slug":"cortinas-ignifugas-de-stage-molton-300gr","status":"publish","type":"product","link":"https:\/\/saezdecom.com\/ca\/producto\/cortinas-ignifugas-de-stage-molton-300gr\/","title":{"rendered":"Cortines ign\u00edfugues de Stage Molton 300gr en blanc"},"content":{"rendered":"<p>Totes les nostres cortines ign\u00edfugues s\u00f3n ideals per a esdeveniments de tota mena. Perfectes per a diferents aplicacions com ara absorbir so gr\u00e0cies al seu gramatge, aix\u00ed com telons de fons per a teatres, etc.<\/p>\n<p>A Saez Decom nom\u00e9s venem cortines duradores, resistents i amb un acabat excel\u00b7lent. Aquesta cortina ve preparada per utilitzar immediatament despr\u00e9s de la compra.<\/p>\n<p>T&#8217;oferim les millors cortines ign\u00edfugues de tot el mercat, comptem a la nostra botiga online amb cortines fabricades a Europa, les quals han passat controls de qualitat i han superat totes les proves per a ign\u00edfugs, totes les nostres cortines compleixen amb els requisits de classe B1 per a ign\u00edfugs , segons la normativa DIN 4102 B1+ FR M1 \/ EN 13773<\/p>\n<p>Les Cortines ign\u00edfugues de Stage Molton 300gr en blanc estan fabricades en 100% cot\u00f3, amb ollats cada 25 cm. El producte nom\u00e9s est\u00e0 disponible en color blanc.<\/p>\n<p>Tenim les cortines de m\u00e9s qualitat al millor preu.<\/p>\n<p>Si tens qualsevol dubte sobre quina cortina hauries d&#8217;utilitzar al teu esdeveniment, posa&#8217;t en <a href=\"https:\/\/saezdecom.com\/contacto\/\">contacte<\/a> via formulari de contacte o truca&#8217;ns directament a les nostres oficines i t&#8217;atendrem encantats.<\/p>\n","protected":false},"excerpt":{"rendered":"<ul>\n<li>Cortina d\u02bbescenari confeccionada amb teixit de 100% cot\u00f3<\/li>\n<li>Propietat ign\u00edfuga segons DIN 4102 B1+ FR M1 \/ EN 13773<\/li>\n<li>Qualitat: 300 g\/m\u00b2<\/li>\n<li>Confecci\u00f3: Vora superior amb banda de refor\u00e7 cosida amb traus de llaut\u00f3 de 15 mm de di\u00e0metre interior cada 25 cm<\/li>\n<li>Vores laterals amb vora cosida<\/li>\n<li>Vores inferiors amb rivet<\/li>\n<li>Mesures: Comptem amb diverses mides disponibles per a aquest model: 3&#215;3, 3&#215;4, 3&#215;5, 3&#215;6, 4&#215;3, 5&#215;3, 6&#215;3, 6&#215;4, 9&#215;3 i 9&#215;6 (Amplada inclosa amb els traus)<\/li>\n<li>Color: Blanc<\/li>\n<li>Fabricada a Alemanya<\/li>\n<li>Comanda m\u00ednima 5 cortines.<\/li>\n<li><strong>Els terminis de lliurament per a productes confeccionats s\u00f3n de 2 a 3 setmanes + temps d&#8217;enviament.<\/strong><\/li>\n<li>A causa de la pujada constant de les mat\u00e8ries primeres, principalment del cot\u00f3, aquests preus s\u00f3n considerats com a orientatius. Per consultes feu clic <a href=\"https:\/\/saezdecom.com\/contacto\/\">aqu\u00ed<\/a>.<\/li>\n<\/ul>\n","protected":false},"featured_media":23438,"template":"","meta":[],"product_cat":[208],"product_tag":[],"class_list":["post-24844","product","type-product","status-publish","has-post-thumbnail","hentry","product_cat-cortines-ignifugues","product_shipping_class-productos-confeccionados"],"yoast_head":"<!-- This site is optimized with the Yoast SEO plugin v21.2 - https:\/\/yoast.com\/wordpress\/plugins\/seo\/ -->\n<title>Cortines ign\u00edfugues de Stage Molton de 300gr en diferents mides<\/title>\n<meta name=\"description\" content=\"Posem a la teva disposici\u00f3 les millors cortines ign\u00edfugues de Stage Molton de 300gr, en diferents mides i color blanc. Descobreix-les!\" \/>\n<meta name=\"robots\" content=\"index, follow, max-snippet:-1, max-image-preview:large, max-video-preview:-1\" \/>\n<link rel=\"canonical\" href=\"https:\/\/saezdecom.com\/ca\/producto\/cortinas-ignifugas-de-stage-molton-300gr\/\" \/>\n<meta property=\"og:locale\" content=\"ca_ES\" \/>\n<meta property=\"og:type\" content=\"article\" \/>\n<meta property=\"og:title\" content=\"Cortines ign\u00edfugues de Stage Molton de 300gr en diferents mides\" \/>\n<meta property=\"og:description\" content=\"Posem a la teva disposici\u00f3 les millors cortines ign\u00edfugues de Stage Molton de 300gr, en diferents mides i color blanc. Descobreix-les!\" \/>\n<meta property=\"og:url\" content=\"https:\/\/saezdecom.com\/ca\/producto\/cortinas-ignifugas-de-stage-molton-300gr\/\" \/>\n<meta property=\"og:site_name\" content=\"Saez Decom\" \/>\n<meta property=\"article:publisher\" content=\"https:\/\/www.facebook.com\/saezdecomeventos\/\" \/>\n<meta property=\"article:modified_time\" content=\"2023-09-22T18:04:44+00:00\" \/>\n<meta property=\"og:image\" content=\"https:\/\/www.saezdecom.es\/wp-content\/uploads\/2018\/05\/cortinas-ignifugas-001.jpg\" \/>\n\t<meta property=\"og:image:width\" content=\"800\" \/>\n\t<meta property=\"og:image:height\" content=\"600\" \/>\n\t<meta property=\"og:image:type\" content=\"image\/jpeg\" \/>\n<meta name=\"twitter:card\" content=\"summary_large_image\" \/>\n<meta name=\"twitter:site\" content=\"@saezdecom\" \/>\n<meta name=\"twitter:label1\" content=\"Temps estimat de lectura\" \/>\n\t<meta name=\"twitter:data1\" content=\"1 minut\" \/>\n<script type=\"application\/ld+json\" class=\"yoast-schema-graph\">{\"@context\":\"https:\/\/schema.org\",\"@graph\":[{\"@type\":\"WebPage\",\"@id\":\"https:\/\/saezdecom.com\/ca\/producto\/cortinas-ignifugas-de-stage-molton-300gr\/\",\"url\":\"https:\/\/saezdecom.com\/ca\/producto\/cortinas-ignifugas-de-stage-molton-300gr\/\",\"name\":\"Cortines ign\u00edfugues de Stage Molton de 300gr en diferents mides\",\"isPartOf\":{\"@id\":\"https:\/\/saezdecom.com\/ca\/#website\"},\"datePublished\":\"2018-05-22T21:53:45+00:00\",\"dateModified\":\"2023-09-22T18:04:44+00:00\",\"description\":\"Posem a la teva disposici\u00f3 les millors cortines ign\u00edfugues de Stage Molton de 300gr, en diferents mides i color blanc. Descobreix-les!\",\"breadcrumb\":{\"@id\":\"https:\/\/saezdecom.com\/ca\/producto\/cortinas-ignifugas-de-stage-molton-300gr\/#breadcrumb\"},\"inLanguage\":\"ca\",\"potentialAction\":[{\"@type\":\"ReadAction\",\"target\":[\"https:\/\/saezdecom.com\/ca\/producto\/cortinas-ignifugas-de-stage-molton-300gr\/\"]}]},{\"@type\":\"BreadcrumbList\",\"@id\":\"https:\/\/saezdecom.com\/ca\/producto\/cortinas-ignifugas-de-stage-molton-300gr\/#breadcrumb\",\"itemListElement\":[{\"@type\":\"ListItem\",\"position\":1,\"name\":\"Portada\",\"item\":\"https:\/\/saezdecom.com\/ca\/inicio\/\"},{\"@type\":\"ListItem\",\"position\":2,\"name\":\"Botiga\",\"item\":\"https:\/\/www.saezdecom.es\/ca\/botiga\/\"},{\"@type\":\"ListItem\",\"position\":3,\"name\":\"Cortines ign\u00edfugues de Stage Molton 300gr en blanc\"}]},{\"@type\":\"WebSite\",\"@id\":\"https:\/\/saezdecom.com\/ca\/#website\",\"url\":\"https:\/\/saezdecom.com\/ca\/\",\"name\":\"Saez Decom\",\"description\":\"Backdrops, Servicios y Productos para eventots\",\"publisher\":{\"@id\":\"https:\/\/saezdecom.com\/ca\/#organization\"},\"potentialAction\":[{\"@type\":\"SearchAction\",\"target\":{\"@type\":\"EntryPoint\",\"urlTemplate\":\"https:\/\/saezdecom.com\/ca\/?s={search_term_string}\"},\"query-input\":\"required name=search_term_string\"}],\"inLanguage\":\"ca\"},{\"@type\":\"Organization\",\"@id\":\"https:\/\/saezdecom.com\/ca\/#organization\",\"name\":\"Saez Decom\",\"url\":\"https:\/\/saezdecom.com\/ca\/\",\"logo\":{\"@type\":\"ImageObject\",\"inLanguage\":\"ca\",\"@id\":\"https:\/\/saezdecom.com\/ca\/#\/schema\/logo\/image\/\",\"url\":\"https:\/\/saezdecom.com\/wp-content\/uploads\/2023\/07\/Logo_amb_lletres_Saez_Decom_retina.png\",\"contentUrl\":\"https:\/\/saezdecom.com\/wp-content\/uploads\/2023\/07\/Logo_amb_lletres_Saez_Decom_retina.png\",\"width\":1410,\"height\":200,\"caption\":\"Saez Decom\"},\"image\":{\"@id\":\"https:\/\/saezdecom.com\/ca\/#\/schema\/logo\/image\/\"},\"sameAs\":[\"https:\/\/www.facebook.com\/saezdecomeventos\/\",\"https:\/\/twitter.com\/saezdecom\",\"https:\/\/www.youtube.com\/user\/saezdecom\",\"https:\/\/www.linkedin.com\/company\/saez-decom\/\",\"https:\/\/www.pinterest.es\/saezdecom\/\",\"https:\/\/www.instagram.com\/saez_decom\/\"]}]}<\/script>\n<!-- \/ Yoast SEO plugin. -->","yoast_head_json":{"title":"Cortines ign\u00edfugues de Stage Molton de 300gr en diferents mides","description":"Posem a la teva disposici\u00f3 les millors cortines ign\u00edfugues de Stage Molton de 300gr, en diferents mides i color blanc. Descobreix-les!","robots":{"index":"index","follow":"follow","max-snippet":"max-snippet:-1","max-image-preview":"max-image-preview:large","max-video-preview":"max-video-preview:-1"},"canonical":"https:\/\/saezdecom.com\/ca\/producto\/cortinas-ignifugas-de-stage-molton-300gr\/","og_locale":"ca_ES","og_type":"article","og_title":"Cortines ign\u00edfugues de Stage Molton de 300gr en diferents mides","og_description":"Posem a la teva disposici\u00f3 les millors cortines ign\u00edfugues de Stage Molton de 300gr, en diferents mides i color blanc. Descobreix-les!","og_url":"https:\/\/saezdecom.com\/ca\/producto\/cortinas-ignifugas-de-stage-molton-300gr\/","og_site_name":"Saez Decom","article_publisher":"https:\/\/www.facebook.com\/saezdecomeventos\/","article_modified_time":"2023-09-22T18:04:44+00:00","og_image":[{"width":800,"height":600,"url":"https:\/\/www.saezdecom.es\/wp-content\/uploads\/2018\/05\/cortinas-ignifugas-001.jpg","type":"image\/jpeg"}],"twitter_card":"summary_large_image","twitter_site":"@saezdecom","twitter_misc":{"Temps estimat de lectura":"1 minut"},"schema":{"@context":"https:\/\/schema.org","@graph":[{"@type":"WebPage","@id":"https:\/\/saezdecom.com\/ca\/producto\/cortinas-ignifugas-de-stage-molton-300gr\/","url":"https:\/\/saezdecom.com\/ca\/producto\/cortinas-ignifugas-de-stage-molton-300gr\/","name":"Cortines ign\u00edfugues de Stage Molton de 300gr en diferents mides","isPartOf":{"@id":"https:\/\/saezdecom.com\/ca\/#website"},"datePublished":"2018-05-22T21:53:45+00:00","dateModified":"2023-09-22T18:04:44+00:00","description":"Posem a la teva disposici\u00f3 les millors cortines ign\u00edfugues de Stage Molton de 300gr, en diferents mides i color blanc. Descobreix-les!","breadcrumb":{"@id":"https:\/\/saezdecom.com\/ca\/producto\/cortinas-ignifugas-de-stage-molton-300gr\/#breadcrumb"},"inLanguage":"ca","potentialAction":[{"@type":"ReadAction","target":["https:\/\/saezdecom.com\/ca\/producto\/cortinas-ignifugas-de-stage-molton-300gr\/"]}]},{"@type":"BreadcrumbList","@id":"https:\/\/saezdecom.com\/ca\/producto\/cortinas-ignifugas-de-stage-molton-300gr\/#breadcrumb","itemListElement":[{"@type":"ListItem","position":1,"name":"Portada","item":"https:\/\/saezdecom.com\/ca\/inicio\/"},{"@type":"ListItem","position":2,"name":"Botiga","item":"https:\/\/www.saezdecom.es\/ca\/botiga\/"},{"@type":"ListItem","position":3,"name":"Cortines ign\u00edfugues de Stage Molton 300gr en blanc"}]},{"@type":"WebSite","@id":"https:\/\/saezdecom.com\/ca\/#website","url":"https:\/\/saezdecom.com\/ca\/","name":"Saez Decom","description":"Backdrops, Servicios y Productos para eventots","publisher":{"@id":"https:\/\/saezdecom.com\/ca\/#organization"},"potentialAction":[{"@type":"SearchAction","target":{"@type":"EntryPoint","urlTemplate":"https:\/\/saezdecom.com\/ca\/?s={search_term_string}"},"query-input":"required name=search_term_string"}],"inLanguage":"ca"},{"@type":"Organization","@id":"https:\/\/saezdecom.com\/ca\/#organization","name":"Saez Decom","url":"https:\/\/saezdecom.com\/ca\/","logo":{"@type":"ImageObject","inLanguage":"ca","@id":"https:\/\/saezdecom.com\/ca\/#\/schema\/logo\/image\/","url":"https:\/\/saezdecom.com\/wp-content\/uploads\/2023\/07\/Logo_amb_lletres_Saez_Decom_retina.png","contentUrl":"https:\/\/saezdecom.com\/wp-content\/uploads\/2023\/07\/Logo_amb_lletres_Saez_Decom_retina.png","width":1410,"height":200,"caption":"Saez Decom"},"image":{"@id":"https:\/\/saezdecom.com\/ca\/#\/schema\/logo\/image\/"},"sameAs":["https:\/\/www.facebook.com\/saezdecomeventos\/","https:\/\/twitter.com\/saezdecom","https:\/\/www.youtube.com\/user\/saezdecom","https:\/\/www.linkedin.com\/company\/saez-decom\/","https:\/\/www.pinterest.es\/saezdecom\/","https:\/\/www.instagram.com\/saez_decom\/"]}]}},"_links":{"self":[{"href":"https:\/\/saezdecom.com\/ca\/wp-json\/wp\/v2\/product\/24844","targetHints":{"allow":["GET"]}}],"collection":[{"href":"https:\/\/saezdecom.com\/ca\/wp-json\/wp\/v2\/product"}],"about":[{"href":"https:\/\/saezdecom.com\/ca\/wp-json\/wp\/v2\/types\/product"}],"wp:featuredmedia":[{"embeddable":true,"href":"https:\/\/saezdecom.com\/ca\/wp-json\/wp\/v2\/media\/23438"}],"wp:attachment":[{"href":"https:\/\/saezdecom.com\/ca\/wp-json\/wp\/v2\/media?parent=24844"}],"wp:term":[{"taxonomy":"product_cat","embeddable":true,"href":"https:\/\/saezdecom.com\/ca\/wp-json\/wp\/v2\/product_cat?post=24844"},{"taxonomy":"product_tag","embeddable":true,"href":"https:\/\/saezdecom.com\/ca\/wp-json\/wp\/v2\/product_tag?post=24844"}],"curies":[{"name":"wp","href":"https:\/\/api.w.org\/{rel}","templated":true}]}}