{"id":24846,"date":"2018-05-23T00:52:16","date_gmt":"2018-05-22T22:52:16","guid":{"rendered":"https:\/\/www.saezdecom.com\/producto\/cortines-acustiques-de-sound-absorber-molton-500gr-de-color-negre\/"},"modified":"2023-09-22T20:05:16","modified_gmt":"2023-09-22T18:05:16","slug":"cortines-acustiques-de-sound-absorber-molton-500gr","status":"publish","type":"product","link":"https:\/\/saezdecom.com\/ca\/producto\/cortines-acustiques-de-sound-absorber-molton-500gr\/","title":{"rendered":"Cortines ac\u00fastiques de Sound Absorber Molton 500gr de color negre"},"content":{"rendered":"<p>T&#8217;oferim les millors Cortines Ac\u00fastiques perqu\u00e8 gaudeixis del millor so possible en tots els teus esdeveniments, posem a la teva disposici\u00f3 Cortines Ac\u00fastiques de Sound Absorber de Molton de 500gr.<\/p>\n<p>Amb aquestes cortines podr\u00e0s absorbir la major quantitat de so, eliminant les molestes reverberacions i el ress\u00f2. Estan dissenyades i confeccionades amb una tecnologia especial perqu\u00e8 absorbeixi la llum i el so alhora, reduint els decibels de manera considerable aix\u00ed com la llum que no vols.<\/p>\n<p>Aquestes cortines estan pensades per millorar el so en tota mena d&#8217;esdeveniments, per\u00f2 s\u00f3n especialment \u00fatils en concerts, sales de cinema, teatres, presentacions en sales molt \u00e0mplies, etc.<\/p>\n<p>Per descomptat, com totes les nostres cortines, aquestes cortines ac\u00fastiques estan fabricades a Europa i han passat totes les proves d&#8217;ign\u00edfugs abans de ser posades a la venda. Aquest producte compta amb el certificat de propietat ign\u00edfuga segons la normativa DIN 4102 B1.<\/p>\n<p>Totes les nostres cortines ac\u00fastiques estan fabricades a Europa i han superat les proves per a ign\u00edfugs abans de la venda. A m\u00e9s, aquesta cortina compta amb el certificat de propietat ign\u00edfuga segons la normativa DIN 4102 B1<\/p>\n<p>Aquestes cortines ac\u00fastiques compten amb vora superior amb banda de refor\u00e7 cosida amb traus de llaut\u00f3 de 20mm de di\u00e0metre d&#8217;interior cada 25cm, t\u00e9 les vores inferiors amb rivet cosit i les vores laterals amb vora tamb\u00e9 cosida. Aix\u00ed mateix, est\u00e0 fabricada amb teixit de cot\u00f3 100%.<\/p>\n<p>Comptem amb 10 mides diferents d&#8217;aquest model i nom\u00e9s est\u00e0 disponible en color negre. Per a m\u00e9s informaci\u00f3 clica <a href=\"https:\/\/saezdecom.com\/contacto\/\">aqu\u00ed<\/a>.<\/p>\n","protected":false},"excerpt":{"rendered":"<ul>\n<li>Cortina d\u02bbescenari confeccionada de teixit de cot\u00f3 100%<\/li>\n<li>Propietat ign\u00edfuga segons DIN 4102 B1<\/li>\n<li>Qualitat: 500 g\/m\u00b2<\/li>\n<li>Confecci\u00f3: Vora superior amb banda de refor\u00e7 cosida amb traus de llaut\u00f3 de 20 mm de di\u00e0metre interior cada 25 cm<\/li>\n<li>Vores laterals amb vora cosida<\/li>\n<li>Vores inferiors amb rivet cosit<\/li>\n<li>Mesures: Comptem amb diverses mides disponibles per a aquest model: 3&#215;3, 3&#215;4, 3&#215;5, 3&#215;6, 4&#215;3, 5&#215;3, 6&#215;3, 6&#215;4, 9&#215;3 i 9&#215;6 (Amplada inclosa amb els traus)<\/li>\n<li>Color: Negre<\/li>\n<li>Fabricada a Alemanya<\/li>\n<li>Comanda m\u00ednima 5 cortines.<\/li>\n<li><strong>Els terminis de lliurament per a productes confeccionats s\u00f3n de 2 a 3 setmanes + temps d&#8217;enviament.<\/strong><\/li>\n<li>A causa de la pujada constant de les mat\u00c3\u00a8ries primeres, principalment del cot\u00c3\u00b3, aquests preus s\u00c3\u00b3n considerats com a orientatius. Per consultes feu clic <a href=\"https:\/\/saezdecom.com\/contacto\/\">aqu\u00ed<\/a>.<\/li>\n<\/ul>\n","protected":false},"featured_media":23430,"template":"","meta":[],"product_cat":[208],"product_tag":[],"class_list":["post-24846","product","type-product","status-publish","has-post-thumbnail","hentry","product_cat-cortines-ignifugues","product_shipping_class-productos-confeccionados"],"yoast_head":"<!-- This site is optimized with the Yoast SEO plugin v21.2 - https:\/\/yoast.com\/wordpress\/plugins\/seo\/ -->\n<title>Cortines ac\u00fastiques de Molton de 500gr en diferents mides<\/title>\n<meta name=\"description\" content=\"Posem a la teva disposici\u00f3 les millors cortines ac\u00fastiques de Molton de 500gr, en diferents mides i color negre. Visita&#039;ns i descobreix-los!\" \/>\n<meta name=\"robots\" content=\"index, follow, max-snippet:-1, max-image-preview:large, max-video-preview:-1\" \/>\n<link rel=\"canonical\" href=\"https:\/\/saezdecom.com\/ca\/producto\/cortines-acustiques-de-sound-absorber-molton-500gr\/\" \/>\n<meta property=\"og:locale\" content=\"ca_ES\" \/>\n<meta property=\"og:type\" content=\"article\" \/>\n<meta property=\"og:title\" content=\"Cortines ac\u00fastiques de Molton de 500gr en diferents mides\" \/>\n<meta property=\"og:description\" content=\"Posem a la teva disposici\u00f3 les millors cortines ac\u00fastiques de Molton de 500gr, en diferents mides i color negre. Visita&#039;ns i descobreix-los!\" \/>\n<meta property=\"og:url\" content=\"https:\/\/saezdecom.com\/ca\/producto\/cortines-acustiques-de-sound-absorber-molton-500gr\/\" \/>\n<meta property=\"og:site_name\" content=\"Saez Decom\" \/>\n<meta property=\"article:publisher\" content=\"https:\/\/www.facebook.com\/saezdecomeventos\/\" \/>\n<meta property=\"article:modified_time\" content=\"2023-09-22T18:05:16+00:00\" \/>\n<meta property=\"og:image\" content=\"https:\/\/www.saezdecom.es\/wp-content\/uploads\/2018\/05\/cortinas-acusticas-de-sound-absorver-molton-500gr-001.jpg\" \/>\n\t<meta property=\"og:image:width\" content=\"800\" \/>\n\t<meta property=\"og:image:height\" content=\"600\" \/>\n\t<meta property=\"og:image:type\" content=\"image\/jpeg\" \/>\n<meta name=\"twitter:card\" content=\"summary_large_image\" \/>\n<meta name=\"twitter:site\" content=\"@saezdecom\" \/>\n<meta name=\"twitter:label1\" content=\"Temps estimat de lectura\" \/>\n\t<meta name=\"twitter:data1\" content=\"1 minut\" \/>\n<script type=\"application\/ld+json\" class=\"yoast-schema-graph\">{\"@context\":\"https:\/\/schema.org\",\"@graph\":[{\"@type\":\"WebPage\",\"@id\":\"https:\/\/saezdecom.com\/ca\/producto\/cortines-acustiques-de-sound-absorber-molton-500gr\/\",\"url\":\"https:\/\/saezdecom.com\/ca\/producto\/cortines-acustiques-de-sound-absorber-molton-500gr\/\",\"name\":\"Cortines ac\u00fastiques de Molton de 500gr en diferents mides\",\"isPartOf\":{\"@id\":\"https:\/\/saezdecom.com\/ca\/#website\"},\"datePublished\":\"2018-05-22T22:52:16+00:00\",\"dateModified\":\"2023-09-22T18:05:16+00:00\",\"description\":\"Posem a la teva disposici\u00f3 les millors cortines ac\u00fastiques de Molton de 500gr, en diferents mides i color negre. Visita'ns i descobreix-los!\",\"breadcrumb\":{\"@id\":\"https:\/\/saezdecom.com\/ca\/producto\/cortines-acustiques-de-sound-absorber-molton-500gr\/#breadcrumb\"},\"inLanguage\":\"ca\",\"potentialAction\":[{\"@type\":\"ReadAction\",\"target\":[\"https:\/\/saezdecom.com\/ca\/producto\/cortines-acustiques-de-sound-absorber-molton-500gr\/\"]}]},{\"@type\":\"BreadcrumbList\",\"@id\":\"https:\/\/saezdecom.com\/ca\/producto\/cortines-acustiques-de-sound-absorber-molton-500gr\/#breadcrumb\",\"itemListElement\":[{\"@type\":\"ListItem\",\"position\":1,\"name\":\"Portada\",\"item\":\"https:\/\/saezdecom.com\/ca\/inicio\/\"},{\"@type\":\"ListItem\",\"position\":2,\"name\":\"Botiga\",\"item\":\"https:\/\/www.saezdecom.es\/ca\/botiga\/\"},{\"@type\":\"ListItem\",\"position\":3,\"name\":\"Cortines ac\u00fastiques de Sound Absorber Molton 500gr de color negre\"}]},{\"@type\":\"WebSite\",\"@id\":\"https:\/\/saezdecom.com\/ca\/#website\",\"url\":\"https:\/\/saezdecom.com\/ca\/\",\"name\":\"Saez Decom\",\"description\":\"Backdrops, Servicios y Productos para eventots\",\"publisher\":{\"@id\":\"https:\/\/saezdecom.com\/ca\/#organization\"},\"potentialAction\":[{\"@type\":\"SearchAction\",\"target\":{\"@type\":\"EntryPoint\",\"urlTemplate\":\"https:\/\/saezdecom.com\/ca\/?s={search_term_string}\"},\"query-input\":\"required name=search_term_string\"}],\"inLanguage\":\"ca\"},{\"@type\":\"Organization\",\"@id\":\"https:\/\/saezdecom.com\/ca\/#organization\",\"name\":\"Saez Decom\",\"url\":\"https:\/\/saezdecom.com\/ca\/\",\"logo\":{\"@type\":\"ImageObject\",\"inLanguage\":\"ca\",\"@id\":\"https:\/\/saezdecom.com\/ca\/#\/schema\/logo\/image\/\",\"url\":\"https:\/\/saezdecom.com\/wp-content\/uploads\/2023\/07\/Logo_amb_lletres_Saez_Decom_retina.png\",\"contentUrl\":\"https:\/\/saezdecom.com\/wp-content\/uploads\/2023\/07\/Logo_amb_lletres_Saez_Decom_retina.png\",\"width\":1410,\"height\":200,\"caption\":\"Saez Decom\"},\"image\":{\"@id\":\"https:\/\/saezdecom.com\/ca\/#\/schema\/logo\/image\/\"},\"sameAs\":[\"https:\/\/www.facebook.com\/saezdecomeventos\/\",\"https:\/\/twitter.com\/saezdecom\",\"https:\/\/www.youtube.com\/user\/saezdecom\",\"https:\/\/www.linkedin.com\/company\/saez-decom\/\",\"https:\/\/www.pinterest.es\/saezdecom\/\",\"https:\/\/www.instagram.com\/saez_decom\/\"]}]}<\/script>\n<!-- \/ Yoast SEO plugin. -->","yoast_head_json":{"title":"Cortines ac\u00fastiques de Molton de 500gr en diferents mides","description":"Posem a la teva disposici\u00f3 les millors cortines ac\u00fastiques de Molton de 500gr, en diferents mides i color negre. Visita'ns i descobreix-los!","robots":{"index":"index","follow":"follow","max-snippet":"max-snippet:-1","max-image-preview":"max-image-preview:large","max-video-preview":"max-video-preview:-1"},"canonical":"https:\/\/saezdecom.com\/ca\/producto\/cortines-acustiques-de-sound-absorber-molton-500gr\/","og_locale":"ca_ES","og_type":"article","og_title":"Cortines ac\u00fastiques de Molton de 500gr en diferents mides","og_description":"Posem a la teva disposici\u00f3 les millors cortines ac\u00fastiques de Molton de 500gr, en diferents mides i color negre. Visita'ns i descobreix-los!","og_url":"https:\/\/saezdecom.com\/ca\/producto\/cortines-acustiques-de-sound-absorber-molton-500gr\/","og_site_name":"Saez Decom","article_publisher":"https:\/\/www.facebook.com\/saezdecomeventos\/","article_modified_time":"2023-09-22T18:05:16+00:00","og_image":[{"width":800,"height":600,"url":"https:\/\/www.saezdecom.es\/wp-content\/uploads\/2018\/05\/cortinas-acusticas-de-sound-absorver-molton-500gr-001.jpg","type":"image\/jpeg"}],"twitter_card":"summary_large_image","twitter_site":"@saezdecom","twitter_misc":{"Temps estimat de lectura":"1 minut"},"schema":{"@context":"https:\/\/schema.org","@graph":[{"@type":"WebPage","@id":"https:\/\/saezdecom.com\/ca\/producto\/cortines-acustiques-de-sound-absorber-molton-500gr\/","url":"https:\/\/saezdecom.com\/ca\/producto\/cortines-acustiques-de-sound-absorber-molton-500gr\/","name":"Cortines ac\u00fastiques de Molton de 500gr en diferents mides","isPartOf":{"@id":"https:\/\/saezdecom.com\/ca\/#website"},"datePublished":"2018-05-22T22:52:16+00:00","dateModified":"2023-09-22T18:05:16+00:00","description":"Posem a la teva disposici\u00f3 les millors cortines ac\u00fastiques de Molton de 500gr, en diferents mides i color negre. Visita'ns i descobreix-los!","breadcrumb":{"@id":"https:\/\/saezdecom.com\/ca\/producto\/cortines-acustiques-de-sound-absorber-molton-500gr\/#breadcrumb"},"inLanguage":"ca","potentialAction":[{"@type":"ReadAction","target":["https:\/\/saezdecom.com\/ca\/producto\/cortines-acustiques-de-sound-absorber-molton-500gr\/"]}]},{"@type":"BreadcrumbList","@id":"https:\/\/saezdecom.com\/ca\/producto\/cortines-acustiques-de-sound-absorber-molton-500gr\/#breadcrumb","itemListElement":[{"@type":"ListItem","position":1,"name":"Portada","item":"https:\/\/saezdecom.com\/ca\/inicio\/"},{"@type":"ListItem","position":2,"name":"Botiga","item":"https:\/\/www.saezdecom.es\/ca\/botiga\/"},{"@type":"ListItem","position":3,"name":"Cortines ac\u00fastiques de Sound Absorber Molton 500gr de color negre"}]},{"@type":"WebSite","@id":"https:\/\/saezdecom.com\/ca\/#website","url":"https:\/\/saezdecom.com\/ca\/","name":"Saez Decom","description":"Backdrops, Servicios y Productos para eventots","publisher":{"@id":"https:\/\/saezdecom.com\/ca\/#organization"},"potentialAction":[{"@type":"SearchAction","target":{"@type":"EntryPoint","urlTemplate":"https:\/\/saezdecom.com\/ca\/?s={search_term_string}"},"query-input":"required name=search_term_string"}],"inLanguage":"ca"},{"@type":"Organization","@id":"https:\/\/saezdecom.com\/ca\/#organization","name":"Saez Decom","url":"https:\/\/saezdecom.com\/ca\/","logo":{"@type":"ImageObject","inLanguage":"ca","@id":"https:\/\/saezdecom.com\/ca\/#\/schema\/logo\/image\/","url":"https:\/\/saezdecom.com\/wp-content\/uploads\/2023\/07\/Logo_amb_lletres_Saez_Decom_retina.png","contentUrl":"https:\/\/saezdecom.com\/wp-content\/uploads\/2023\/07\/Logo_amb_lletres_Saez_Decom_retina.png","width":1410,"height":200,"caption":"Saez Decom"},"image":{"@id":"https:\/\/saezdecom.com\/ca\/#\/schema\/logo\/image\/"},"sameAs":["https:\/\/www.facebook.com\/saezdecomeventos\/","https:\/\/twitter.com\/saezdecom","https:\/\/www.youtube.com\/user\/saezdecom","https:\/\/www.linkedin.com\/company\/saez-decom\/","https:\/\/www.pinterest.es\/saezdecom\/","https:\/\/www.instagram.com\/saez_decom\/"]}]}},"_links":{"self":[{"href":"https:\/\/saezdecom.com\/ca\/wp-json\/wp\/v2\/product\/24846","targetHints":{"allow":["GET"]}}],"collection":[{"href":"https:\/\/saezdecom.com\/ca\/wp-json\/wp\/v2\/product"}],"about":[{"href":"https:\/\/saezdecom.com\/ca\/wp-json\/wp\/v2\/types\/product"}],"wp:featuredmedia":[{"embeddable":true,"href":"https:\/\/saezdecom.com\/ca\/wp-json\/wp\/v2\/media\/23430"}],"wp:attachment":[{"href":"https:\/\/saezdecom.com\/ca\/wp-json\/wp\/v2\/media?parent=24846"}],"wp:term":[{"taxonomy":"product_cat","embeddable":true,"href":"https:\/\/saezdecom.com\/ca\/wp-json\/wp\/v2\/product_cat?post=24846"},{"taxonomy":"product_tag","embeddable":true,"href":"https:\/\/saezdecom.com\/ca\/wp-json\/wp\/v2\/product_tag?post=24846"}],"curies":[{"name":"wp","href":"https:\/\/api.w.org\/{rel}","templated":true}]}}