{"id":24856,"date":"2018-05-24T01:43:41","date_gmt":"2018-05-23T23:43:41","guid":{"rendered":"https:\/\/www.saezdecom.com\/producto\/palet-de-roba-ignifuga-euromolton-de-320gr-en-color-negre\/"},"modified":"2018-05-24T01:43:41","modified_gmt":"2018-05-23T23:43:41","slug":"palet-de-tela-ignifuga-euromolton","status":"publish","type":"product","link":"https:\/\/saezdecom.com\/ca\/producto\/palet-de-tela-ignifuga-euromolton\/","title":{"rendered":"Palet de roba ign\u00edfuga Euromolton de 320gr en color negre"},"content":{"rendered":"<p>Posem a la teva disposici\u00f3 el Palet de roba ign\u00edfuga Euromolton de 320gr de color negre. Aquesta tela, com totes les nostres teles ign\u00edfugues \u00e9s perfecte per a tot tipus d&#8217;esdeveniments i tenen moltes aplicacions, com per exemple emmascarar escenaris, telons de fons per a teatres, fer blackouts i eliminar tota llum que no t&#8217;interessi, tamb\u00e9 com a cortina ac\u00fastica per la seva gramatge, aix\u00ed mateix \u00e9s capa\u00e7 d&#8217;absorbir so.<\/p>\n<p>Nom\u00e9s venem teles de qualitat, resistents, duradores i amb un acabat excel\u00b7lent, aquest producte ve en un palet amb 500 metres de longitud daquesta tela ign\u00edfuga.<\/p>\n<p>Volem oferir-te les millors televisions ign\u00edfugues disponibles al mercat. Aquesta tela compleix els requisits de la classe B1 per a materials ign\u00edfugs segons la normativa DIN 4102 B1+ FR M1 \/ EN 13773<\/p>\n<p>Palet de roba ign\u00edfuga Euromolton de 320gr en negre est\u00e0 fabricada amb 64% cot\u00f3 i 36% polyester i est\u00e0 disponible en color negre.<\/p>\n<p>T&#8217;oferim les teles de millor qualitat amb els millors preus del mercat. Contacta amb nosaltres fent clic <a href=\"https:\/\/saezdecom.com\/contacto\/\">aqu\u00ed<\/a>.<\/p>\n","protected":false},"excerpt":{"rendered":"<ul>\n<li>Palet de roba ign\u00edfuga Euromolton de 500 metres<\/li>\n<li>Teixit d&#8217;escenari confeccionat amb teixit de 64% cot\u00f3 i 36% polyester<\/li>\n<li>Propietat ign\u00edfuga segons DIN 4102 B1+ FR M1 \/ EN 13773<\/li>\n<li>Qualitat: 320 g\/m\u00b2<\/li>\n<li>Color: Negre<\/li>\n<li>A causa de la pujada constant de les mat\u00c3\u00a8ries primeres, principalment del cot\u00c3\u00b3, aquests preus s\u00c3\u00b3n considerats com a orientatius. Per consultes feu clic <a href=\"https:\/\/saezdecom.com\/contacto\/\">aqu\u00ed<\/a>.<\/li>\n<\/ul>\n","protected":false},"featured_media":23370,"template":"","meta":[],"product_cat":[212],"product_tag":[],"class_list":["post-24856","product","type-product","status-publish","has-post-thumbnail","hentry","product_cat-teles-ignifugues","product_shipping_class-productos-sin-confeccionar"],"yoast_head":"<!-- This site is optimized with the Yoast SEO plugin v21.2 - https:\/\/yoast.com\/wordpress\/plugins\/seo\/ -->\n<title>Palet de roba ign\u00edfuga Euromolton de 320gr de 500 metres en color negre<\/title>\n<meta name=\"description\" content=\"T&#039;oferim els millors preus del mercat a totes les nostres teles ign\u00edfugues. Visita la nostra botiga i descobreix la millor tela ign\u00edfuga!\" \/>\n<meta name=\"robots\" content=\"index, follow, max-snippet:-1, max-image-preview:large, max-video-preview:-1\" \/>\n<link rel=\"canonical\" href=\"https:\/\/saezdecom.com\/ca\/producto\/palet-de-tela-ignifuga-euromolton\/\" \/>\n<meta property=\"og:locale\" content=\"ca_ES\" \/>\n<meta property=\"og:type\" content=\"article\" \/>\n<meta property=\"og:title\" content=\"Palet de roba ign\u00edfuga Euromolton de 320gr de 500 metres en color negre\" \/>\n<meta property=\"og:description\" content=\"T&#039;oferim els millors preus del mercat a totes les nostres teles ign\u00edfugues. Visita la nostra botiga i descobreix la millor tela ign\u00edfuga!\" \/>\n<meta property=\"og:url\" content=\"https:\/\/saezdecom.com\/ca\/producto\/palet-de-tela-ignifuga-euromolton\/\" \/>\n<meta property=\"og:site_name\" content=\"Saez Decom\" \/>\n<meta property=\"article:publisher\" content=\"https:\/\/www.facebook.com\/saezdecomeventos\/\" \/>\n<meta property=\"og:image\" content=\"https:\/\/www.saezdecom.es\/wp-content\/uploads\/2018\/05\/tela-ignifuga-pale-negro-001.jpg\" \/>\n\t<meta property=\"og:image:width\" content=\"800\" \/>\n\t<meta property=\"og:image:height\" content=\"600\" \/>\n\t<meta property=\"og:image:type\" content=\"image\/jpeg\" \/>\n<meta name=\"twitter:card\" content=\"summary_large_image\" \/>\n<meta name=\"twitter:site\" content=\"@saezdecom\" \/>\n<meta name=\"twitter:label1\" content=\"Temps estimat de lectura\" \/>\n\t<meta name=\"twitter:data1\" content=\"1 minut\" \/>\n<script type=\"application\/ld+json\" class=\"yoast-schema-graph\">{\"@context\":\"https:\/\/schema.org\",\"@graph\":[{\"@type\":\"WebPage\",\"@id\":\"https:\/\/saezdecom.com\/ca\/producto\/palet-de-tela-ignifuga-euromolton\/\",\"url\":\"https:\/\/saezdecom.com\/ca\/producto\/palet-de-tela-ignifuga-euromolton\/\",\"name\":\"Palet de roba ign\u00edfuga Euromolton de 320gr de 500 metres en color negre\",\"isPartOf\":{\"@id\":\"https:\/\/saezdecom.com\/ca\/#website\"},\"datePublished\":\"2018-05-23T23:43:41+00:00\",\"dateModified\":\"2018-05-23T23:43:41+00:00\",\"description\":\"T'oferim els millors preus del mercat a totes les nostres teles ign\u00edfugues. Visita la nostra botiga i descobreix la millor tela ign\u00edfuga!\",\"breadcrumb\":{\"@id\":\"https:\/\/saezdecom.com\/ca\/producto\/palet-de-tela-ignifuga-euromolton\/#breadcrumb\"},\"inLanguage\":\"ca\",\"potentialAction\":[{\"@type\":\"ReadAction\",\"target\":[\"https:\/\/saezdecom.com\/ca\/producto\/palet-de-tela-ignifuga-euromolton\/\"]}]},{\"@type\":\"BreadcrumbList\",\"@id\":\"https:\/\/saezdecom.com\/ca\/producto\/palet-de-tela-ignifuga-euromolton\/#breadcrumb\",\"itemListElement\":[{\"@type\":\"ListItem\",\"position\":1,\"name\":\"Portada\",\"item\":\"https:\/\/saezdecom.com\/ca\/inicio\/\"},{\"@type\":\"ListItem\",\"position\":2,\"name\":\"Botiga\",\"item\":\"https:\/\/www.saezdecom.es\/ca\/botiga\/\"},{\"@type\":\"ListItem\",\"position\":3,\"name\":\"Palet de roba ign\u00edfuga Euromolton de 320gr en color negre\"}]},{\"@type\":\"WebSite\",\"@id\":\"https:\/\/saezdecom.com\/ca\/#website\",\"url\":\"https:\/\/saezdecom.com\/ca\/\",\"name\":\"Saez Decom\",\"description\":\"Backdrops, Servicios y Productos para eventots\",\"publisher\":{\"@id\":\"https:\/\/saezdecom.com\/ca\/#organization\"},\"potentialAction\":[{\"@type\":\"SearchAction\",\"target\":{\"@type\":\"EntryPoint\",\"urlTemplate\":\"https:\/\/saezdecom.com\/ca\/?s={search_term_string}\"},\"query-input\":\"required name=search_term_string\"}],\"inLanguage\":\"ca\"},{\"@type\":\"Organization\",\"@id\":\"https:\/\/saezdecom.com\/ca\/#organization\",\"name\":\"Saez Decom\",\"url\":\"https:\/\/saezdecom.com\/ca\/\",\"logo\":{\"@type\":\"ImageObject\",\"inLanguage\":\"ca\",\"@id\":\"https:\/\/saezdecom.com\/ca\/#\/schema\/logo\/image\/\",\"url\":\"https:\/\/saezdecom.com\/wp-content\/uploads\/2023\/07\/Logo_amb_lletres_Saez_Decom_retina.png\",\"contentUrl\":\"https:\/\/saezdecom.com\/wp-content\/uploads\/2023\/07\/Logo_amb_lletres_Saez_Decom_retina.png\",\"width\":1410,\"height\":200,\"caption\":\"Saez Decom\"},\"image\":{\"@id\":\"https:\/\/saezdecom.com\/ca\/#\/schema\/logo\/image\/\"},\"sameAs\":[\"https:\/\/www.facebook.com\/saezdecomeventos\/\",\"https:\/\/twitter.com\/saezdecom\",\"https:\/\/www.youtube.com\/user\/saezdecom\",\"https:\/\/www.linkedin.com\/company\/saez-decom\/\",\"https:\/\/www.pinterest.es\/saezdecom\/\",\"https:\/\/www.instagram.com\/saez_decom\/\"]}]}<\/script>\n<!-- \/ Yoast SEO plugin. -->","yoast_head_json":{"title":"Palet de roba ign\u00edfuga Euromolton de 320gr de 500 metres en color negre","description":"T'oferim els millors preus del mercat a totes les nostres teles ign\u00edfugues. Visita la nostra botiga i descobreix la millor tela ign\u00edfuga!","robots":{"index":"index","follow":"follow","max-snippet":"max-snippet:-1","max-image-preview":"max-image-preview:large","max-video-preview":"max-video-preview:-1"},"canonical":"https:\/\/saezdecom.com\/ca\/producto\/palet-de-tela-ignifuga-euromolton\/","og_locale":"ca_ES","og_type":"article","og_title":"Palet de roba ign\u00edfuga Euromolton de 320gr de 500 metres en color negre","og_description":"T'oferim els millors preus del mercat a totes les nostres teles ign\u00edfugues. Visita la nostra botiga i descobreix la millor tela ign\u00edfuga!","og_url":"https:\/\/saezdecom.com\/ca\/producto\/palet-de-tela-ignifuga-euromolton\/","og_site_name":"Saez Decom","article_publisher":"https:\/\/www.facebook.com\/saezdecomeventos\/","og_image":[{"width":800,"height":600,"url":"https:\/\/www.saezdecom.es\/wp-content\/uploads\/2018\/05\/tela-ignifuga-pale-negro-001.jpg","type":"image\/jpeg"}],"twitter_card":"summary_large_image","twitter_site":"@saezdecom","twitter_misc":{"Temps estimat de lectura":"1 minut"},"schema":{"@context":"https:\/\/schema.org","@graph":[{"@type":"WebPage","@id":"https:\/\/saezdecom.com\/ca\/producto\/palet-de-tela-ignifuga-euromolton\/","url":"https:\/\/saezdecom.com\/ca\/producto\/palet-de-tela-ignifuga-euromolton\/","name":"Palet de roba ign\u00edfuga Euromolton de 320gr de 500 metres en color negre","isPartOf":{"@id":"https:\/\/saezdecom.com\/ca\/#website"},"datePublished":"2018-05-23T23:43:41+00:00","dateModified":"2018-05-23T23:43:41+00:00","description":"T'oferim els millors preus del mercat a totes les nostres teles ign\u00edfugues. Visita la nostra botiga i descobreix la millor tela ign\u00edfuga!","breadcrumb":{"@id":"https:\/\/saezdecom.com\/ca\/producto\/palet-de-tela-ignifuga-euromolton\/#breadcrumb"},"inLanguage":"ca","potentialAction":[{"@type":"ReadAction","target":["https:\/\/saezdecom.com\/ca\/producto\/palet-de-tela-ignifuga-euromolton\/"]}]},{"@type":"BreadcrumbList","@id":"https:\/\/saezdecom.com\/ca\/producto\/palet-de-tela-ignifuga-euromolton\/#breadcrumb","itemListElement":[{"@type":"ListItem","position":1,"name":"Portada","item":"https:\/\/saezdecom.com\/ca\/inicio\/"},{"@type":"ListItem","position":2,"name":"Botiga","item":"https:\/\/www.saezdecom.es\/ca\/botiga\/"},{"@type":"ListItem","position":3,"name":"Palet de roba ign\u00edfuga Euromolton de 320gr en color negre"}]},{"@type":"WebSite","@id":"https:\/\/saezdecom.com\/ca\/#website","url":"https:\/\/saezdecom.com\/ca\/","name":"Saez Decom","description":"Backdrops, Servicios y Productos para eventots","publisher":{"@id":"https:\/\/saezdecom.com\/ca\/#organization"},"potentialAction":[{"@type":"SearchAction","target":{"@type":"EntryPoint","urlTemplate":"https:\/\/saezdecom.com\/ca\/?s={search_term_string}"},"query-input":"required name=search_term_string"}],"inLanguage":"ca"},{"@type":"Organization","@id":"https:\/\/saezdecom.com\/ca\/#organization","name":"Saez Decom","url":"https:\/\/saezdecom.com\/ca\/","logo":{"@type":"ImageObject","inLanguage":"ca","@id":"https:\/\/saezdecom.com\/ca\/#\/schema\/logo\/image\/","url":"https:\/\/saezdecom.com\/wp-content\/uploads\/2023\/07\/Logo_amb_lletres_Saez_Decom_retina.png","contentUrl":"https:\/\/saezdecom.com\/wp-content\/uploads\/2023\/07\/Logo_amb_lletres_Saez_Decom_retina.png","width":1410,"height":200,"caption":"Saez Decom"},"image":{"@id":"https:\/\/saezdecom.com\/ca\/#\/schema\/logo\/image\/"},"sameAs":["https:\/\/www.facebook.com\/saezdecomeventos\/","https:\/\/twitter.com\/saezdecom","https:\/\/www.youtube.com\/user\/saezdecom","https:\/\/www.linkedin.com\/company\/saez-decom\/","https:\/\/www.pinterest.es\/saezdecom\/","https:\/\/www.instagram.com\/saez_decom\/"]}]}},"_links":{"self":[{"href":"https:\/\/saezdecom.com\/ca\/wp-json\/wp\/v2\/product\/24856","targetHints":{"allow":["GET"]}}],"collection":[{"href":"https:\/\/saezdecom.com\/ca\/wp-json\/wp\/v2\/product"}],"about":[{"href":"https:\/\/saezdecom.com\/ca\/wp-json\/wp\/v2\/types\/product"}],"wp:featuredmedia":[{"embeddable":true,"href":"https:\/\/saezdecom.com\/ca\/wp-json\/wp\/v2\/media\/23370"}],"wp:attachment":[{"href":"https:\/\/saezdecom.com\/ca\/wp-json\/wp\/v2\/media?parent=24856"}],"wp:term":[{"taxonomy":"product_cat","embeddable":true,"href":"https:\/\/saezdecom.com\/ca\/wp-json\/wp\/v2\/product_cat?post=24856"},{"taxonomy":"product_tag","embeddable":true,"href":"https:\/\/saezdecom.com\/ca\/wp-json\/wp\/v2\/product_tag?post=24856"}],"curies":[{"name":"wp","href":"https:\/\/api.w.org\/{rel}","templated":true}]}}