{"id":24858,"date":"2018-05-24T01:50:39","date_gmt":"2018-05-23T23:50:39","guid":{"rendered":"https:\/\/www.saezdecom.com\/producto\/palet-de-tela-ignifuga-stage-molton-de-300gr-en-blanc\/"},"modified":"2018-05-24T01:50:39","modified_gmt":"2018-05-23T23:50:39","slug":"palet-de-tela-ignifuga-stage-molton","status":"publish","type":"product","link":"https:\/\/saezdecom.com\/ca\/producto\/palet-de-tela-ignifuga-stage-molton\/","title":{"rendered":"Palet de tela ign\u00edfuga Stage Molton de 300gr en blanc"},"content":{"rendered":"<p>Posem a la teva disposici\u00f3 el Palet de roba ign\u00edfuga Stage Molton de 300gr en color blanc o negre, aquesta tela com totes les nostres teles ign\u00edfugues \u00e9s ideal per a esdeveniments de tota mena. Perfectes per a diferents aplicacions com ara telons de fons per a teatres, absorbir-los gr\u00e0cies al seu gramatge, etc.<\/p>\n<p>A Saez Decom nom\u00e9s venem teles resistents, duradores i amb un acabat excel\u00b7lent. Aquesta tela ve en un palet amb 500 metres de la mateixa.<\/p>\n<p>T&#8217;oferim les millors teles ign\u00edfugues de tot el mercat, disposem a la nostra botiga online amb teles fabricades a Europa, les quals han superat controls de qualitat i han passat totes les proves per a ign\u00edfugs, totes les nostres telescompleixen amb els requisits de classe B1 per a ign\u00edfugs, segons la normativa DIN 4102 B1+ FR M1 \/ EN 13773<\/p>\n<p>El palet de roba ign\u00edfuga Stage Molton de 300gr en blanc la tela est\u00e0 confeccionada amb 100% cot\u00f3. El producte nom\u00e9s est\u00e0 disponible en color blanc.<\/p>\n<p>Tenim les televisions de m\u00e9s qualitat al millor preu.<\/p>\n<p>Si tens qualsevol dubte sobre quin tipus de roba hauries d&#8217;usar al teu esdeveniment, posa&#8217;t en <a href=\"https:\/\/saezdecom.com\/contacto\/\">contacte<\/a> via formulari de contacte o truca&#8217;ns directament a les nostres oficines i t&#8217;atendrem encantats.<\/p>\n","protected":false},"excerpt":{"rendered":"<ul>\n<li>Palet de tela ign\u00edfuga Stage Molton confeccionat amb teixit de 100% cot\u00f3<\/li>\n<li>Propietat ign\u00edfuga segons DIN 4102 B1+ FR M1 \/ EN 13773<\/li>\n<li>Qualitat: 300 g\/m\u00b2<\/li>\n<li>Palet de 500 metres<\/li>\n<li>Color: Blanc o negre<\/li>\n<li>Fabricada a Alemanya<\/li>\n<li>A causa de la pujada constant de les mat\u00c3\u00a8ries primeres, principalment del cot\u00c3\u00b3, aquests preus s\u00c3\u00b3n considerats com a orientatius. Per consultes feu clic <a href=\"https:\/\/saezdecom.com\/contacto\/\">aqu\u00ed<\/a>.<\/li>\n<\/ul>\n","protected":false},"featured_media":23382,"template":"","meta":[],"product_cat":[212],"product_tag":[],"class_list":["post-24858","product","type-product","status-publish","has-post-thumbnail","hentry","product_cat-teles-ignifugues","product_shipping_class-productos-sin-confeccionar"],"yoast_head":"<!-- This site is optimized with the Yoast SEO plugin v21.2 - https:\/\/yoast.com\/wordpress\/plugins\/seo\/ -->\n<title>Venda de Palet de tela ign\u00edfuga Stage Molton de 300gr de color blanc<\/title>\n<meta name=\"description\" content=\"Posem a la teva disposici\u00f3 les millors teles ign\u00edfugues, un Palet de roba ign\u00edfuga Stage Molton de 300gr. Visita&#039;ns i descobreix les nostres teles!\" \/>\n<meta name=\"robots\" content=\"index, follow, max-snippet:-1, max-image-preview:large, max-video-preview:-1\" \/>\n<link rel=\"canonical\" href=\"https:\/\/saezdecom.com\/ca\/producto\/palet-de-tela-ignifuga-stage-molton\/\" \/>\n<meta property=\"og:locale\" content=\"ca_ES\" \/>\n<meta property=\"og:type\" content=\"article\" \/>\n<meta property=\"og:title\" content=\"Venda de Palet de tela ign\u00edfuga Stage Molton de 300gr de color blanc\" \/>\n<meta property=\"og:description\" content=\"Posem a la teva disposici\u00f3 les millors teles ign\u00edfugues, un Palet de roba ign\u00edfuga Stage Molton de 300gr. Visita&#039;ns i descobreix les nostres teles!\" \/>\n<meta property=\"og:url\" content=\"https:\/\/saezdecom.com\/ca\/producto\/palet-de-tela-ignifuga-stage-molton\/\" \/>\n<meta property=\"og:site_name\" content=\"Saez Decom\" \/>\n<meta property=\"article:publisher\" content=\"https:\/\/www.facebook.com\/saezdecomeventos\/\" \/>\n<meta property=\"og:image\" content=\"https:\/\/www.saezdecom.es\/wp-content\/uploads\/2018\/05\/tela-ignifuga-pale-blanco-001.jpg\" \/>\n\t<meta property=\"og:image:width\" content=\"800\" \/>\n\t<meta property=\"og:image:height\" content=\"600\" \/>\n\t<meta property=\"og:image:type\" content=\"image\/jpeg\" \/>\n<meta name=\"twitter:card\" content=\"summary_large_image\" \/>\n<meta name=\"twitter:site\" content=\"@saezdecom\" \/>\n<meta name=\"twitter:label1\" content=\"Temps estimat de lectura\" \/>\n\t<meta name=\"twitter:data1\" content=\"1 minut\" \/>\n<script type=\"application\/ld+json\" class=\"yoast-schema-graph\">{\"@context\":\"https:\/\/schema.org\",\"@graph\":[{\"@type\":\"WebPage\",\"@id\":\"https:\/\/saezdecom.com\/ca\/producto\/palet-de-tela-ignifuga-stage-molton\/\",\"url\":\"https:\/\/saezdecom.com\/ca\/producto\/palet-de-tela-ignifuga-stage-molton\/\",\"name\":\"Venda de Palet de tela ign\u00edfuga Stage Molton de 300gr de color blanc\",\"isPartOf\":{\"@id\":\"https:\/\/saezdecom.com\/ca\/#website\"},\"datePublished\":\"2018-05-23T23:50:39+00:00\",\"dateModified\":\"2018-05-23T23:50:39+00:00\",\"description\":\"Posem a la teva disposici\u00f3 les millors teles ign\u00edfugues, un Palet de roba ign\u00edfuga Stage Molton de 300gr. Visita'ns i descobreix les nostres teles!\",\"breadcrumb\":{\"@id\":\"https:\/\/saezdecom.com\/ca\/producto\/palet-de-tela-ignifuga-stage-molton\/#breadcrumb\"},\"inLanguage\":\"ca\",\"potentialAction\":[{\"@type\":\"ReadAction\",\"target\":[\"https:\/\/saezdecom.com\/ca\/producto\/palet-de-tela-ignifuga-stage-molton\/\"]}]},{\"@type\":\"BreadcrumbList\",\"@id\":\"https:\/\/saezdecom.com\/ca\/producto\/palet-de-tela-ignifuga-stage-molton\/#breadcrumb\",\"itemListElement\":[{\"@type\":\"ListItem\",\"position\":1,\"name\":\"Portada\",\"item\":\"https:\/\/saezdecom.com\/ca\/inicio\/\"},{\"@type\":\"ListItem\",\"position\":2,\"name\":\"Botiga\",\"item\":\"https:\/\/www.saezdecom.es\/ca\/botiga\/\"},{\"@type\":\"ListItem\",\"position\":3,\"name\":\"Palet de tela ign\u00edfuga Stage Molton de 300gr en blanc\"}]},{\"@type\":\"WebSite\",\"@id\":\"https:\/\/saezdecom.com\/ca\/#website\",\"url\":\"https:\/\/saezdecom.com\/ca\/\",\"name\":\"Saez Decom\",\"description\":\"Backdrops, Servicios y Productos para eventots\",\"publisher\":{\"@id\":\"https:\/\/saezdecom.com\/ca\/#organization\"},\"potentialAction\":[{\"@type\":\"SearchAction\",\"target\":{\"@type\":\"EntryPoint\",\"urlTemplate\":\"https:\/\/saezdecom.com\/ca\/?s={search_term_string}\"},\"query-input\":\"required name=search_term_string\"}],\"inLanguage\":\"ca\"},{\"@type\":\"Organization\",\"@id\":\"https:\/\/saezdecom.com\/ca\/#organization\",\"name\":\"Saez Decom\",\"url\":\"https:\/\/saezdecom.com\/ca\/\",\"logo\":{\"@type\":\"ImageObject\",\"inLanguage\":\"ca\",\"@id\":\"https:\/\/saezdecom.com\/ca\/#\/schema\/logo\/image\/\",\"url\":\"https:\/\/saezdecom.com\/wp-content\/uploads\/2023\/07\/Logo_amb_lletres_Saez_Decom_retina.png\",\"contentUrl\":\"https:\/\/saezdecom.com\/wp-content\/uploads\/2023\/07\/Logo_amb_lletres_Saez_Decom_retina.png\",\"width\":1410,\"height\":200,\"caption\":\"Saez Decom\"},\"image\":{\"@id\":\"https:\/\/saezdecom.com\/ca\/#\/schema\/logo\/image\/\"},\"sameAs\":[\"https:\/\/www.facebook.com\/saezdecomeventos\/\",\"https:\/\/twitter.com\/saezdecom\",\"https:\/\/www.youtube.com\/user\/saezdecom\",\"https:\/\/www.linkedin.com\/company\/saez-decom\/\",\"https:\/\/www.pinterest.es\/saezdecom\/\",\"https:\/\/www.instagram.com\/saez_decom\/\"]}]}<\/script>\n<!-- \/ Yoast SEO plugin. -->","yoast_head_json":{"title":"Venda de Palet de tela ign\u00edfuga Stage Molton de 300gr de color blanc","description":"Posem a la teva disposici\u00f3 les millors teles ign\u00edfugues, un Palet de roba ign\u00edfuga Stage Molton de 300gr. Visita'ns i descobreix les nostres teles!","robots":{"index":"index","follow":"follow","max-snippet":"max-snippet:-1","max-image-preview":"max-image-preview:large","max-video-preview":"max-video-preview:-1"},"canonical":"https:\/\/saezdecom.com\/ca\/producto\/palet-de-tela-ignifuga-stage-molton\/","og_locale":"ca_ES","og_type":"article","og_title":"Venda de Palet de tela ign\u00edfuga Stage Molton de 300gr de color blanc","og_description":"Posem a la teva disposici\u00f3 les millors teles ign\u00edfugues, un Palet de roba ign\u00edfuga Stage Molton de 300gr. Visita'ns i descobreix les nostres teles!","og_url":"https:\/\/saezdecom.com\/ca\/producto\/palet-de-tela-ignifuga-stage-molton\/","og_site_name":"Saez Decom","article_publisher":"https:\/\/www.facebook.com\/saezdecomeventos\/","og_image":[{"width":800,"height":600,"url":"https:\/\/www.saezdecom.es\/wp-content\/uploads\/2018\/05\/tela-ignifuga-pale-blanco-001.jpg","type":"image\/jpeg"}],"twitter_card":"summary_large_image","twitter_site":"@saezdecom","twitter_misc":{"Temps estimat de lectura":"1 minut"},"schema":{"@context":"https:\/\/schema.org","@graph":[{"@type":"WebPage","@id":"https:\/\/saezdecom.com\/ca\/producto\/palet-de-tela-ignifuga-stage-molton\/","url":"https:\/\/saezdecom.com\/ca\/producto\/palet-de-tela-ignifuga-stage-molton\/","name":"Venda de Palet de tela ign\u00edfuga Stage Molton de 300gr de color blanc","isPartOf":{"@id":"https:\/\/saezdecom.com\/ca\/#website"},"datePublished":"2018-05-23T23:50:39+00:00","dateModified":"2018-05-23T23:50:39+00:00","description":"Posem a la teva disposici\u00f3 les millors teles ign\u00edfugues, un Palet de roba ign\u00edfuga Stage Molton de 300gr. Visita'ns i descobreix les nostres teles!","breadcrumb":{"@id":"https:\/\/saezdecom.com\/ca\/producto\/palet-de-tela-ignifuga-stage-molton\/#breadcrumb"},"inLanguage":"ca","potentialAction":[{"@type":"ReadAction","target":["https:\/\/saezdecom.com\/ca\/producto\/palet-de-tela-ignifuga-stage-molton\/"]}]},{"@type":"BreadcrumbList","@id":"https:\/\/saezdecom.com\/ca\/producto\/palet-de-tela-ignifuga-stage-molton\/#breadcrumb","itemListElement":[{"@type":"ListItem","position":1,"name":"Portada","item":"https:\/\/saezdecom.com\/ca\/inicio\/"},{"@type":"ListItem","position":2,"name":"Botiga","item":"https:\/\/www.saezdecom.es\/ca\/botiga\/"},{"@type":"ListItem","position":3,"name":"Palet de tela ign\u00edfuga Stage Molton de 300gr en blanc"}]},{"@type":"WebSite","@id":"https:\/\/saezdecom.com\/ca\/#website","url":"https:\/\/saezdecom.com\/ca\/","name":"Saez Decom","description":"Backdrops, Servicios y Productos para eventots","publisher":{"@id":"https:\/\/saezdecom.com\/ca\/#organization"},"potentialAction":[{"@type":"SearchAction","target":{"@type":"EntryPoint","urlTemplate":"https:\/\/saezdecom.com\/ca\/?s={search_term_string}"},"query-input":"required name=search_term_string"}],"inLanguage":"ca"},{"@type":"Organization","@id":"https:\/\/saezdecom.com\/ca\/#organization","name":"Saez Decom","url":"https:\/\/saezdecom.com\/ca\/","logo":{"@type":"ImageObject","inLanguage":"ca","@id":"https:\/\/saezdecom.com\/ca\/#\/schema\/logo\/image\/","url":"https:\/\/saezdecom.com\/wp-content\/uploads\/2023\/07\/Logo_amb_lletres_Saez_Decom_retina.png","contentUrl":"https:\/\/saezdecom.com\/wp-content\/uploads\/2023\/07\/Logo_amb_lletres_Saez_Decom_retina.png","width":1410,"height":200,"caption":"Saez Decom"},"image":{"@id":"https:\/\/saezdecom.com\/ca\/#\/schema\/logo\/image\/"},"sameAs":["https:\/\/www.facebook.com\/saezdecomeventos\/","https:\/\/twitter.com\/saezdecom","https:\/\/www.youtube.com\/user\/saezdecom","https:\/\/www.linkedin.com\/company\/saez-decom\/","https:\/\/www.pinterest.es\/saezdecom\/","https:\/\/www.instagram.com\/saez_decom\/"]}]}},"_links":{"self":[{"href":"https:\/\/saezdecom.com\/ca\/wp-json\/wp\/v2\/product\/24858","targetHints":{"allow":["GET"]}}],"collection":[{"href":"https:\/\/saezdecom.com\/ca\/wp-json\/wp\/v2\/product"}],"about":[{"href":"https:\/\/saezdecom.com\/ca\/wp-json\/wp\/v2\/types\/product"}],"wp:featuredmedia":[{"embeddable":true,"href":"https:\/\/saezdecom.com\/ca\/wp-json\/wp\/v2\/media\/23382"}],"wp:attachment":[{"href":"https:\/\/saezdecom.com\/ca\/wp-json\/wp\/v2\/media?parent=24858"}],"wp:term":[{"taxonomy":"product_cat","embeddable":true,"href":"https:\/\/saezdecom.com\/ca\/wp-json\/wp\/v2\/product_cat?post=24858"},{"taxonomy":"product_tag","embeddable":true,"href":"https:\/\/saezdecom.com\/ca\/wp-json\/wp\/v2\/product_tag?post=24858"}],"curies":[{"name":"wp","href":"https:\/\/api.w.org\/{rel}","templated":true}]}}