{"id":24862,"date":"2018-07-12T17:04:48","date_gmt":"2018-07-12T15:04:48","guid":{"rendered":"https:\/\/www.saezdecom.com\/producto\/cortines-ignifugues-de-molton-320gr-en-negre\/"},"modified":"2025-11-17T12:49:19","modified_gmt":"2025-11-17T11:49:19","slug":"cortines-ignifugues-negres-de-molton-320gr","status":"publish","type":"product","link":"https:\/\/saezdecom.com\/ca\/producto\/cortines-ignifugues-negres-de-molton-320gr\/","title":{"rendered":"Cortines ign\u00edfugues de Molton 320gr en negre"},"content":{"rendered":"<p>Les Cortines ign\u00edfugues de Molton 320gr en negre s\u00f3n perfectes per a tot tipus d&#8217;esdeveniments i un ampli rang d&#8217;aplicacions, com per exemple telons de fons per a teatres, emmascarar escenaris, fer blackouts i eliminar tota llum que no t&#8217;interessi, tamb\u00e9 com a cortina ac\u00fastica degut al seu gramatge, capa\u00e7 d&#8217;absorbir molt de so, i un llarg etc\u00e8tera.<\/p>\n<p>A Saez Decom nom\u00e9s venem cortines de qualitat, amb un acabat excel\u00b7lent, resistents i duradores, a m\u00e9s aquest producte ve preparat per al seu \u00fas immediat despr\u00e9s de la compra.<\/p>\n<p>Volem oferir-te les millors cortines ign\u00edfugues disponibles al mercat, per aix\u00f2 posem a la teva disposici\u00f3 a la nostra botiga online cortines manufacturades a Europa, les quals han passat els m\u00e9s exhaustius controls de qualitat i han superat totes les proves per a ign\u00edfugs. Aquesta cortina compleix els requisits de la classe B1 per a materials ign\u00edfugs segons la normativa DIN 4102 B1+ FR M1 \/ EN 13773 Certificat GRS<\/p>\n<p>La cortina est\u00e0 fabricada amb 64% cot\u00f3 reciclat i 36% polyester i est\u00e0 disponible en color negre. Amb ollats cada 25 cm. Aquest producte est\u00e0 disponible en 10 mides diferents.<\/p>\n<p>T\u00b4oferim la millor qualitat amb els preus m\u00e9s competitius del mercat.<\/p>\n<p>Recorda, si vols organitzar un esdeveniment i necessites cortines ign\u00edfugues per\u00f2 no saps com utilitzar-les, sempre pots <a href=\"https:\/\/saezdecom.com\/contacto\/\">contactar<\/a> amb nosaltres i intentarem resoldre tots els teus dubtes.<\/p>\n","protected":false},"excerpt":{"rendered":"<p>&nbsp;<\/p>\n<ul>\n<li style=\"list-style-type: none;\">\n<ul>\n<li>Teixit d&#8217;escenari confeccionat amb teixit de 64% cot\u00f3 reciclat i 36% polyester<\/li>\n<li>Propietat ign\u00edfuga segons DIN 4102 B1+ FR M1 \/ EN 13773<\/li>\n<li>Certificat GRS (Global Recycled Standard)<\/li>\n<li>Qualitat: 320 g\/m\u00b2<\/li>\n<li>Confecci\u00f3: Vora superior amb banda de refor\u00e7 cosida amb traus de llaut\u00f3 de 15 mm de di\u00e0metre interior cada 25 cm<\/li>\n<li>Vores laterals amb vora cosida<\/li>\n<li>Vores inferiors amb rivet<\/li>\n<li>Mesures: Comptem amb diverses mides disponibles per a aquest model: 3&#215;3, 3&#215;4, 3&#215;5, 3&#215;6, 4&#215;3, 5&#215;3, 6&#215;3, 6&#215;4, 9&#215;3 i 9&#215;6 (Amplada inclosa amb els traus)<\/li>\n<li>Color: Negre<\/li>\n<li><strong>Els terminis de lliurament per a productes confeccionats s\u00f3n de 2 a 3 setmanes + temps d&#8217;enviament.<\/strong><\/li>\n<li>A causa de la pujada constant de les mat\u00c3\u00a8ries primeres, principalment del cot\u00c3\u00b3, aquests preus s\u00c3\u00b3n considerats com a orientatius. Per consultes feu clic <a href=\"https:\/\/saezdecom.com\/contacto\/\">aqu\u00ed<\/a>.<\/li>\n<\/ul>\n<\/li>\n<\/ul>\n","protected":false},"featured_media":23364,"template":"","meta":[],"product_cat":[208],"product_tag":[],"class_list":["post-24862","product","type-product","status-publish","has-post-thumbnail","hentry","product_cat-cortines-ignifugues","product_shipping_class-productos-confeccionados"],"yoast_head":"<!-- This site is optimized with the Yoast SEO plugin v21.2 - https:\/\/yoast.com\/wordpress\/plugins\/seo\/ -->\n<title>Venda de cortines ign\u00edfugues de molton de 320gr en diferents mides<\/title>\n<meta name=\"description\" content=\"Estrenem la nostra botiga online amb les millors cortines ign\u00edfugues disponibles al mercat europeu. Visita&#039;ns i descobreix-los!\" \/>\n<meta name=\"robots\" content=\"index, follow, max-snippet:-1, max-image-preview:large, max-video-preview:-1\" \/>\n<link rel=\"canonical\" href=\"https:\/\/saezdecom.com\/ca\/producto\/cortines-ignifugues-negres-de-molton-320gr\/\" \/>\n<meta property=\"og:locale\" content=\"ca_ES\" \/>\n<meta property=\"og:type\" content=\"article\" \/>\n<meta property=\"og:title\" content=\"Venda de cortines ign\u00edfugues de molton de 320gr en diferents mides\" \/>\n<meta property=\"og:description\" content=\"Estrenem la nostra botiga online amb les millors cortines ign\u00edfugues disponibles al mercat europeu. Visita&#039;ns i descobreix-los!\" \/>\n<meta property=\"og:url\" content=\"https:\/\/saezdecom.com\/ca\/producto\/cortines-ignifugues-negres-de-molton-320gr\/\" \/>\n<meta property=\"og:site_name\" content=\"Saez Decom\" \/>\n<meta property=\"article:publisher\" content=\"https:\/\/www.facebook.com\/saezdecomeventos\/\" \/>\n<meta property=\"article:modified_time\" content=\"2025-11-17T11:49:19+00:00\" \/>\n<meta property=\"og:image\" content=\"https:\/\/saezdecom.com\/wp-content\/uploads\/2018\/05\/cortinas-ignifugas-negras-de-molton-320gr-001.jpg\" \/>\n\t<meta property=\"og:image:width\" content=\"800\" \/>\n\t<meta property=\"og:image:height\" content=\"600\" \/>\n\t<meta property=\"og:image:type\" content=\"image\/jpeg\" \/>\n<meta name=\"twitter:card\" content=\"summary_large_image\" \/>\n<meta name=\"twitter:site\" content=\"@saezdecom\" \/>\n<meta name=\"twitter:label1\" content=\"Temps estimat de lectura\" \/>\n\t<meta name=\"twitter:data1\" content=\"2 minuts\" \/>\n<script type=\"application\/ld+json\" class=\"yoast-schema-graph\">{\"@context\":\"https:\/\/schema.org\",\"@graph\":[{\"@type\":\"WebPage\",\"@id\":\"https:\/\/saezdecom.com\/ca\/producto\/cortines-ignifugues-negres-de-molton-320gr\/\",\"url\":\"https:\/\/saezdecom.com\/ca\/producto\/cortines-ignifugues-negres-de-molton-320gr\/\",\"name\":\"Venda de cortines ign\u00edfugues de molton de 320gr en diferents mides\",\"isPartOf\":{\"@id\":\"https:\/\/saezdecom.com\/ca\/#website\"},\"datePublished\":\"2018-07-12T15:04:48+00:00\",\"dateModified\":\"2025-11-17T11:49:19+00:00\",\"description\":\"Estrenem la nostra botiga online amb les millors cortines ign\u00edfugues disponibles al mercat europeu. Visita'ns i descobreix-los!\",\"breadcrumb\":{\"@id\":\"https:\/\/saezdecom.com\/ca\/producto\/cortines-ignifugues-negres-de-molton-320gr\/#breadcrumb\"},\"inLanguage\":\"ca\",\"potentialAction\":[{\"@type\":\"ReadAction\",\"target\":[\"https:\/\/saezdecom.com\/ca\/producto\/cortines-ignifugues-negres-de-molton-320gr\/\"]}]},{\"@type\":\"BreadcrumbList\",\"@id\":\"https:\/\/saezdecom.com\/ca\/producto\/cortines-ignifugues-negres-de-molton-320gr\/#breadcrumb\",\"itemListElement\":[{\"@type\":\"ListItem\",\"position\":1,\"name\":\"Portada\",\"item\":\"https:\/\/saezdecom.com\/ca\/inicio\/\"},{\"@type\":\"ListItem\",\"position\":2,\"name\":\"Botiga\",\"item\":\"https:\/\/www.saezdecom.es\/ca\/botiga\/\"},{\"@type\":\"ListItem\",\"position\":3,\"name\":\"Cortines ign\u00edfugues de Molton 320gr en negre\"}]},{\"@type\":\"WebSite\",\"@id\":\"https:\/\/saezdecom.com\/ca\/#website\",\"url\":\"https:\/\/saezdecom.com\/ca\/\",\"name\":\"Saez Decom\",\"description\":\"Backdrops, Servicios y Productos para eventots\",\"publisher\":{\"@id\":\"https:\/\/saezdecom.com\/ca\/#organization\"},\"potentialAction\":[{\"@type\":\"SearchAction\",\"target\":{\"@type\":\"EntryPoint\",\"urlTemplate\":\"https:\/\/saezdecom.com\/ca\/?s={search_term_string}\"},\"query-input\":\"required name=search_term_string\"}],\"inLanguage\":\"ca\"},{\"@type\":\"Organization\",\"@id\":\"https:\/\/saezdecom.com\/ca\/#organization\",\"name\":\"Saez Decom\",\"url\":\"https:\/\/saezdecom.com\/ca\/\",\"logo\":{\"@type\":\"ImageObject\",\"inLanguage\":\"ca\",\"@id\":\"https:\/\/saezdecom.com\/ca\/#\/schema\/logo\/image\/\",\"url\":\"https:\/\/saezdecom.com\/wp-content\/uploads\/2023\/07\/Logo_amb_lletres_Saez_Decom_retina.png\",\"contentUrl\":\"https:\/\/saezdecom.com\/wp-content\/uploads\/2023\/07\/Logo_amb_lletres_Saez_Decom_retina.png\",\"width\":1410,\"height\":200,\"caption\":\"Saez Decom\"},\"image\":{\"@id\":\"https:\/\/saezdecom.com\/ca\/#\/schema\/logo\/image\/\"},\"sameAs\":[\"https:\/\/www.facebook.com\/saezdecomeventos\/\",\"https:\/\/twitter.com\/saezdecom\",\"https:\/\/www.youtube.com\/user\/saezdecom\",\"https:\/\/www.linkedin.com\/company\/saez-decom\/\",\"https:\/\/www.pinterest.es\/saezdecom\/\",\"https:\/\/www.instagram.com\/saez_decom\/\"]}]}<\/script>\n<!-- \/ Yoast SEO plugin. -->","yoast_head_json":{"title":"Venda de cortines ign\u00edfugues de molton de 320gr en diferents mides","description":"Estrenem la nostra botiga online amb les millors cortines ign\u00edfugues disponibles al mercat europeu. Visita'ns i descobreix-los!","robots":{"index":"index","follow":"follow","max-snippet":"max-snippet:-1","max-image-preview":"max-image-preview:large","max-video-preview":"max-video-preview:-1"},"canonical":"https:\/\/saezdecom.com\/ca\/producto\/cortines-ignifugues-negres-de-molton-320gr\/","og_locale":"ca_ES","og_type":"article","og_title":"Venda de cortines ign\u00edfugues de molton de 320gr en diferents mides","og_description":"Estrenem la nostra botiga online amb les millors cortines ign\u00edfugues disponibles al mercat europeu. Visita'ns i descobreix-los!","og_url":"https:\/\/saezdecom.com\/ca\/producto\/cortines-ignifugues-negres-de-molton-320gr\/","og_site_name":"Saez Decom","article_publisher":"https:\/\/www.facebook.com\/saezdecomeventos\/","article_modified_time":"2025-11-17T11:49:19+00:00","og_image":[{"width":800,"height":600,"url":"https:\/\/saezdecom.com\/wp-content\/uploads\/2018\/05\/cortinas-ignifugas-negras-de-molton-320gr-001.jpg","type":"image\/jpeg"}],"twitter_card":"summary_large_image","twitter_site":"@saezdecom","twitter_misc":{"Temps estimat de lectura":"2 minuts"},"schema":{"@context":"https:\/\/schema.org","@graph":[{"@type":"WebPage","@id":"https:\/\/saezdecom.com\/ca\/producto\/cortines-ignifugues-negres-de-molton-320gr\/","url":"https:\/\/saezdecom.com\/ca\/producto\/cortines-ignifugues-negres-de-molton-320gr\/","name":"Venda de cortines ign\u00edfugues de molton de 320gr en diferents mides","isPartOf":{"@id":"https:\/\/saezdecom.com\/ca\/#website"},"datePublished":"2018-07-12T15:04:48+00:00","dateModified":"2025-11-17T11:49:19+00:00","description":"Estrenem la nostra botiga online amb les millors cortines ign\u00edfugues disponibles al mercat europeu. Visita'ns i descobreix-los!","breadcrumb":{"@id":"https:\/\/saezdecom.com\/ca\/producto\/cortines-ignifugues-negres-de-molton-320gr\/#breadcrumb"},"inLanguage":"ca","potentialAction":[{"@type":"ReadAction","target":["https:\/\/saezdecom.com\/ca\/producto\/cortines-ignifugues-negres-de-molton-320gr\/"]}]},{"@type":"BreadcrumbList","@id":"https:\/\/saezdecom.com\/ca\/producto\/cortines-ignifugues-negres-de-molton-320gr\/#breadcrumb","itemListElement":[{"@type":"ListItem","position":1,"name":"Portada","item":"https:\/\/saezdecom.com\/ca\/inicio\/"},{"@type":"ListItem","position":2,"name":"Botiga","item":"https:\/\/www.saezdecom.es\/ca\/botiga\/"},{"@type":"ListItem","position":3,"name":"Cortines ign\u00edfugues de Molton 320gr en negre"}]},{"@type":"WebSite","@id":"https:\/\/saezdecom.com\/ca\/#website","url":"https:\/\/saezdecom.com\/ca\/","name":"Saez Decom","description":"Backdrops, Servicios y Productos para eventots","publisher":{"@id":"https:\/\/saezdecom.com\/ca\/#organization"},"potentialAction":[{"@type":"SearchAction","target":{"@type":"EntryPoint","urlTemplate":"https:\/\/saezdecom.com\/ca\/?s={search_term_string}"},"query-input":"required name=search_term_string"}],"inLanguage":"ca"},{"@type":"Organization","@id":"https:\/\/saezdecom.com\/ca\/#organization","name":"Saez Decom","url":"https:\/\/saezdecom.com\/ca\/","logo":{"@type":"ImageObject","inLanguage":"ca","@id":"https:\/\/saezdecom.com\/ca\/#\/schema\/logo\/image\/","url":"https:\/\/saezdecom.com\/wp-content\/uploads\/2023\/07\/Logo_amb_lletres_Saez_Decom_retina.png","contentUrl":"https:\/\/saezdecom.com\/wp-content\/uploads\/2023\/07\/Logo_amb_lletres_Saez_Decom_retina.png","width":1410,"height":200,"caption":"Saez Decom"},"image":{"@id":"https:\/\/saezdecom.com\/ca\/#\/schema\/logo\/image\/"},"sameAs":["https:\/\/www.facebook.com\/saezdecomeventos\/","https:\/\/twitter.com\/saezdecom","https:\/\/www.youtube.com\/user\/saezdecom","https:\/\/www.linkedin.com\/company\/saez-decom\/","https:\/\/www.pinterest.es\/saezdecom\/","https:\/\/www.instagram.com\/saez_decom\/"]}]}},"_links":{"self":[{"href":"https:\/\/saezdecom.com\/ca\/wp-json\/wp\/v2\/product\/24862","targetHints":{"allow":["GET"]}}],"collection":[{"href":"https:\/\/saezdecom.com\/ca\/wp-json\/wp\/v2\/product"}],"about":[{"href":"https:\/\/saezdecom.com\/ca\/wp-json\/wp\/v2\/types\/product"}],"wp:featuredmedia":[{"embeddable":true,"href":"https:\/\/saezdecom.com\/ca\/wp-json\/wp\/v2\/media\/23364"}],"wp:attachment":[{"href":"https:\/\/saezdecom.com\/ca\/wp-json\/wp\/v2\/media?parent=24862"}],"wp:term":[{"taxonomy":"product_cat","embeddable":true,"href":"https:\/\/saezdecom.com\/ca\/wp-json\/wp\/v2\/product_cat?post=24862"},{"taxonomy":"product_tag","embeddable":true,"href":"https:\/\/saezdecom.com\/ca\/wp-json\/wp\/v2\/product_tag?post=24862"}],"curies":[{"name":"wp","href":"https:\/\/api.w.org\/{rel}","templated":true}]}}