{"id":24864,"date":"2019-02-27T15:39:06","date_gmt":"2019-02-27T14:39:06","guid":{"rendered":"https:\/\/www.saezdecom.com\/producto\/fard-de-tela-acustica-sound-absorber-de-500gr-en-diversos-colors\/"},"modified":"2019-02-27T15:39:06","modified_gmt":"2019-02-27T14:39:06","slug":"fardell-tela-acustica-500g-negre-ecru","status":"publish","type":"product","link":"https:\/\/saezdecom.com\/ca\/producto\/fardell-tela-acustica-500g-negre-ecru\/","title":{"rendered":"Fard de tela ac\u00fastica Sound Absorber de 500gr en diversos colors"},"content":{"rendered":"<p>T&#8217;oferim el fardell de tela ac\u00fastica ign\u00edfuga Sound Absorber de 500gr de color negre i ecru, igual que la resta de les nostres teles ign\u00edfugues \u00e9s id\u00f2nia per a qualsevol tipus d&#8217;esdeveniment. Aquesta tela ac\u00fastica est\u00e0 especialment dissenyada i fabricada per absorbir la major quantitat de so, ajudant a eliminar sons molests com el ress\u00f2 i les reverberacions. A causa del seu gruix, \u00e9s molt efica\u00e7 tamb\u00e9 bloquejant la llum artificial i natural. El fardell cont\u00e9 60 metres i est\u00e0 confeccionat amb 100% cot\u00f3.<\/p>\n<p>A Saez Decom nom\u00e9s venem teles de qualitat, que aguantin el pas del temps i es puguin fer servir moltes vegades. Comptem amb una selecci\u00f3 de les millors teles ac\u00fastiques de tot el mercat, a la nostra botiga online pots trobar teles ac\u00fastiques fabricades a Europa, aquestes han passat tots els controls de qualitat pertinents i les respectives proves per a ign\u00edfugs. Aix\u00ed mateix, compleixen els requisits de classe B1 per a ign\u00edfugs, segons la normativa DIN 4102 B1.<\/p>\n<p>El producte est\u00e0 disponible en diversos colors: negre i ecru.<\/p>\n<p>Si tens qualsevol dubte sobre quin tipus de tela hauries d&#8217;usar al teu esdeveniment, posa&#8217;t en contacte via formulari de contacte o truca directament a les nostres oficines i t&#8217;atendrem encantats.<\/p>\n","protected":false},"excerpt":{"rendered":"<ul>\n<li>Tela ac\u00fastica ign\u00edfuga<\/li>\n<li>Confeccionat amb teixit de 100% cot\u00f3<\/li>\n<li>Propietat ign\u00edfuga segons DIN 4102 B1<\/li>\n<li>Qualitat: 500 g\/m\u00b2<\/li>\n<li>Fard de 60 metres<\/li>\n<li>Ample de 300 cm<\/li>\n<li>Color: Negre i Cru<\/li>\n<li>Fabricat a Alemanya.<\/li>\n<li>A causa de la pujada constant de les mat\u00c3\u00a8ries primeres, principalment del cot\u00c3\u00b3, aquests preus s\u00c3\u00b3n considerats com a orientatius. Per consultes feu clic <a href=\"https:\/\/saezdecom.com\/contacto\/\">aqu\u00ed<\/a>.<\/li>\n<\/ul>\n","protected":false},"featured_media":23352,"template":"","meta":[],"product_cat":[212],"product_tag":[],"class_list":["post-24864","product","type-product","status-publish","has-post-thumbnail","hentry","product_cat-teles-ignifugues","product_shipping_class-productos-sin-confeccionar-fardos"],"yoast_head":"<!-- This site is optimized with the Yoast SEO plugin v21.2 - https:\/\/yoast.com\/wordpress\/plugins\/seo\/ -->\n<title>Venda de Fard de tela ac\u00fastica, 500 g en diversos colors. A Barcelona<\/title>\n<meta name=\"description\" content=\"Visita la nostra botiga online i informa&#039;t sobre el Fardo de Tela Ac\u00fastica. Excel\u00b7lent relaci\u00f3 qualitat\/preu.\" \/>\n<meta name=\"robots\" content=\"index, follow, max-snippet:-1, max-image-preview:large, max-video-preview:-1\" \/>\n<link rel=\"canonical\" href=\"https:\/\/saezdecom.com\/ca\/producto\/fardell-tela-acustica-500g-negre-ecru\/\" \/>\n<meta property=\"og:locale\" content=\"ca_ES\" \/>\n<meta property=\"og:type\" content=\"article\" \/>\n<meta property=\"og:title\" content=\"Venda de Fard de tela ac\u00fastica, 500 g en diversos colors. A Barcelona\" \/>\n<meta property=\"og:description\" content=\"Visita la nostra botiga online i informa&#039;t sobre el Fardo de Tela Ac\u00fastica. Excel\u00b7lent relaci\u00f3 qualitat\/preu.\" \/>\n<meta property=\"og:url\" content=\"https:\/\/saezdecom.com\/ca\/producto\/fardell-tela-acustica-500g-negre-ecru\/\" \/>\n<meta property=\"og:site_name\" content=\"Saez Decom\" \/>\n<meta property=\"article:publisher\" content=\"https:\/\/www.facebook.com\/saezdecomeventos\/\" \/>\n<meta property=\"og:image\" content=\"https:\/\/www.saezdecom.es\/wp-content\/uploads\/2019\/02\/fardo-tela-acustica-blanco-002.jpg\" \/>\n\t<meta property=\"og:image:width\" content=\"800\" \/>\n\t<meta property=\"og:image:height\" content=\"600\" \/>\n\t<meta property=\"og:image:type\" content=\"image\/jpeg\" \/>\n<meta name=\"twitter:card\" content=\"summary_large_image\" \/>\n<meta name=\"twitter:site\" content=\"@saezdecom\" \/>\n<meta name=\"twitter:label1\" content=\"Temps estimat de lectura\" \/>\n\t<meta name=\"twitter:data1\" content=\"1 minut\" \/>\n<script type=\"application\/ld+json\" class=\"yoast-schema-graph\">{\"@context\":\"https:\/\/schema.org\",\"@graph\":[{\"@type\":\"WebPage\",\"@id\":\"https:\/\/saezdecom.com\/ca\/producto\/fardell-tela-acustica-500g-negre-ecru\/\",\"url\":\"https:\/\/saezdecom.com\/ca\/producto\/fardell-tela-acustica-500g-negre-ecru\/\",\"name\":\"Venda de Fard de tela ac\u00fastica, 500 g en diversos colors. A Barcelona\",\"isPartOf\":{\"@id\":\"https:\/\/saezdecom.com\/ca\/#website\"},\"datePublished\":\"2019-02-27T14:39:06+00:00\",\"dateModified\":\"2019-02-27T14:39:06+00:00\",\"description\":\"Visita la nostra botiga online i informa't sobre el Fardo de Tela Ac\u00fastica. Excel\u00b7lent relaci\u00f3 qualitat\/preu.\",\"breadcrumb\":{\"@id\":\"https:\/\/saezdecom.com\/ca\/producto\/fardell-tela-acustica-500g-negre-ecru\/#breadcrumb\"},\"inLanguage\":\"ca\",\"potentialAction\":[{\"@type\":\"ReadAction\",\"target\":[\"https:\/\/saezdecom.com\/ca\/producto\/fardell-tela-acustica-500g-negre-ecru\/\"]}]},{\"@type\":\"BreadcrumbList\",\"@id\":\"https:\/\/saezdecom.com\/ca\/producto\/fardell-tela-acustica-500g-negre-ecru\/#breadcrumb\",\"itemListElement\":[{\"@type\":\"ListItem\",\"position\":1,\"name\":\"Portada\",\"item\":\"https:\/\/saezdecom.com\/ca\/inicio\/\"},{\"@type\":\"ListItem\",\"position\":2,\"name\":\"Botiga\",\"item\":\"https:\/\/www.saezdecom.es\/ca\/botiga\/\"},{\"@type\":\"ListItem\",\"position\":3,\"name\":\"Fard de tela ac\u00fastica Sound Absorber de 500gr en diversos colors\"}]},{\"@type\":\"WebSite\",\"@id\":\"https:\/\/saezdecom.com\/ca\/#website\",\"url\":\"https:\/\/saezdecom.com\/ca\/\",\"name\":\"Saez Decom\",\"description\":\"Backdrops, Servicios y Productos para eventots\",\"publisher\":{\"@id\":\"https:\/\/saezdecom.com\/ca\/#organization\"},\"potentialAction\":[{\"@type\":\"SearchAction\",\"target\":{\"@type\":\"EntryPoint\",\"urlTemplate\":\"https:\/\/saezdecom.com\/ca\/?s={search_term_string}\"},\"query-input\":\"required name=search_term_string\"}],\"inLanguage\":\"ca\"},{\"@type\":\"Organization\",\"@id\":\"https:\/\/saezdecom.com\/ca\/#organization\",\"name\":\"Saez Decom\",\"url\":\"https:\/\/saezdecom.com\/ca\/\",\"logo\":{\"@type\":\"ImageObject\",\"inLanguage\":\"ca\",\"@id\":\"https:\/\/saezdecom.com\/ca\/#\/schema\/logo\/image\/\",\"url\":\"https:\/\/saezdecom.com\/wp-content\/uploads\/2023\/07\/Logo_amb_lletres_Saez_Decom_retina.png\",\"contentUrl\":\"https:\/\/saezdecom.com\/wp-content\/uploads\/2023\/07\/Logo_amb_lletres_Saez_Decom_retina.png\",\"width\":1410,\"height\":200,\"caption\":\"Saez Decom\"},\"image\":{\"@id\":\"https:\/\/saezdecom.com\/ca\/#\/schema\/logo\/image\/\"},\"sameAs\":[\"https:\/\/www.facebook.com\/saezdecomeventos\/\",\"https:\/\/twitter.com\/saezdecom\",\"https:\/\/www.youtube.com\/user\/saezdecom\",\"https:\/\/www.linkedin.com\/company\/saez-decom\/\",\"https:\/\/www.pinterest.es\/saezdecom\/\",\"https:\/\/www.instagram.com\/saez_decom\/\"]}]}<\/script>\n<!-- \/ Yoast SEO plugin. -->","yoast_head_json":{"title":"Venda de Fard de tela ac\u00fastica, 500 g en diversos colors. A Barcelona","description":"Visita la nostra botiga online i informa't sobre el Fardo de Tela Ac\u00fastica. Excel\u00b7lent relaci\u00f3 qualitat\/preu.","robots":{"index":"index","follow":"follow","max-snippet":"max-snippet:-1","max-image-preview":"max-image-preview:large","max-video-preview":"max-video-preview:-1"},"canonical":"https:\/\/saezdecom.com\/ca\/producto\/fardell-tela-acustica-500g-negre-ecru\/","og_locale":"ca_ES","og_type":"article","og_title":"Venda de Fard de tela ac\u00fastica, 500 g en diversos colors. A Barcelona","og_description":"Visita la nostra botiga online i informa't sobre el Fardo de Tela Ac\u00fastica. Excel\u00b7lent relaci\u00f3 qualitat\/preu.","og_url":"https:\/\/saezdecom.com\/ca\/producto\/fardell-tela-acustica-500g-negre-ecru\/","og_site_name":"Saez Decom","article_publisher":"https:\/\/www.facebook.com\/saezdecomeventos\/","og_image":[{"width":800,"height":600,"url":"https:\/\/www.saezdecom.es\/wp-content\/uploads\/2019\/02\/fardo-tela-acustica-blanco-002.jpg","type":"image\/jpeg"}],"twitter_card":"summary_large_image","twitter_site":"@saezdecom","twitter_misc":{"Temps estimat de lectura":"1 minut"},"schema":{"@context":"https:\/\/schema.org","@graph":[{"@type":"WebPage","@id":"https:\/\/saezdecom.com\/ca\/producto\/fardell-tela-acustica-500g-negre-ecru\/","url":"https:\/\/saezdecom.com\/ca\/producto\/fardell-tela-acustica-500g-negre-ecru\/","name":"Venda de Fard de tela ac\u00fastica, 500 g en diversos colors. A Barcelona","isPartOf":{"@id":"https:\/\/saezdecom.com\/ca\/#website"},"datePublished":"2019-02-27T14:39:06+00:00","dateModified":"2019-02-27T14:39:06+00:00","description":"Visita la nostra botiga online i informa't sobre el Fardo de Tela Ac\u00fastica. Excel\u00b7lent relaci\u00f3 qualitat\/preu.","breadcrumb":{"@id":"https:\/\/saezdecom.com\/ca\/producto\/fardell-tela-acustica-500g-negre-ecru\/#breadcrumb"},"inLanguage":"ca","potentialAction":[{"@type":"ReadAction","target":["https:\/\/saezdecom.com\/ca\/producto\/fardell-tela-acustica-500g-negre-ecru\/"]}]},{"@type":"BreadcrumbList","@id":"https:\/\/saezdecom.com\/ca\/producto\/fardell-tela-acustica-500g-negre-ecru\/#breadcrumb","itemListElement":[{"@type":"ListItem","position":1,"name":"Portada","item":"https:\/\/saezdecom.com\/ca\/inicio\/"},{"@type":"ListItem","position":2,"name":"Botiga","item":"https:\/\/www.saezdecom.es\/ca\/botiga\/"},{"@type":"ListItem","position":3,"name":"Fard de tela ac\u00fastica Sound Absorber de 500gr en diversos colors"}]},{"@type":"WebSite","@id":"https:\/\/saezdecom.com\/ca\/#website","url":"https:\/\/saezdecom.com\/ca\/","name":"Saez Decom","description":"Backdrops, Servicios y Productos para eventots","publisher":{"@id":"https:\/\/saezdecom.com\/ca\/#organization"},"potentialAction":[{"@type":"SearchAction","target":{"@type":"EntryPoint","urlTemplate":"https:\/\/saezdecom.com\/ca\/?s={search_term_string}"},"query-input":"required name=search_term_string"}],"inLanguage":"ca"},{"@type":"Organization","@id":"https:\/\/saezdecom.com\/ca\/#organization","name":"Saez Decom","url":"https:\/\/saezdecom.com\/ca\/","logo":{"@type":"ImageObject","inLanguage":"ca","@id":"https:\/\/saezdecom.com\/ca\/#\/schema\/logo\/image\/","url":"https:\/\/saezdecom.com\/wp-content\/uploads\/2023\/07\/Logo_amb_lletres_Saez_Decom_retina.png","contentUrl":"https:\/\/saezdecom.com\/wp-content\/uploads\/2023\/07\/Logo_amb_lletres_Saez_Decom_retina.png","width":1410,"height":200,"caption":"Saez Decom"},"image":{"@id":"https:\/\/saezdecom.com\/ca\/#\/schema\/logo\/image\/"},"sameAs":["https:\/\/www.facebook.com\/saezdecomeventos\/","https:\/\/twitter.com\/saezdecom","https:\/\/www.youtube.com\/user\/saezdecom","https:\/\/www.linkedin.com\/company\/saez-decom\/","https:\/\/www.pinterest.es\/saezdecom\/","https:\/\/www.instagram.com\/saez_decom\/"]}]}},"_links":{"self":[{"href":"https:\/\/saezdecom.com\/ca\/wp-json\/wp\/v2\/product\/24864","targetHints":{"allow":["GET"]}}],"collection":[{"href":"https:\/\/saezdecom.com\/ca\/wp-json\/wp\/v2\/product"}],"about":[{"href":"https:\/\/saezdecom.com\/ca\/wp-json\/wp\/v2\/types\/product"}],"wp:featuredmedia":[{"embeddable":true,"href":"https:\/\/saezdecom.com\/ca\/wp-json\/wp\/v2\/media\/23352"}],"wp:attachment":[{"href":"https:\/\/saezdecom.com\/ca\/wp-json\/wp\/v2\/media?parent=24864"}],"wp:term":[{"taxonomy":"product_cat","embeddable":true,"href":"https:\/\/saezdecom.com\/ca\/wp-json\/wp\/v2\/product_cat?post=24864"},{"taxonomy":"product_tag","embeddable":true,"href":"https:\/\/saezdecom.com\/ca\/wp-json\/wp\/v2\/product_tag?post=24864"}],"curies":[{"name":"wp","href":"https:\/\/api.w.org\/{rel}","templated":true}]}}