{"id":24866,"date":"2019-03-06T12:21:55","date_gmt":"2019-03-06T11:21:55","guid":{"rendered":"https:\/\/www.saezdecom.com\/producto\/fardo-de-tela-sprinkler-stretch-trevira-cs-elastica-i-ignifuga-90-g-color-blanc\/"},"modified":"2019-03-06T12:21:55","modified_gmt":"2019-03-06T11:21:55","slug":"fardell-de-tela-trevira-cs","status":"publish","type":"product","link":"https:\/\/saezdecom.com\/ca\/producto\/fardell-de-tela-trevira-cs\/","title":{"rendered":"Fard\u00f3 de tela Sprinkler Stretch Trevira CS el\u00e0stica i ign\u00edfuga, 90 g, color blanc"},"content":{"rendered":"<p>El fardell de roba Sprinkler Stretch Trevira CS ign\u00edfuga el\u00e0stica arriba a la nostra botiga online, tamb\u00e9 coneguda com &#8220;Sprinkler Stretch&#8221;, amb una qualitat de 90 g\/m\u00b2, teixit 100% Trevira CS, en color blanc. La longitud est\u00e0ndard d&#8217;aquest producte \u00e9s de 50 metres, tot i aix\u00ed podem reservar aquestes teles amb una longitud d&#8217;entre 30 i 50 metres, segons disponibilitat del fabricant. Aquest tipus de roba est\u00e0 dissenyada i fabricada especialment per a esdeveniments i exposicions de tota mena. A la gran majoria d&#8217;esdeveniments i fires, aquest tipus de teles s\u00f3n necess\u00e0ries ja que, en cas d&#8217;incendi, l&#8217;aigua pot travessar el teixit f\u00e0cilment i augmenta l&#8217;efectivitat per extingir les flames.<\/p>\n<p>Totes les teles incloses a la nostra botiga estan fabricades a Europa (Alemanya), les quals han superat els controls de qualitat pertinents i les proves per a teixits ign\u00edfugs. El fardell de Trevira CS compleix amb la normativa espec\u00edfica Certificat DIN 4102 class B1 + VdS.<\/p>\n<p>Nom\u00e9s venem teles de qualitat, amb un acabat excel\u00b7lent i duradores, fetes per resistir el pas del temps i el seu \u00fas continuat.<\/p>\n<p>Si necessites un fardell amb una longitud diferent de 50 metres (mesura est\u00e0ndard), cal que contactis amb les nostres <a href=\"https:\/\/saezdecom.com\/contacto\/\">oficines<\/a> via formulari de contacte o per tel\u00e8fon i t&#8217;informarem sobre la disponibilitat del nostre fabricant.<\/p>\n","protected":false},"excerpt":{"rendered":"<ul>\n<li>Fard de roba Trevira CS, ign\u00edfuga i el\u00e0stica<\/li>\n<li>Malla hexagonal 3,2 mm x 4,9 mm<\/li>\n<li>Confeccionat amb teixit de 100% trevira CS<\/li>\n<li>Propietat ign\u00edfuga segons certificat DIN 4102 class B1 + VdS<\/li>\n<li>Qualitat: 90 g\/m\u00b2<\/li>\n<li>Fard de 50 metres (altres mesures disponibles, cal consultar via formulari o per tel\u00e8fon)<\/li>\n<li>Ample de 500 cm, s&#8217;estira fins als 515 cm<\/li>\n<li>Color blanc<\/li>\n<li>Fabricat a Alemanya.<\/li>\n<li>A causa de la pujada constant de les mat\u00c3\u00a8ries primeres, principalment del cot\u00c3\u00b3, aquests preus s\u00c3\u00b3n considerats com a orientatius. Per consultes feu clic <a href=\"https:\/\/saezdecom.com\/contacto\/\">aqu\u00ed<\/a>.<\/li>\n<\/ul>\n","protected":false},"featured_media":23350,"template":"","meta":[],"product_cat":[212],"product_tag":[],"class_list":["post-24866","product","type-product","status-publish","has-post-thumbnail","hentry","product_cat-teles-ignifugues","product_shipping_class-productos-sin-confeccionar-fardos"],"yoast_head":"<!-- This site is optimized with the Yoast SEO plugin v21.2 - https:\/\/yoast.com\/wordpress\/plugins\/seo\/ -->\n<title>Fard de roba Trevira CS el\u00e0stica i ign\u00edfuga, 90 g, color blanc<\/title>\n<meta name=\"description\" content=\"Troba a la nostra botiga online teles amb la millor relaci\u00f3 qualitat. En aquest cas el Fardo de roba Trevira CS el\u00e0stica i ign\u00edfuga, 90 g\/m\u00b2.\" \/>\n<meta name=\"robots\" content=\"index, follow, max-snippet:-1, max-image-preview:large, max-video-preview:-1\" \/>\n<link rel=\"canonical\" href=\"https:\/\/saezdecom.com\/ca\/producto\/fardell-de-tela-trevira-cs\/\" \/>\n<meta property=\"og:locale\" content=\"ca_ES\" \/>\n<meta property=\"og:type\" content=\"article\" \/>\n<meta property=\"og:title\" content=\"Fard de roba Trevira CS el\u00e0stica i ign\u00edfuga, 90 g, color blanc\" \/>\n<meta property=\"og:description\" content=\"Troba a la nostra botiga online teles amb la millor relaci\u00f3 qualitat. En aquest cas el Fardo de roba Trevira CS el\u00e0stica i ign\u00edfuga, 90 g\/m\u00b2.\" \/>\n<meta property=\"og:url\" content=\"https:\/\/saezdecom.com\/ca\/producto\/fardell-de-tela-trevira-cs\/\" \/>\n<meta property=\"og:site_name\" content=\"Saez Decom\" \/>\n<meta property=\"article:publisher\" content=\"https:\/\/www.facebook.com\/saezdecomeventos\/\" \/>\n<meta property=\"og:image\" content=\"https:\/\/www.saezdecom.es\/wp-content\/uploads\/2019\/03\/trevira-cs-001.jpg\" \/>\n\t<meta property=\"og:image:width\" content=\"800\" \/>\n\t<meta property=\"og:image:height\" content=\"600\" \/>\n\t<meta property=\"og:image:type\" content=\"image\/jpeg\" \/>\n<meta name=\"twitter:card\" content=\"summary_large_image\" \/>\n<meta name=\"twitter:site\" content=\"@saezdecom\" \/>\n<meta name=\"twitter:label1\" content=\"Temps estimat de lectura\" \/>\n\t<meta name=\"twitter:data1\" content=\"1 minut\" \/>\n<script type=\"application\/ld+json\" class=\"yoast-schema-graph\">{\"@context\":\"https:\/\/schema.org\",\"@graph\":[{\"@type\":\"WebPage\",\"@id\":\"https:\/\/saezdecom.com\/ca\/producto\/fardell-de-tela-trevira-cs\/\",\"url\":\"https:\/\/saezdecom.com\/ca\/producto\/fardell-de-tela-trevira-cs\/\",\"name\":\"Fard de roba Trevira CS el\u00e0stica i ign\u00edfuga, 90 g, color blanc\",\"isPartOf\":{\"@id\":\"https:\/\/saezdecom.com\/ca\/#website\"},\"datePublished\":\"2019-03-06T11:21:55+00:00\",\"dateModified\":\"2019-03-06T11:21:55+00:00\",\"description\":\"Troba a la nostra botiga online teles amb la millor relaci\u00f3 qualitat. En aquest cas el Fardo de roba Trevira CS el\u00e0stica i ign\u00edfuga, 90 g\/m\u00b2.\",\"breadcrumb\":{\"@id\":\"https:\/\/saezdecom.com\/ca\/producto\/fardell-de-tela-trevira-cs\/#breadcrumb\"},\"inLanguage\":\"ca\",\"potentialAction\":[{\"@type\":\"ReadAction\",\"target\":[\"https:\/\/saezdecom.com\/ca\/producto\/fardell-de-tela-trevira-cs\/\"]}]},{\"@type\":\"BreadcrumbList\",\"@id\":\"https:\/\/saezdecom.com\/ca\/producto\/fardell-de-tela-trevira-cs\/#breadcrumb\",\"itemListElement\":[{\"@type\":\"ListItem\",\"position\":1,\"name\":\"Portada\",\"item\":\"https:\/\/saezdecom.com\/ca\/inicio\/\"},{\"@type\":\"ListItem\",\"position\":2,\"name\":\"Botiga\",\"item\":\"https:\/\/www.saezdecom.es\/ca\/botiga\/\"},{\"@type\":\"ListItem\",\"position\":3,\"name\":\"Fard\u00f3 de tela Sprinkler Stretch Trevira CS el\u00e0stica i ign\u00edfuga, 90 g, color blanc\"}]},{\"@type\":\"WebSite\",\"@id\":\"https:\/\/saezdecom.com\/ca\/#website\",\"url\":\"https:\/\/saezdecom.com\/ca\/\",\"name\":\"Saez Decom\",\"description\":\"Backdrops, Servicios y Productos para eventots\",\"publisher\":{\"@id\":\"https:\/\/saezdecom.com\/ca\/#organization\"},\"potentialAction\":[{\"@type\":\"SearchAction\",\"target\":{\"@type\":\"EntryPoint\",\"urlTemplate\":\"https:\/\/saezdecom.com\/ca\/?s={search_term_string}\"},\"query-input\":\"required name=search_term_string\"}],\"inLanguage\":\"ca\"},{\"@type\":\"Organization\",\"@id\":\"https:\/\/saezdecom.com\/ca\/#organization\",\"name\":\"Saez Decom\",\"url\":\"https:\/\/saezdecom.com\/ca\/\",\"logo\":{\"@type\":\"ImageObject\",\"inLanguage\":\"ca\",\"@id\":\"https:\/\/saezdecom.com\/ca\/#\/schema\/logo\/image\/\",\"url\":\"https:\/\/saezdecom.com\/wp-content\/uploads\/2023\/07\/Logo_amb_lletres_Saez_Decom_retina.png\",\"contentUrl\":\"https:\/\/saezdecom.com\/wp-content\/uploads\/2023\/07\/Logo_amb_lletres_Saez_Decom_retina.png\",\"width\":1410,\"height\":200,\"caption\":\"Saez Decom\"},\"image\":{\"@id\":\"https:\/\/saezdecom.com\/ca\/#\/schema\/logo\/image\/\"},\"sameAs\":[\"https:\/\/www.facebook.com\/saezdecomeventos\/\",\"https:\/\/twitter.com\/saezdecom\",\"https:\/\/www.youtube.com\/user\/saezdecom\",\"https:\/\/www.linkedin.com\/company\/saez-decom\/\",\"https:\/\/www.pinterest.es\/saezdecom\/\",\"https:\/\/www.instagram.com\/saez_decom\/\"]}]}<\/script>\n<!-- \/ Yoast SEO plugin. -->","yoast_head_json":{"title":"Fard de roba Trevira CS el\u00e0stica i ign\u00edfuga, 90 g, color blanc","description":"Troba a la nostra botiga online teles amb la millor relaci\u00f3 qualitat. En aquest cas el Fardo de roba Trevira CS el\u00e0stica i ign\u00edfuga, 90 g\/m\u00b2.","robots":{"index":"index","follow":"follow","max-snippet":"max-snippet:-1","max-image-preview":"max-image-preview:large","max-video-preview":"max-video-preview:-1"},"canonical":"https:\/\/saezdecom.com\/ca\/producto\/fardell-de-tela-trevira-cs\/","og_locale":"ca_ES","og_type":"article","og_title":"Fard de roba Trevira CS el\u00e0stica i ign\u00edfuga, 90 g, color blanc","og_description":"Troba a la nostra botiga online teles amb la millor relaci\u00f3 qualitat. En aquest cas el Fardo de roba Trevira CS el\u00e0stica i ign\u00edfuga, 90 g\/m\u00b2.","og_url":"https:\/\/saezdecom.com\/ca\/producto\/fardell-de-tela-trevira-cs\/","og_site_name":"Saez Decom","article_publisher":"https:\/\/www.facebook.com\/saezdecomeventos\/","og_image":[{"width":800,"height":600,"url":"https:\/\/www.saezdecom.es\/wp-content\/uploads\/2019\/03\/trevira-cs-001.jpg","type":"image\/jpeg"}],"twitter_card":"summary_large_image","twitter_site":"@saezdecom","twitter_misc":{"Temps estimat de lectura":"1 minut"},"schema":{"@context":"https:\/\/schema.org","@graph":[{"@type":"WebPage","@id":"https:\/\/saezdecom.com\/ca\/producto\/fardell-de-tela-trevira-cs\/","url":"https:\/\/saezdecom.com\/ca\/producto\/fardell-de-tela-trevira-cs\/","name":"Fard de roba Trevira CS el\u00e0stica i ign\u00edfuga, 90 g, color blanc","isPartOf":{"@id":"https:\/\/saezdecom.com\/ca\/#website"},"datePublished":"2019-03-06T11:21:55+00:00","dateModified":"2019-03-06T11:21:55+00:00","description":"Troba a la nostra botiga online teles amb la millor relaci\u00f3 qualitat. En aquest cas el Fardo de roba Trevira CS el\u00e0stica i ign\u00edfuga, 90 g\/m\u00b2.","breadcrumb":{"@id":"https:\/\/saezdecom.com\/ca\/producto\/fardell-de-tela-trevira-cs\/#breadcrumb"},"inLanguage":"ca","potentialAction":[{"@type":"ReadAction","target":["https:\/\/saezdecom.com\/ca\/producto\/fardell-de-tela-trevira-cs\/"]}]},{"@type":"BreadcrumbList","@id":"https:\/\/saezdecom.com\/ca\/producto\/fardell-de-tela-trevira-cs\/#breadcrumb","itemListElement":[{"@type":"ListItem","position":1,"name":"Portada","item":"https:\/\/saezdecom.com\/ca\/inicio\/"},{"@type":"ListItem","position":2,"name":"Botiga","item":"https:\/\/www.saezdecom.es\/ca\/botiga\/"},{"@type":"ListItem","position":3,"name":"Fard\u00f3 de tela Sprinkler Stretch Trevira CS el\u00e0stica i ign\u00edfuga, 90 g, color blanc"}]},{"@type":"WebSite","@id":"https:\/\/saezdecom.com\/ca\/#website","url":"https:\/\/saezdecom.com\/ca\/","name":"Saez Decom","description":"Backdrops, Servicios y Productos para eventots","publisher":{"@id":"https:\/\/saezdecom.com\/ca\/#organization"},"potentialAction":[{"@type":"SearchAction","target":{"@type":"EntryPoint","urlTemplate":"https:\/\/saezdecom.com\/ca\/?s={search_term_string}"},"query-input":"required name=search_term_string"}],"inLanguage":"ca"},{"@type":"Organization","@id":"https:\/\/saezdecom.com\/ca\/#organization","name":"Saez Decom","url":"https:\/\/saezdecom.com\/ca\/","logo":{"@type":"ImageObject","inLanguage":"ca","@id":"https:\/\/saezdecom.com\/ca\/#\/schema\/logo\/image\/","url":"https:\/\/saezdecom.com\/wp-content\/uploads\/2023\/07\/Logo_amb_lletres_Saez_Decom_retina.png","contentUrl":"https:\/\/saezdecom.com\/wp-content\/uploads\/2023\/07\/Logo_amb_lletres_Saez_Decom_retina.png","width":1410,"height":200,"caption":"Saez Decom"},"image":{"@id":"https:\/\/saezdecom.com\/ca\/#\/schema\/logo\/image\/"},"sameAs":["https:\/\/www.facebook.com\/saezdecomeventos\/","https:\/\/twitter.com\/saezdecom","https:\/\/www.youtube.com\/user\/saezdecom","https:\/\/www.linkedin.com\/company\/saez-decom\/","https:\/\/www.pinterest.es\/saezdecom\/","https:\/\/www.instagram.com\/saez_decom\/"]}]}},"_links":{"self":[{"href":"https:\/\/saezdecom.com\/ca\/wp-json\/wp\/v2\/product\/24866","targetHints":{"allow":["GET"]}}],"collection":[{"href":"https:\/\/saezdecom.com\/ca\/wp-json\/wp\/v2\/product"}],"about":[{"href":"https:\/\/saezdecom.com\/ca\/wp-json\/wp\/v2\/types\/product"}],"wp:featuredmedia":[{"embeddable":true,"href":"https:\/\/saezdecom.com\/ca\/wp-json\/wp\/v2\/media\/23350"}],"wp:attachment":[{"href":"https:\/\/saezdecom.com\/ca\/wp-json\/wp\/v2\/media?parent=24866"}],"wp:term":[{"taxonomy":"product_cat","embeddable":true,"href":"https:\/\/saezdecom.com\/ca\/wp-json\/wp\/v2\/product_cat?post=24866"},{"taxonomy":"product_tag","embeddable":true,"href":"https:\/\/saezdecom.com\/ca\/wp-json\/wp\/v2\/product_tag?post=24866"}],"curies":[{"name":"wp","href":"https:\/\/api.w.org\/{rel}","templated":true}]}}