{"id":24868,"date":"2019-03-06T15:58:48","date_gmt":"2019-03-06T14:58:48","guid":{"rendered":"https:\/\/www.saezdecom.com\/producto\/fard-de-tela-voileignifuga-55-g-m%c2%b2-diversos-colors\/"},"modified":"2019-03-06T15:58:48","modified_gmt":"2019-03-06T14:58:48","slug":"fardell-de-tela-voile","status":"publish","type":"product","link":"https:\/\/saezdecom.com\/ca\/producto\/fardell-de-tela-voile\/","title":{"rendered":"Fard de tela Voile,ign\u00edfuga, 55 g\/m\u00b2, diversos colors"},"content":{"rendered":"<p>T&#8217;oferim a la nostra botiga online el nou teixit distribu\u00eft per Saez Decom, el fardell de tela Voile, ign\u00edfuga, amb una qualitat de 55 g\/m\u00b2, en diversos colors com a blanc o negre. La longitud est\u00e0ndard del fardell \u00e9s de 50 metres, per\u00f2 podeu consultar amb les nostres oficines per a longituds d&#8217;entre 30 i 50 metres, depenent de la disponibilitat del fabricant. La tela ign\u00edfuga Voile est\u00e0 dissenyada per usar-la com a panells separadors pel fet que \u00e9s transparent, molt lleugera i per tant f\u00e0cil de transportar, muntar i desmuntar. Aix\u00ed mateix, \u00e9s perfecta per crear efectes especials en aquestes teles transparents amb il\u00b7luminaci\u00f3 art\u00edstica o l\u00fas de llum l\u00e0ser.<\/p>\n<p>Totes les teles de la nostra botiga estan fabricades a Europa (Alemanya), les quals han superat els controls de qualitat pertinents i les proves per a teixits ign\u00edfugs. El fardell de roba Voile compleix amb la normativa pertinent, certificat DIN 4102B1 + certificat M1<\/p>\n<p>Nom\u00e9s venem teles de qualitat, duradores, fetes per resistir el pas del temps i l&#8217;\u00fas continuat, a m\u00e9s a m\u00e9s amb un acabat excel\u00b7lent.<\/p>\n<p>Si necessites un fardell amb una longitud diferent de 60 metres (mesura est\u00e0ndard), cal que contactis amb les nostres oficines via formulari de contacte o per tel\u00e8fon i t&#8217;informarem sobre la disponibilitat del nostre fabricant.<\/p>\n","protected":false},"excerpt":{"rendered":"<ul>\n<li>Fard de tela Voile, ign\u00edfuga<\/li>\n<li>Confeccionat amb teixit de 100% Trevira CS<\/li>\n<li>Propietat ign\u00edfuga segons certificat DIN 4102B1 + certificat M1<\/li>\n<li>Qualitat: 55 g\/m\u00b2<\/li>\n<li>Fard de 50 metres (altres mesures disponibles, cal consultar via formulari o per tel\u00e8fon)<\/li>\n<li>Ample de 300 cm<\/li>\n<li>Disponible en: blanc o negre<\/li>\n<li>Fabricat a Alemania<\/li>\n<li>Disponible amb amplada de 420 cm, per saber el preu i la disponibilitat d&#8217;aquesta amplada posa&#8217;t en contacte amb nosaltres.<\/li>\n<li>A causa de la pujada constant de les mat\u00c3\u00a8ries primeres, principalment del cot\u00c3\u00b3, aquests preus s\u00c3\u00b3n considerats com a orientatius. Per consultes feu clic <a href=\"https:\/\/saezdecom.com\/contacto\/\">aqu\u00ed<\/a>.<\/li>\n<\/ul>\n","protected":false},"featured_media":23346,"template":"","meta":[],"product_cat":[212],"product_tag":[],"class_list":["post-24868","product","type-product","status-publish","has-post-thumbnail","hentry","product_cat-teles-ignifugues","product_shipping_class-productos-sin-confeccionar-fardos"],"yoast_head":"<!-- This site is optimized with the Yoast SEO plugin v21.2 - https:\/\/yoast.com\/wordpress\/plugins\/seo\/ -->\n<title>Fard de tela Voile, ign\u00edfuga, 55 g\/m\u00b2, en colors blanc o negre<\/title>\n<meta name=\"description\" content=\"Descobreix a la nostra botiga online la tela Voile, ign\u00edfuga, 55 g\/m\u00b2, en colors blanc o negre. Longitud de 60 metres i amplada de 300 cm.\" \/>\n<meta name=\"robots\" content=\"index, follow, max-snippet:-1, max-image-preview:large, max-video-preview:-1\" \/>\n<link rel=\"canonical\" href=\"https:\/\/saezdecom.com\/ca\/producto\/fardell-de-tela-voile\/\" \/>\n<meta property=\"og:locale\" content=\"ca_ES\" \/>\n<meta property=\"og:type\" content=\"article\" \/>\n<meta property=\"og:title\" content=\"Fard de tela Voile, ign\u00edfuga, 55 g\/m\u00b2, en colors blanc o negre\" \/>\n<meta property=\"og:description\" content=\"Descobreix a la nostra botiga online la tela Voile, ign\u00edfuga, 55 g\/m\u00b2, en colors blanc o negre. Longitud de 60 metres i amplada de 300 cm.\" \/>\n<meta property=\"og:url\" content=\"https:\/\/saezdecom.com\/ca\/producto\/fardell-de-tela-voile\/\" \/>\n<meta property=\"og:site_name\" content=\"Saez Decom\" \/>\n<meta property=\"article:publisher\" content=\"https:\/\/www.facebook.com\/saezdecomeventos\/\" \/>\n<meta property=\"og:image\" content=\"https:\/\/saezdecom.com\/wp-content\/uploads\/2019\/03\/tela-voile-001.jpg\" \/>\n\t<meta property=\"og:image:width\" content=\"800\" \/>\n\t<meta property=\"og:image:height\" content=\"600\" \/>\n\t<meta property=\"og:image:type\" content=\"image\/jpeg\" \/>\n<meta name=\"twitter:card\" content=\"summary_large_image\" \/>\n<meta name=\"twitter:site\" content=\"@saezdecom\" \/>\n<meta name=\"twitter:label1\" content=\"Temps estimat de lectura\" \/>\n\t<meta name=\"twitter:data1\" content=\"1 minut\" \/>\n<script type=\"application\/ld+json\" class=\"yoast-schema-graph\">{\"@context\":\"https:\/\/schema.org\",\"@graph\":[{\"@type\":\"WebPage\",\"@id\":\"https:\/\/saezdecom.com\/ca\/producto\/fardell-de-tela-voile\/\",\"url\":\"https:\/\/saezdecom.com\/ca\/producto\/fardell-de-tela-voile\/\",\"name\":\"Fard de tela Voile, ign\u00edfuga, 55 g\/m\u00b2, en colors blanc o negre\",\"isPartOf\":{\"@id\":\"https:\/\/saezdecom.com\/ca\/#website\"},\"datePublished\":\"2019-03-06T14:58:48+00:00\",\"dateModified\":\"2019-03-06T14:58:48+00:00\",\"description\":\"Descobreix a la nostra botiga online la tela Voile, ign\u00edfuga, 55 g\/m\u00b2, en colors blanc o negre. Longitud de 60 metres i amplada de 300 cm.\",\"breadcrumb\":{\"@id\":\"https:\/\/saezdecom.com\/ca\/producto\/fardell-de-tela-voile\/#breadcrumb\"},\"inLanguage\":\"ca\",\"potentialAction\":[{\"@type\":\"ReadAction\",\"target\":[\"https:\/\/saezdecom.com\/ca\/producto\/fardell-de-tela-voile\/\"]}]},{\"@type\":\"BreadcrumbList\",\"@id\":\"https:\/\/saezdecom.com\/ca\/producto\/fardell-de-tela-voile\/#breadcrumb\",\"itemListElement\":[{\"@type\":\"ListItem\",\"position\":1,\"name\":\"Portada\",\"item\":\"https:\/\/saezdecom.com\/ca\/inicio\/\"},{\"@type\":\"ListItem\",\"position\":2,\"name\":\"Botiga\",\"item\":\"https:\/\/www.saezdecom.es\/ca\/botiga\/\"},{\"@type\":\"ListItem\",\"position\":3,\"name\":\"Fard de tela Voile,ign\u00edfuga, 55 g\/m\u00b2, diversos colors\"}]},{\"@type\":\"WebSite\",\"@id\":\"https:\/\/saezdecom.com\/ca\/#website\",\"url\":\"https:\/\/saezdecom.com\/ca\/\",\"name\":\"Saez Decom\",\"description\":\"Backdrops, Servicios y Productos para eventots\",\"publisher\":{\"@id\":\"https:\/\/saezdecom.com\/ca\/#organization\"},\"potentialAction\":[{\"@type\":\"SearchAction\",\"target\":{\"@type\":\"EntryPoint\",\"urlTemplate\":\"https:\/\/saezdecom.com\/ca\/?s={search_term_string}\"},\"query-input\":\"required name=search_term_string\"}],\"inLanguage\":\"ca\"},{\"@type\":\"Organization\",\"@id\":\"https:\/\/saezdecom.com\/ca\/#organization\",\"name\":\"Saez Decom\",\"url\":\"https:\/\/saezdecom.com\/ca\/\",\"logo\":{\"@type\":\"ImageObject\",\"inLanguage\":\"ca\",\"@id\":\"https:\/\/saezdecom.com\/ca\/#\/schema\/logo\/image\/\",\"url\":\"https:\/\/saezdecom.com\/wp-content\/uploads\/2023\/07\/Logo_amb_lletres_Saez_Decom_retina.png\",\"contentUrl\":\"https:\/\/saezdecom.com\/wp-content\/uploads\/2023\/07\/Logo_amb_lletres_Saez_Decom_retina.png\",\"width\":1410,\"height\":200,\"caption\":\"Saez Decom\"},\"image\":{\"@id\":\"https:\/\/saezdecom.com\/ca\/#\/schema\/logo\/image\/\"},\"sameAs\":[\"https:\/\/www.facebook.com\/saezdecomeventos\/\",\"https:\/\/twitter.com\/saezdecom\",\"https:\/\/www.youtube.com\/user\/saezdecom\",\"https:\/\/www.linkedin.com\/company\/saez-decom\/\",\"https:\/\/www.pinterest.es\/saezdecom\/\",\"https:\/\/www.instagram.com\/saez_decom\/\"]}]}<\/script>\n<!-- \/ Yoast SEO plugin. -->","yoast_head_json":{"title":"Fard de tela Voile, ign\u00edfuga, 55 g\/m\u00b2, en colors blanc o negre","description":"Descobreix a la nostra botiga online la tela Voile, ign\u00edfuga, 55 g\/m\u00b2, en colors blanc o negre. Longitud de 60 metres i amplada de 300 cm.","robots":{"index":"index","follow":"follow","max-snippet":"max-snippet:-1","max-image-preview":"max-image-preview:large","max-video-preview":"max-video-preview:-1"},"canonical":"https:\/\/saezdecom.com\/ca\/producto\/fardell-de-tela-voile\/","og_locale":"ca_ES","og_type":"article","og_title":"Fard de tela Voile, ign\u00edfuga, 55 g\/m\u00b2, en colors blanc o negre","og_description":"Descobreix a la nostra botiga online la tela Voile, ign\u00edfuga, 55 g\/m\u00b2, en colors blanc o negre. Longitud de 60 metres i amplada de 300 cm.","og_url":"https:\/\/saezdecom.com\/ca\/producto\/fardell-de-tela-voile\/","og_site_name":"Saez Decom","article_publisher":"https:\/\/www.facebook.com\/saezdecomeventos\/","og_image":[{"width":800,"height":600,"url":"https:\/\/saezdecom.com\/wp-content\/uploads\/2019\/03\/tela-voile-001.jpg","type":"image\/jpeg"}],"twitter_card":"summary_large_image","twitter_site":"@saezdecom","twitter_misc":{"Temps estimat de lectura":"1 minut"},"schema":{"@context":"https:\/\/schema.org","@graph":[{"@type":"WebPage","@id":"https:\/\/saezdecom.com\/ca\/producto\/fardell-de-tela-voile\/","url":"https:\/\/saezdecom.com\/ca\/producto\/fardell-de-tela-voile\/","name":"Fard de tela Voile, ign\u00edfuga, 55 g\/m\u00b2, en colors blanc o negre","isPartOf":{"@id":"https:\/\/saezdecom.com\/ca\/#website"},"datePublished":"2019-03-06T14:58:48+00:00","dateModified":"2019-03-06T14:58:48+00:00","description":"Descobreix a la nostra botiga online la tela Voile, ign\u00edfuga, 55 g\/m\u00b2, en colors blanc o negre. Longitud de 60 metres i amplada de 300 cm.","breadcrumb":{"@id":"https:\/\/saezdecom.com\/ca\/producto\/fardell-de-tela-voile\/#breadcrumb"},"inLanguage":"ca","potentialAction":[{"@type":"ReadAction","target":["https:\/\/saezdecom.com\/ca\/producto\/fardell-de-tela-voile\/"]}]},{"@type":"BreadcrumbList","@id":"https:\/\/saezdecom.com\/ca\/producto\/fardell-de-tela-voile\/#breadcrumb","itemListElement":[{"@type":"ListItem","position":1,"name":"Portada","item":"https:\/\/saezdecom.com\/ca\/inicio\/"},{"@type":"ListItem","position":2,"name":"Botiga","item":"https:\/\/www.saezdecom.es\/ca\/botiga\/"},{"@type":"ListItem","position":3,"name":"Fard de tela Voile,ign\u00edfuga, 55 g\/m\u00b2, diversos colors"}]},{"@type":"WebSite","@id":"https:\/\/saezdecom.com\/ca\/#website","url":"https:\/\/saezdecom.com\/ca\/","name":"Saez Decom","description":"Backdrops, Servicios y Productos para eventots","publisher":{"@id":"https:\/\/saezdecom.com\/ca\/#organization"},"potentialAction":[{"@type":"SearchAction","target":{"@type":"EntryPoint","urlTemplate":"https:\/\/saezdecom.com\/ca\/?s={search_term_string}"},"query-input":"required name=search_term_string"}],"inLanguage":"ca"},{"@type":"Organization","@id":"https:\/\/saezdecom.com\/ca\/#organization","name":"Saez Decom","url":"https:\/\/saezdecom.com\/ca\/","logo":{"@type":"ImageObject","inLanguage":"ca","@id":"https:\/\/saezdecom.com\/ca\/#\/schema\/logo\/image\/","url":"https:\/\/saezdecom.com\/wp-content\/uploads\/2023\/07\/Logo_amb_lletres_Saez_Decom_retina.png","contentUrl":"https:\/\/saezdecom.com\/wp-content\/uploads\/2023\/07\/Logo_amb_lletres_Saez_Decom_retina.png","width":1410,"height":200,"caption":"Saez Decom"},"image":{"@id":"https:\/\/saezdecom.com\/ca\/#\/schema\/logo\/image\/"},"sameAs":["https:\/\/www.facebook.com\/saezdecomeventos\/","https:\/\/twitter.com\/saezdecom","https:\/\/www.youtube.com\/user\/saezdecom","https:\/\/www.linkedin.com\/company\/saez-decom\/","https:\/\/www.pinterest.es\/saezdecom\/","https:\/\/www.instagram.com\/saez_decom\/"]}]}},"_links":{"self":[{"href":"https:\/\/saezdecom.com\/ca\/wp-json\/wp\/v2\/product\/24868","targetHints":{"allow":["GET"]}}],"collection":[{"href":"https:\/\/saezdecom.com\/ca\/wp-json\/wp\/v2\/product"}],"about":[{"href":"https:\/\/saezdecom.com\/ca\/wp-json\/wp\/v2\/types\/product"}],"wp:featuredmedia":[{"embeddable":true,"href":"https:\/\/saezdecom.com\/ca\/wp-json\/wp\/v2\/media\/23346"}],"wp:attachment":[{"href":"https:\/\/saezdecom.com\/ca\/wp-json\/wp\/v2\/media?parent=24868"}],"wp:term":[{"taxonomy":"product_cat","embeddable":true,"href":"https:\/\/saezdecom.com\/ca\/wp-json\/wp\/v2\/product_cat?post=24868"},{"taxonomy":"product_tag","embeddable":true,"href":"https:\/\/saezdecom.com\/ca\/wp-json\/wp\/v2\/product_tag?post=24868"}],"curies":[{"name":"wp","href":"https:\/\/api.w.org\/{rel}","templated":true}]}}