{"id":24870,"date":"2019-07-23T18:09:07","date_gmt":"2019-07-23T16:09:07","guid":{"rendered":"https:\/\/www.saezdecom.com\/producto\/llenc-de-teixit-ignifug-de-coto\/"},"modified":"2023-09-22T20:12:33","modified_gmt":"2023-09-22T18:12:33","slug":"tejido-ignifugo-de-algodon","status":"publish","type":"product","link":"https:\/\/saezdecom.com\/ca\/producto\/tejido-ignifugo-de-algodon\/","title":{"rendered":"Llen\u00e7 de teixit ign\u00edfug de cot\u00f3"},"content":{"rendered":"<p>Posem a la teva disposici\u00f3 el nou llen\u00e7 de teixit ign\u00edfug de cot\u00f3 a la nostra botiga online. Aquest producte d\u00b4alta qualitat \u00e9s ideal per entapissats de grans dimensions, perfecte per a tot tipus d\u00b4esdeveniments. La tela de cot\u00f3 est\u00e0 confeccionada amb 100% cot\u00f3 i t\u00e9 propietats ign\u00edfugues.<\/p>\n<p>El gruix d\u00b4aquest teixit \u00e9s de 190 g\/m\u00b2 a 200 g\/m\u00b2. Depenent de l&#8217;amplada que escullis, el fardell pot ser de 50 a 60 metres de llarg i est\u00e0 disponible en diferents colors i mides.<\/p>\n<p>Absolutament, totes les nostres teles ign\u00edfugues han passat els controls de qualitat i han obtingut els certificats ign\u00edfugs pertinents; en aquest cas \u00e9s el certificat DIN 4102B1 + certificat M1. Est\u00e0 fabricada a Europa (Alemanya).<\/p>\n<p>Tots els teixits i teles que pots trobar a la botiga en l\u00ednia de Saez Decom s\u00f3n d&#8217;alta qualitat. A m\u00e9s, tenim els preus m\u00e9s competitius a tot l&#8217;estat espanyol. Si tens qualsevol dubte sobre preus, mides o simplement quin tipus de tela hauries d&#8217;usar al teu esdeveniment, pots posar-te en contacte amb les nostres oficines trucant directament i t&#8217;atendrem encantats.<\/p>\n","protected":false},"excerpt":{"rendered":"<ul>\n<li>Fard de tela ign\u00edfuga de cot\u00f3<\/li>\n<li>Composici\u00f3: 100% cot\u00f3<\/li>\n<li>Certificat DIN 4102B1 + certificat M1<\/li>\n<li>Qualitat: 190 g\/m\u00b2 &#8211; 200 g\/m\u00b2<\/li>\n<li>Fardatge de 50 a 60 metres, depenent de l&#8217;amplada<\/li>\n<li>Ample variable, segons elecci\u00f3 de l&#8217;usuari<\/li>\n<li>Disponible en diversos colors: cru, blanc, gris clar, blau cel, negre<\/li>\n<li>Fabricat a Alemanya.<\/li>\n<li>A causa de la pujada constant de les mat\u00e8ries primeres, principalment del cot\u00f3, aquests preus s\u00f3n considerats com a orientatius. Per consultes feu clic <a href=\"https:\/\/saezdecom.com\/contacto\/\">aqu\u00ed<\/a>.<\/li>\n<\/ul>\n","protected":false},"featured_media":23344,"template":"","meta":[],"product_cat":[212],"product_tag":[],"class_list":["post-24870","product","type-product","status-publish","has-post-thumbnail","hentry","product_cat-teles-ignifugues","product_shipping_class-productos-sin-confeccionar-fardos"],"yoast_head":"<!-- This site is optimized with the Yoast SEO plugin v21.2 - https:\/\/yoast.com\/wordpress\/plugins\/seo\/ -->\n<title>Fard de teixit ign\u00edfug de cot\u00f3, en diversos colors i mides<\/title>\n<meta name=\"description\" content=\"Visita la nostra botiga online i descobreix els millors preus del mercat al fardell de teixit ign\u00edfug de cot\u00f3 en diferents colors i mides.\" \/>\n<meta name=\"robots\" content=\"index, follow, max-snippet:-1, max-image-preview:large, max-video-preview:-1\" \/>\n<link rel=\"canonical\" href=\"https:\/\/saezdecom.com\/ca\/producto\/tejido-ignifugo-de-algodon\/\" \/>\n<meta property=\"og:locale\" content=\"ca_ES\" \/>\n<meta property=\"og:type\" content=\"article\" \/>\n<meta property=\"og:title\" content=\"Fard de teixit ign\u00edfug de cot\u00f3, en diversos colors i mides\" \/>\n<meta property=\"og:description\" content=\"Visita la nostra botiga online i descobreix els millors preus del mercat al fardell de teixit ign\u00edfug de cot\u00f3 en diferents colors i mides.\" \/>\n<meta property=\"og:url\" content=\"https:\/\/saezdecom.com\/ca\/producto\/tejido-ignifugo-de-algodon\/\" \/>\n<meta property=\"og:site_name\" content=\"Saez Decom\" \/>\n<meta property=\"article:publisher\" content=\"https:\/\/www.facebook.com\/saezdecomeventos\/\" \/>\n<meta property=\"article:modified_time\" content=\"2023-09-22T18:12:33+00:00\" \/>\n<meta property=\"og:image\" content=\"https:\/\/saezdecom.com\/wp-content\/uploads\/2019\/07\/tejido-ignifugo-de-algodon-001.jpg\" \/>\n\t<meta property=\"og:image:width\" content=\"800\" \/>\n\t<meta property=\"og:image:height\" content=\"600\" \/>\n\t<meta property=\"og:image:type\" content=\"image\/jpeg\" \/>\n<meta name=\"twitter:card\" content=\"summary_large_image\" \/>\n<meta name=\"twitter:site\" content=\"@saezdecom\" \/>\n<meta name=\"twitter:label1\" content=\"Temps estimat de lectura\" \/>\n\t<meta name=\"twitter:data1\" content=\"1 minut\" \/>\n<script type=\"application\/ld+json\" class=\"yoast-schema-graph\">{\"@context\":\"https:\/\/schema.org\",\"@graph\":[{\"@type\":\"WebPage\",\"@id\":\"https:\/\/saezdecom.com\/ca\/producto\/tejido-ignifugo-de-algodon\/\",\"url\":\"https:\/\/saezdecom.com\/ca\/producto\/tejido-ignifugo-de-algodon\/\",\"name\":\"Fard de teixit ign\u00edfug de cot\u00f3, en diversos colors i mides\",\"isPartOf\":{\"@id\":\"https:\/\/saezdecom.com\/ca\/#website\"},\"datePublished\":\"2019-07-23T16:09:07+00:00\",\"dateModified\":\"2023-09-22T18:12:33+00:00\",\"description\":\"Visita la nostra botiga online i descobreix els millors preus del mercat al fardell de teixit ign\u00edfug de cot\u00f3 en diferents colors i mides.\",\"breadcrumb\":{\"@id\":\"https:\/\/saezdecom.com\/ca\/producto\/tejido-ignifugo-de-algodon\/#breadcrumb\"},\"inLanguage\":\"ca\",\"potentialAction\":[{\"@type\":\"ReadAction\",\"target\":[\"https:\/\/saezdecom.com\/ca\/producto\/tejido-ignifugo-de-algodon\/\"]}]},{\"@type\":\"BreadcrumbList\",\"@id\":\"https:\/\/saezdecom.com\/ca\/producto\/tejido-ignifugo-de-algodon\/#breadcrumb\",\"itemListElement\":[{\"@type\":\"ListItem\",\"position\":1,\"name\":\"Portada\",\"item\":\"https:\/\/saezdecom.com\/ca\/inicio\/\"},{\"@type\":\"ListItem\",\"position\":2,\"name\":\"Botiga\",\"item\":\"https:\/\/www.saezdecom.es\/ca\/botiga\/\"},{\"@type\":\"ListItem\",\"position\":3,\"name\":\"Llen\u00e7 de teixit ign\u00edfug de cot\u00f3\"}]},{\"@type\":\"WebSite\",\"@id\":\"https:\/\/saezdecom.com\/ca\/#website\",\"url\":\"https:\/\/saezdecom.com\/ca\/\",\"name\":\"Saez Decom\",\"description\":\"Backdrops, Servicios y Productos para eventots\",\"publisher\":{\"@id\":\"https:\/\/saezdecom.com\/ca\/#organization\"},\"potentialAction\":[{\"@type\":\"SearchAction\",\"target\":{\"@type\":\"EntryPoint\",\"urlTemplate\":\"https:\/\/saezdecom.com\/ca\/?s={search_term_string}\"},\"query-input\":\"required name=search_term_string\"}],\"inLanguage\":\"ca\"},{\"@type\":\"Organization\",\"@id\":\"https:\/\/saezdecom.com\/ca\/#organization\",\"name\":\"Saez Decom\",\"url\":\"https:\/\/saezdecom.com\/ca\/\",\"logo\":{\"@type\":\"ImageObject\",\"inLanguage\":\"ca\",\"@id\":\"https:\/\/saezdecom.com\/ca\/#\/schema\/logo\/image\/\",\"url\":\"https:\/\/saezdecom.com\/wp-content\/uploads\/2023\/07\/Logo_amb_lletres_Saez_Decom_retina.png\",\"contentUrl\":\"https:\/\/saezdecom.com\/wp-content\/uploads\/2023\/07\/Logo_amb_lletres_Saez_Decom_retina.png\",\"width\":1410,\"height\":200,\"caption\":\"Saez Decom\"},\"image\":{\"@id\":\"https:\/\/saezdecom.com\/ca\/#\/schema\/logo\/image\/\"},\"sameAs\":[\"https:\/\/www.facebook.com\/saezdecomeventos\/\",\"https:\/\/twitter.com\/saezdecom\",\"https:\/\/www.youtube.com\/user\/saezdecom\",\"https:\/\/www.linkedin.com\/company\/saez-decom\/\",\"https:\/\/www.pinterest.es\/saezdecom\/\",\"https:\/\/www.instagram.com\/saez_decom\/\"]}]}<\/script>\n<!-- \/ Yoast SEO plugin. -->","yoast_head_json":{"title":"Fard de teixit ign\u00edfug de cot\u00f3, en diversos colors i mides","description":"Visita la nostra botiga online i descobreix els millors preus del mercat al fardell de teixit ign\u00edfug de cot\u00f3 en diferents colors i mides.","robots":{"index":"index","follow":"follow","max-snippet":"max-snippet:-1","max-image-preview":"max-image-preview:large","max-video-preview":"max-video-preview:-1"},"canonical":"https:\/\/saezdecom.com\/ca\/producto\/tejido-ignifugo-de-algodon\/","og_locale":"ca_ES","og_type":"article","og_title":"Fard de teixit ign\u00edfug de cot\u00f3, en diversos colors i mides","og_description":"Visita la nostra botiga online i descobreix els millors preus del mercat al fardell de teixit ign\u00edfug de cot\u00f3 en diferents colors i mides.","og_url":"https:\/\/saezdecom.com\/ca\/producto\/tejido-ignifugo-de-algodon\/","og_site_name":"Saez Decom","article_publisher":"https:\/\/www.facebook.com\/saezdecomeventos\/","article_modified_time":"2023-09-22T18:12:33+00:00","og_image":[{"width":800,"height":600,"url":"https:\/\/saezdecom.com\/wp-content\/uploads\/2019\/07\/tejido-ignifugo-de-algodon-001.jpg","type":"image\/jpeg"}],"twitter_card":"summary_large_image","twitter_site":"@saezdecom","twitter_misc":{"Temps estimat de lectura":"1 minut"},"schema":{"@context":"https:\/\/schema.org","@graph":[{"@type":"WebPage","@id":"https:\/\/saezdecom.com\/ca\/producto\/tejido-ignifugo-de-algodon\/","url":"https:\/\/saezdecom.com\/ca\/producto\/tejido-ignifugo-de-algodon\/","name":"Fard de teixit ign\u00edfug de cot\u00f3, en diversos colors i mides","isPartOf":{"@id":"https:\/\/saezdecom.com\/ca\/#website"},"datePublished":"2019-07-23T16:09:07+00:00","dateModified":"2023-09-22T18:12:33+00:00","description":"Visita la nostra botiga online i descobreix els millors preus del mercat al fardell de teixit ign\u00edfug de cot\u00f3 en diferents colors i mides.","breadcrumb":{"@id":"https:\/\/saezdecom.com\/ca\/producto\/tejido-ignifugo-de-algodon\/#breadcrumb"},"inLanguage":"ca","potentialAction":[{"@type":"ReadAction","target":["https:\/\/saezdecom.com\/ca\/producto\/tejido-ignifugo-de-algodon\/"]}]},{"@type":"BreadcrumbList","@id":"https:\/\/saezdecom.com\/ca\/producto\/tejido-ignifugo-de-algodon\/#breadcrumb","itemListElement":[{"@type":"ListItem","position":1,"name":"Portada","item":"https:\/\/saezdecom.com\/ca\/inicio\/"},{"@type":"ListItem","position":2,"name":"Botiga","item":"https:\/\/www.saezdecom.es\/ca\/botiga\/"},{"@type":"ListItem","position":3,"name":"Llen\u00e7 de teixit ign\u00edfug de cot\u00f3"}]},{"@type":"WebSite","@id":"https:\/\/saezdecom.com\/ca\/#website","url":"https:\/\/saezdecom.com\/ca\/","name":"Saez Decom","description":"Backdrops, Servicios y Productos para eventots","publisher":{"@id":"https:\/\/saezdecom.com\/ca\/#organization"},"potentialAction":[{"@type":"SearchAction","target":{"@type":"EntryPoint","urlTemplate":"https:\/\/saezdecom.com\/ca\/?s={search_term_string}"},"query-input":"required name=search_term_string"}],"inLanguage":"ca"},{"@type":"Organization","@id":"https:\/\/saezdecom.com\/ca\/#organization","name":"Saez Decom","url":"https:\/\/saezdecom.com\/ca\/","logo":{"@type":"ImageObject","inLanguage":"ca","@id":"https:\/\/saezdecom.com\/ca\/#\/schema\/logo\/image\/","url":"https:\/\/saezdecom.com\/wp-content\/uploads\/2023\/07\/Logo_amb_lletres_Saez_Decom_retina.png","contentUrl":"https:\/\/saezdecom.com\/wp-content\/uploads\/2023\/07\/Logo_amb_lletres_Saez_Decom_retina.png","width":1410,"height":200,"caption":"Saez Decom"},"image":{"@id":"https:\/\/saezdecom.com\/ca\/#\/schema\/logo\/image\/"},"sameAs":["https:\/\/www.facebook.com\/saezdecomeventos\/","https:\/\/twitter.com\/saezdecom","https:\/\/www.youtube.com\/user\/saezdecom","https:\/\/www.linkedin.com\/company\/saez-decom\/","https:\/\/www.pinterest.es\/saezdecom\/","https:\/\/www.instagram.com\/saez_decom\/"]}]}},"_links":{"self":[{"href":"https:\/\/saezdecom.com\/ca\/wp-json\/wp\/v2\/product\/24870","targetHints":{"allow":["GET"]}}],"collection":[{"href":"https:\/\/saezdecom.com\/ca\/wp-json\/wp\/v2\/product"}],"about":[{"href":"https:\/\/saezdecom.com\/ca\/wp-json\/wp\/v2\/types\/product"}],"wp:featuredmedia":[{"embeddable":true,"href":"https:\/\/saezdecom.com\/ca\/wp-json\/wp\/v2\/media\/23344"}],"wp:attachment":[{"href":"https:\/\/saezdecom.com\/ca\/wp-json\/wp\/v2\/media?parent=24870"}],"wp:term":[{"taxonomy":"product_cat","embeddable":true,"href":"https:\/\/saezdecom.com\/ca\/wp-json\/wp\/v2\/product_cat?post=24870"},{"taxonomy":"product_tag","embeddable":true,"href":"https:\/\/saezdecom.com\/ca\/wp-json\/wp\/v2\/product_tag?post=24870"}],"curies":[{"name":"wp","href":"https:\/\/api.w.org\/{rel}","templated":true}]}}