{"id":24874,"date":"2019-07-23T18:09:31","date_gmt":"2019-07-23T16:09:31","guid":{"rendered":"https:\/\/www.saezdecom.com\/producto\/fard-de-tela-ignifuga-molton-cs\/"},"modified":"2023-09-22T20:12:57","modified_gmt":"2023-09-22T18:12:57","slug":"fardell-de-molton-cs","status":"publish","type":"product","link":"https:\/\/saezdecom.com\/ca\/producto\/fardell-de-molton-cs\/","title":{"rendered":"Fard de tela ign\u00edfuga Molton CS"},"content":{"rendered":"<p>El fardell de roba ign\u00edfuga Molton CS s&#8217;estrena a la nostra botiga en l\u00ednia. Ja et pots fer amb aquesta fant\u00e0stica tela ign\u00edfuga en fardell de 60 metres de llarg. Est\u00e0 disponible en 2 colors, blanc o negre.<\/p>\n<p>La tela est\u00e0 confeccionada en 100% poli\u00e8ster, amb un gruix de 320 g\/m\u00b2. Est\u00e0 pensada per a variat nombre d&#8217;usos, per exemple, com a fons d&#8217;escenari, tel\u00f3, separador d&#8217;espais, etc. A m\u00e9s \u00e9s molt f\u00e0cil de muntar si el combines amb el nostre pipe and drape, r\u00e0pid i polivalent, aix\u00ed pots transportar i muntar metres i metres de tela en un obrir i tancar d&#8217;ulls.<\/p>\n<p>Aix\u00ed com la gran majoria de les nostres teles ign\u00edfugues, aquesta tamb\u00e9 est\u00e0 fabricada a Europa (Alemanya). Ha superat tots els controls de qualitat i te els certificats pertinents a nivell europeu, DIN 4102B1 i certificat M1.<\/p>\n<p>Posem a la vostra disposici\u00f3 nom\u00e9s teles confeccionades amb els millors materials i processos de fabricaci\u00f3, juntament amb els preus m\u00e9s competitius del mercat fan que els nostres teixits i teles ign\u00edfugues s&#8217;alcen per sobre de la resta. Per a m\u00e9s informaci\u00f3 sobre aquest producte, podeu contactar amb les nostres oficines i us atendrem encantats.<\/p>\n","protected":false},"excerpt":{"rendered":"<ul>\n<li>Fard de Molton CS<\/li>\n<li>Composici\u00f3: 100% poli\u00e8ster<\/li>\n<li>Propietat ign\u00edfuga segons DIN 4102B1 i certificat M1<\/li>\n<li>Ign\u00edfug permanent<\/li>\n<li>Apte per a rentat industrial<\/li>\n<li>Calitat: 320 g\/m\u00b2<\/li>\n<li>Fard\u00f3 de 60 metres de roba<\/li>\n<li>Ample de 305 cm<\/li>\n<li>Disponible en: negre i blanc<\/li>\n<li>Fabricat a Alemanya<\/li>\n<li>A causa de la pujada constant de les mat\u00e8ries primeres, principalment del cot\u00f3, aquests preus s\u00f3n considerats com a orientatius. Per consultes feu clic <a href=\"https:\/\/saezdecom.com\/contacto\/\">aqu\u00ed<\/a>.<\/li>\n<li>\n<\/li>\n<\/ul>\n","protected":false},"featured_media":23340,"template":"","meta":[],"product_cat":[212],"product_tag":[],"class_list":["post-24874","product","type-product","status-publish","has-post-thumbnail","hentry","product_cat-teles-ignifugues","product_shipping_class-productos-sin-confeccionar-fardos"],"yoast_head":"<!-- This site is optimized with the Yoast SEO plugin v21.2 - https:\/\/yoast.com\/wordpress\/plugins\/seo\/ -->\n<title>Descobreix el nou fardell de Molton CS amb Saez Decom<\/title>\n<meta name=\"description\" content=\"Visita la nostra botiga online i informa&#039;t sobre el nou fardell de tela ign\u00edfuga de Molton CS, de 60 metres de llargada i 305 cm d&#039;amplada.\" \/>\n<meta name=\"robots\" content=\"index, follow, max-snippet:-1, max-image-preview:large, max-video-preview:-1\" \/>\n<link rel=\"canonical\" href=\"https:\/\/saezdecom.com\/ca\/producto\/fardell-de-molton-cs\/\" \/>\n<meta property=\"og:locale\" content=\"ca_ES\" \/>\n<meta property=\"og:type\" content=\"article\" \/>\n<meta property=\"og:title\" content=\"Descobreix el nou fardell de Molton CS amb Saez Decom\" \/>\n<meta property=\"og:description\" content=\"Visita la nostra botiga online i informa&#039;t sobre el nou fardell de tela ign\u00edfuga de Molton CS, de 60 metres de llargada i 305 cm d&#039;amplada.\" \/>\n<meta property=\"og:url\" content=\"https:\/\/saezdecom.com\/ca\/producto\/fardell-de-molton-cs\/\" \/>\n<meta property=\"og:site_name\" content=\"Saez Decom\" \/>\n<meta property=\"article:publisher\" content=\"https:\/\/www.facebook.com\/saezdecomeventos\/\" \/>\n<meta property=\"article:modified_time\" content=\"2023-09-22T18:12:57+00:00\" \/>\n<meta property=\"og:image\" content=\"https:\/\/www.saezdecom.es\/wp-content\/uploads\/2019\/07\/molton-cs-001.jpg\" \/>\n\t<meta property=\"og:image:width\" content=\"800\" \/>\n\t<meta property=\"og:image:height\" content=\"600\" \/>\n\t<meta property=\"og:image:type\" content=\"image\/jpeg\" \/>\n<meta name=\"twitter:card\" content=\"summary_large_image\" \/>\n<meta name=\"twitter:site\" content=\"@saezdecom\" \/>\n<meta name=\"twitter:label1\" content=\"Temps estimat de lectura\" \/>\n\t<meta name=\"twitter:data1\" content=\"1 minut\" \/>\n<script type=\"application\/ld+json\" class=\"yoast-schema-graph\">{\"@context\":\"https:\/\/schema.org\",\"@graph\":[{\"@type\":\"WebPage\",\"@id\":\"https:\/\/saezdecom.com\/ca\/producto\/fardell-de-molton-cs\/\",\"url\":\"https:\/\/saezdecom.com\/ca\/producto\/fardell-de-molton-cs\/\",\"name\":\"Descobreix el nou fardell de Molton CS amb Saez Decom\",\"isPartOf\":{\"@id\":\"https:\/\/saezdecom.com\/ca\/#website\"},\"datePublished\":\"2019-07-23T16:09:31+00:00\",\"dateModified\":\"2023-09-22T18:12:57+00:00\",\"description\":\"Visita la nostra botiga online i informa't sobre el nou fardell de tela ign\u00edfuga de Molton CS, de 60 metres de llargada i 305 cm d'amplada.\",\"breadcrumb\":{\"@id\":\"https:\/\/saezdecom.com\/ca\/producto\/fardell-de-molton-cs\/#breadcrumb\"},\"inLanguage\":\"ca\",\"potentialAction\":[{\"@type\":\"ReadAction\",\"target\":[\"https:\/\/saezdecom.com\/ca\/producto\/fardell-de-molton-cs\/\"]}]},{\"@type\":\"BreadcrumbList\",\"@id\":\"https:\/\/saezdecom.com\/ca\/producto\/fardell-de-molton-cs\/#breadcrumb\",\"itemListElement\":[{\"@type\":\"ListItem\",\"position\":1,\"name\":\"Portada\",\"item\":\"https:\/\/saezdecom.com\/ca\/inicio\/\"},{\"@type\":\"ListItem\",\"position\":2,\"name\":\"Botiga\",\"item\":\"https:\/\/www.saezdecom.es\/ca\/botiga\/\"},{\"@type\":\"ListItem\",\"position\":3,\"name\":\"Fard de tela ign\u00edfuga Molton CS\"}]},{\"@type\":\"WebSite\",\"@id\":\"https:\/\/saezdecom.com\/ca\/#website\",\"url\":\"https:\/\/saezdecom.com\/ca\/\",\"name\":\"Saez Decom\",\"description\":\"Backdrops, Servicios y Productos para eventots\",\"publisher\":{\"@id\":\"https:\/\/saezdecom.com\/ca\/#organization\"},\"potentialAction\":[{\"@type\":\"SearchAction\",\"target\":{\"@type\":\"EntryPoint\",\"urlTemplate\":\"https:\/\/saezdecom.com\/ca\/?s={search_term_string}\"},\"query-input\":\"required name=search_term_string\"}],\"inLanguage\":\"ca\"},{\"@type\":\"Organization\",\"@id\":\"https:\/\/saezdecom.com\/ca\/#organization\",\"name\":\"Saez Decom\",\"url\":\"https:\/\/saezdecom.com\/ca\/\",\"logo\":{\"@type\":\"ImageObject\",\"inLanguage\":\"ca\",\"@id\":\"https:\/\/saezdecom.com\/ca\/#\/schema\/logo\/image\/\",\"url\":\"https:\/\/saezdecom.com\/wp-content\/uploads\/2023\/07\/Logo_amb_lletres_Saez_Decom_retina.png\",\"contentUrl\":\"https:\/\/saezdecom.com\/wp-content\/uploads\/2023\/07\/Logo_amb_lletres_Saez_Decom_retina.png\",\"width\":1410,\"height\":200,\"caption\":\"Saez Decom\"},\"image\":{\"@id\":\"https:\/\/saezdecom.com\/ca\/#\/schema\/logo\/image\/\"},\"sameAs\":[\"https:\/\/www.facebook.com\/saezdecomeventos\/\",\"https:\/\/twitter.com\/saezdecom\",\"https:\/\/www.youtube.com\/user\/saezdecom\",\"https:\/\/www.linkedin.com\/company\/saez-decom\/\",\"https:\/\/www.pinterest.es\/saezdecom\/\",\"https:\/\/www.instagram.com\/saez_decom\/\"]}]}<\/script>\n<!-- \/ Yoast SEO plugin. -->","yoast_head_json":{"title":"Descobreix el nou fardell de Molton CS amb Saez Decom","description":"Visita la nostra botiga online i informa't sobre el nou fardell de tela ign\u00edfuga de Molton CS, de 60 metres de llargada i 305 cm d'amplada.","robots":{"index":"index","follow":"follow","max-snippet":"max-snippet:-1","max-image-preview":"max-image-preview:large","max-video-preview":"max-video-preview:-1"},"canonical":"https:\/\/saezdecom.com\/ca\/producto\/fardell-de-molton-cs\/","og_locale":"ca_ES","og_type":"article","og_title":"Descobreix el nou fardell de Molton CS amb Saez Decom","og_description":"Visita la nostra botiga online i informa't sobre el nou fardell de tela ign\u00edfuga de Molton CS, de 60 metres de llargada i 305 cm d'amplada.","og_url":"https:\/\/saezdecom.com\/ca\/producto\/fardell-de-molton-cs\/","og_site_name":"Saez Decom","article_publisher":"https:\/\/www.facebook.com\/saezdecomeventos\/","article_modified_time":"2023-09-22T18:12:57+00:00","og_image":[{"width":800,"height":600,"url":"https:\/\/www.saezdecom.es\/wp-content\/uploads\/2019\/07\/molton-cs-001.jpg","type":"image\/jpeg"}],"twitter_card":"summary_large_image","twitter_site":"@saezdecom","twitter_misc":{"Temps estimat de lectura":"1 minut"},"schema":{"@context":"https:\/\/schema.org","@graph":[{"@type":"WebPage","@id":"https:\/\/saezdecom.com\/ca\/producto\/fardell-de-molton-cs\/","url":"https:\/\/saezdecom.com\/ca\/producto\/fardell-de-molton-cs\/","name":"Descobreix el nou fardell de Molton CS amb Saez Decom","isPartOf":{"@id":"https:\/\/saezdecom.com\/ca\/#website"},"datePublished":"2019-07-23T16:09:31+00:00","dateModified":"2023-09-22T18:12:57+00:00","description":"Visita la nostra botiga online i informa't sobre el nou fardell de tela ign\u00edfuga de Molton CS, de 60 metres de llargada i 305 cm d'amplada.","breadcrumb":{"@id":"https:\/\/saezdecom.com\/ca\/producto\/fardell-de-molton-cs\/#breadcrumb"},"inLanguage":"ca","potentialAction":[{"@type":"ReadAction","target":["https:\/\/saezdecom.com\/ca\/producto\/fardell-de-molton-cs\/"]}]},{"@type":"BreadcrumbList","@id":"https:\/\/saezdecom.com\/ca\/producto\/fardell-de-molton-cs\/#breadcrumb","itemListElement":[{"@type":"ListItem","position":1,"name":"Portada","item":"https:\/\/saezdecom.com\/ca\/inicio\/"},{"@type":"ListItem","position":2,"name":"Botiga","item":"https:\/\/www.saezdecom.es\/ca\/botiga\/"},{"@type":"ListItem","position":3,"name":"Fard de tela ign\u00edfuga Molton CS"}]},{"@type":"WebSite","@id":"https:\/\/saezdecom.com\/ca\/#website","url":"https:\/\/saezdecom.com\/ca\/","name":"Saez Decom","description":"Backdrops, Servicios y Productos para eventots","publisher":{"@id":"https:\/\/saezdecom.com\/ca\/#organization"},"potentialAction":[{"@type":"SearchAction","target":{"@type":"EntryPoint","urlTemplate":"https:\/\/saezdecom.com\/ca\/?s={search_term_string}"},"query-input":"required name=search_term_string"}],"inLanguage":"ca"},{"@type":"Organization","@id":"https:\/\/saezdecom.com\/ca\/#organization","name":"Saez Decom","url":"https:\/\/saezdecom.com\/ca\/","logo":{"@type":"ImageObject","inLanguage":"ca","@id":"https:\/\/saezdecom.com\/ca\/#\/schema\/logo\/image\/","url":"https:\/\/saezdecom.com\/wp-content\/uploads\/2023\/07\/Logo_amb_lletres_Saez_Decom_retina.png","contentUrl":"https:\/\/saezdecom.com\/wp-content\/uploads\/2023\/07\/Logo_amb_lletres_Saez_Decom_retina.png","width":1410,"height":200,"caption":"Saez Decom"},"image":{"@id":"https:\/\/saezdecom.com\/ca\/#\/schema\/logo\/image\/"},"sameAs":["https:\/\/www.facebook.com\/saezdecomeventos\/","https:\/\/twitter.com\/saezdecom","https:\/\/www.youtube.com\/user\/saezdecom","https:\/\/www.linkedin.com\/company\/saez-decom\/","https:\/\/www.pinterest.es\/saezdecom\/","https:\/\/www.instagram.com\/saez_decom\/"]}]}},"_links":{"self":[{"href":"https:\/\/saezdecom.com\/ca\/wp-json\/wp\/v2\/product\/24874","targetHints":{"allow":["GET"]}}],"collection":[{"href":"https:\/\/saezdecom.com\/ca\/wp-json\/wp\/v2\/product"}],"about":[{"href":"https:\/\/saezdecom.com\/ca\/wp-json\/wp\/v2\/types\/product"}],"wp:featuredmedia":[{"embeddable":true,"href":"https:\/\/saezdecom.com\/ca\/wp-json\/wp\/v2\/media\/23340"}],"wp:attachment":[{"href":"https:\/\/saezdecom.com\/ca\/wp-json\/wp\/v2\/media?parent=24874"}],"wp:term":[{"taxonomy":"product_cat","embeddable":true,"href":"https:\/\/saezdecom.com\/ca\/wp-json\/wp\/v2\/product_cat?post=24874"},{"taxonomy":"product_tag","embeddable":true,"href":"https:\/\/saezdecom.com\/ca\/wp-json\/wp\/v2\/product_tag?post=24874"}],"curies":[{"name":"wp","href":"https:\/\/api.w.org\/{rel}","templated":true}]}}