{"id":24876,"date":"2019-07-23T18:09:40","date_gmt":"2019-07-23T16:09:40","guid":{"rendered":"https:\/\/www.saezdecom.com\/producto\/fardo-de-licra-ignifuga-xxl\/"},"modified":"2019-07-23T18:09:40","modified_gmt":"2019-07-23T16:09:40","slug":"fardell-de-llicra-ignifuga","status":"publish","type":"product","link":"https:\/\/saezdecom.com\/ca\/producto\/fardell-de-llicra-ignifuga\/","title":{"rendered":"Fardo de Licra Ign\u00edfuga XXL"},"content":{"rendered":"<p>El fardell de licra ign\u00edfuga XXL \u00e9s el nou producte disponible a la nostra botiga online. Ja pots comprar aquesta fant\u00e0stica tela el\u00e0stica amb fardell de 35 metres de llarg. Est\u00e0 disponible als colors blanc i negre, amb una qualitat de 200 g\/m\u00b2.<\/p>\n<p>La licra est\u00e0 confeccionada en 75% Trevira CS i 25% Elastano FR. Aquesta tela est\u00e0 dissenyada per decorar parets, sostres i altres superf\u00edcies, \u00e9s una tela decorativa de qualitat, bonica i funcional, amb una amplada de 300 cm que es pot estirar fins als 450 cm.<\/p>\n<p>Aix\u00ed com la gran majoria de les nostres teles ign\u00edfugues, aquesta tamb\u00e9 est\u00e0 fabricada a Europa (Alemanya). Aquest ha passat tots els controls de qualitat pertinents i compta amb el certificat ign\u00edfug DIN 4102 B1.<\/p>\n<p>Des de Saez Decom nom\u00e9s posem a la vostra disposici\u00f3 teles de qualitat a preus molt competitius. Si tens algun dubte sobre aquesta tela, pots trucar directament a les nostres oficines i t&#8217;atendrem encantats!<\/p>\n","protected":false},"excerpt":{"rendered":"<ul>\n<li>Fard de Licra Ign\u00edfuga XXL<\/li>\n<li>Composici\u00f3: 75% Trevira CS i 25% Elastano FR<\/li>\n<li>Propietat ign\u00edfuga segons DIN 4102B1<\/li>\n<li>Qualitat: 200 g\/m\u00b2<\/li>\n<li>30% biel\u00e0stic<\/li>\n<li>Fard\u00f3 de 35 metres<\/li>\n<li>Ample de 300 cm i s&#8217;estira fins als 450 cm<\/li>\n<li>Disponible en: negre i blanc<\/li>\n<li>Fabricat a Alemanya<\/li>\n<li>A causa de la pujada constant de les mat\u00c3\u00a8ries primeres, principalment del cot\u00c3\u00b3, aquests preus s\u00c3\u00b3n considerats com a orientatius. Per consultes feu clic <a href=\"https:\/\/saezdecom.com\/contacto\/\">aqu\u00ed<\/a>.<\/li>\n<li>\n<\/li>\n<\/ul>\n","protected":false},"featured_media":23336,"template":"","meta":[],"product_cat":[212],"product_tag":[],"class_list":["post-24876","product","type-product","status-publish","has-post-thumbnail","hentry","product_cat-teles-ignifugues","product_shipping_class-productos-sin-confeccionar-fardos"],"yoast_head":"<!-- This site is optimized with the Yoast SEO plugin v21.2 - https:\/\/yoast.com\/wordpress\/plugins\/seo\/ -->\n<title>Fard de Licra Ign\u00edfuga XXL disponible a la botiga online de Saez Decom<\/title>\n<meta name=\"description\" content=\"Visita la nostra botiga i comprova un nou producte, el fardell de licra ign\u00edfuga XXL de 35 metres, disponible en 2 colors, de 300 cm d&#039;anchofield-\" \/>\n<meta name=\"robots\" content=\"index, follow, max-snippet:-1, max-image-preview:large, max-video-preview:-1\" \/>\n<link rel=\"canonical\" href=\"https:\/\/saezdecom.com\/ca\/producto\/fardell-de-llicra-ignifuga\/\" \/>\n<meta property=\"og:locale\" content=\"ca_ES\" \/>\n<meta property=\"og:type\" content=\"article\" \/>\n<meta property=\"og:title\" content=\"Fard de Licra Ign\u00edfuga XXL disponible a la botiga online de Saez Decom\" \/>\n<meta property=\"og:description\" content=\"Visita la nostra botiga i comprova un nou producte, el fardell de licra ign\u00edfuga XXL de 35 metres, disponible en 2 colors, de 300 cm d&#039;anchofield-\" \/>\n<meta property=\"og:url\" content=\"https:\/\/saezdecom.com\/ca\/producto\/fardell-de-llicra-ignifuga\/\" \/>\n<meta property=\"og:site_name\" content=\"Saez Decom\" \/>\n<meta property=\"article:publisher\" content=\"https:\/\/www.facebook.com\/saezdecomeventos\/\" \/>\n<meta property=\"og:image\" content=\"https:\/\/www.saezdecom.es\/wp-content\/uploads\/2019\/07\/fardo-de-licra-ignifuga-xxl-001.jpg\" \/>\n\t<meta property=\"og:image:width\" content=\"800\" \/>\n\t<meta property=\"og:image:height\" content=\"600\" \/>\n\t<meta property=\"og:image:type\" content=\"image\/jpeg\" \/>\n<meta name=\"twitter:card\" content=\"summary_large_image\" \/>\n<meta name=\"twitter:site\" content=\"@saezdecom\" \/>\n<meta name=\"twitter:label1\" content=\"Temps estimat de lectura\" \/>\n\t<meta name=\"twitter:data1\" content=\"1 minut\" \/>\n<script type=\"application\/ld+json\" class=\"yoast-schema-graph\">{\"@context\":\"https:\/\/schema.org\",\"@graph\":[{\"@type\":\"WebPage\",\"@id\":\"https:\/\/saezdecom.com\/ca\/producto\/fardell-de-llicra-ignifuga\/\",\"url\":\"https:\/\/saezdecom.com\/ca\/producto\/fardell-de-llicra-ignifuga\/\",\"name\":\"Fard de Licra Ign\u00edfuga XXL disponible a la botiga online de Saez Decom\",\"isPartOf\":{\"@id\":\"https:\/\/saezdecom.com\/ca\/#website\"},\"datePublished\":\"2019-07-23T16:09:40+00:00\",\"dateModified\":\"2019-07-23T16:09:40+00:00\",\"description\":\"Visita la nostra botiga i comprova un nou producte, el fardell de licra ign\u00edfuga XXL de 35 metres, disponible en 2 colors, de 300 cm d'anchofield-\",\"breadcrumb\":{\"@id\":\"https:\/\/saezdecom.com\/ca\/producto\/fardell-de-llicra-ignifuga\/#breadcrumb\"},\"inLanguage\":\"ca\",\"potentialAction\":[{\"@type\":\"ReadAction\",\"target\":[\"https:\/\/saezdecom.com\/ca\/producto\/fardell-de-llicra-ignifuga\/\"]}]},{\"@type\":\"BreadcrumbList\",\"@id\":\"https:\/\/saezdecom.com\/ca\/producto\/fardell-de-llicra-ignifuga\/#breadcrumb\",\"itemListElement\":[{\"@type\":\"ListItem\",\"position\":1,\"name\":\"Portada\",\"item\":\"https:\/\/saezdecom.com\/ca\/inicio\/\"},{\"@type\":\"ListItem\",\"position\":2,\"name\":\"Botiga\",\"item\":\"https:\/\/www.saezdecom.es\/ca\/botiga\/\"},{\"@type\":\"ListItem\",\"position\":3,\"name\":\"Fardo de Licra Ign\u00edfuga XXL\"}]},{\"@type\":\"WebSite\",\"@id\":\"https:\/\/saezdecom.com\/ca\/#website\",\"url\":\"https:\/\/saezdecom.com\/ca\/\",\"name\":\"Saez Decom\",\"description\":\"Backdrops, Servicios y Productos para eventots\",\"publisher\":{\"@id\":\"https:\/\/saezdecom.com\/ca\/#organization\"},\"potentialAction\":[{\"@type\":\"SearchAction\",\"target\":{\"@type\":\"EntryPoint\",\"urlTemplate\":\"https:\/\/saezdecom.com\/ca\/?s={search_term_string}\"},\"query-input\":\"required name=search_term_string\"}],\"inLanguage\":\"ca\"},{\"@type\":\"Organization\",\"@id\":\"https:\/\/saezdecom.com\/ca\/#organization\",\"name\":\"Saez Decom\",\"url\":\"https:\/\/saezdecom.com\/ca\/\",\"logo\":{\"@type\":\"ImageObject\",\"inLanguage\":\"ca\",\"@id\":\"https:\/\/saezdecom.com\/ca\/#\/schema\/logo\/image\/\",\"url\":\"https:\/\/saezdecom.com\/wp-content\/uploads\/2023\/07\/Logo_amb_lletres_Saez_Decom_retina.png\",\"contentUrl\":\"https:\/\/saezdecom.com\/wp-content\/uploads\/2023\/07\/Logo_amb_lletres_Saez_Decom_retina.png\",\"width\":1410,\"height\":200,\"caption\":\"Saez Decom\"},\"image\":{\"@id\":\"https:\/\/saezdecom.com\/ca\/#\/schema\/logo\/image\/\"},\"sameAs\":[\"https:\/\/www.facebook.com\/saezdecomeventos\/\",\"https:\/\/twitter.com\/saezdecom\",\"https:\/\/www.youtube.com\/user\/saezdecom\",\"https:\/\/www.linkedin.com\/company\/saez-decom\/\",\"https:\/\/www.pinterest.es\/saezdecom\/\",\"https:\/\/www.instagram.com\/saez_decom\/\"]}]}<\/script>\n<!-- \/ Yoast SEO plugin. -->","yoast_head_json":{"title":"Fard de Licra Ign\u00edfuga XXL disponible a la botiga online de Saez Decom","description":"Visita la nostra botiga i comprova un nou producte, el fardell de licra ign\u00edfuga XXL de 35 metres, disponible en 2 colors, de 300 cm d'anchofield-","robots":{"index":"index","follow":"follow","max-snippet":"max-snippet:-1","max-image-preview":"max-image-preview:large","max-video-preview":"max-video-preview:-1"},"canonical":"https:\/\/saezdecom.com\/ca\/producto\/fardell-de-llicra-ignifuga\/","og_locale":"ca_ES","og_type":"article","og_title":"Fard de Licra Ign\u00edfuga XXL disponible a la botiga online de Saez Decom","og_description":"Visita la nostra botiga i comprova un nou producte, el fardell de licra ign\u00edfuga XXL de 35 metres, disponible en 2 colors, de 300 cm d'anchofield-","og_url":"https:\/\/saezdecom.com\/ca\/producto\/fardell-de-llicra-ignifuga\/","og_site_name":"Saez Decom","article_publisher":"https:\/\/www.facebook.com\/saezdecomeventos\/","og_image":[{"width":800,"height":600,"url":"https:\/\/www.saezdecom.es\/wp-content\/uploads\/2019\/07\/fardo-de-licra-ignifuga-xxl-001.jpg","type":"image\/jpeg"}],"twitter_card":"summary_large_image","twitter_site":"@saezdecom","twitter_misc":{"Temps estimat de lectura":"1 minut"},"schema":{"@context":"https:\/\/schema.org","@graph":[{"@type":"WebPage","@id":"https:\/\/saezdecom.com\/ca\/producto\/fardell-de-llicra-ignifuga\/","url":"https:\/\/saezdecom.com\/ca\/producto\/fardell-de-llicra-ignifuga\/","name":"Fard de Licra Ign\u00edfuga XXL disponible a la botiga online de Saez Decom","isPartOf":{"@id":"https:\/\/saezdecom.com\/ca\/#website"},"datePublished":"2019-07-23T16:09:40+00:00","dateModified":"2019-07-23T16:09:40+00:00","description":"Visita la nostra botiga i comprova un nou producte, el fardell de licra ign\u00edfuga XXL de 35 metres, disponible en 2 colors, de 300 cm d'anchofield-","breadcrumb":{"@id":"https:\/\/saezdecom.com\/ca\/producto\/fardell-de-llicra-ignifuga\/#breadcrumb"},"inLanguage":"ca","potentialAction":[{"@type":"ReadAction","target":["https:\/\/saezdecom.com\/ca\/producto\/fardell-de-llicra-ignifuga\/"]}]},{"@type":"BreadcrumbList","@id":"https:\/\/saezdecom.com\/ca\/producto\/fardell-de-llicra-ignifuga\/#breadcrumb","itemListElement":[{"@type":"ListItem","position":1,"name":"Portada","item":"https:\/\/saezdecom.com\/ca\/inicio\/"},{"@type":"ListItem","position":2,"name":"Botiga","item":"https:\/\/www.saezdecom.es\/ca\/botiga\/"},{"@type":"ListItem","position":3,"name":"Fardo de Licra Ign\u00edfuga XXL"}]},{"@type":"WebSite","@id":"https:\/\/saezdecom.com\/ca\/#website","url":"https:\/\/saezdecom.com\/ca\/","name":"Saez Decom","description":"Backdrops, Servicios y Productos para eventots","publisher":{"@id":"https:\/\/saezdecom.com\/ca\/#organization"},"potentialAction":[{"@type":"SearchAction","target":{"@type":"EntryPoint","urlTemplate":"https:\/\/saezdecom.com\/ca\/?s={search_term_string}"},"query-input":"required name=search_term_string"}],"inLanguage":"ca"},{"@type":"Organization","@id":"https:\/\/saezdecom.com\/ca\/#organization","name":"Saez Decom","url":"https:\/\/saezdecom.com\/ca\/","logo":{"@type":"ImageObject","inLanguage":"ca","@id":"https:\/\/saezdecom.com\/ca\/#\/schema\/logo\/image\/","url":"https:\/\/saezdecom.com\/wp-content\/uploads\/2023\/07\/Logo_amb_lletres_Saez_Decom_retina.png","contentUrl":"https:\/\/saezdecom.com\/wp-content\/uploads\/2023\/07\/Logo_amb_lletres_Saez_Decom_retina.png","width":1410,"height":200,"caption":"Saez Decom"},"image":{"@id":"https:\/\/saezdecom.com\/ca\/#\/schema\/logo\/image\/"},"sameAs":["https:\/\/www.facebook.com\/saezdecomeventos\/","https:\/\/twitter.com\/saezdecom","https:\/\/www.youtube.com\/user\/saezdecom","https:\/\/www.linkedin.com\/company\/saez-decom\/","https:\/\/www.pinterest.es\/saezdecom\/","https:\/\/www.instagram.com\/saez_decom\/"]}]}},"_links":{"self":[{"href":"https:\/\/saezdecom.com\/ca\/wp-json\/wp\/v2\/product\/24876","targetHints":{"allow":["GET"]}}],"collection":[{"href":"https:\/\/saezdecom.com\/ca\/wp-json\/wp\/v2\/product"}],"about":[{"href":"https:\/\/saezdecom.com\/ca\/wp-json\/wp\/v2\/types\/product"}],"wp:featuredmedia":[{"embeddable":true,"href":"https:\/\/saezdecom.com\/ca\/wp-json\/wp\/v2\/media\/23336"}],"wp:attachment":[{"href":"https:\/\/saezdecom.com\/ca\/wp-json\/wp\/v2\/media?parent=24876"}],"wp:term":[{"taxonomy":"product_cat","embeddable":true,"href":"https:\/\/saezdecom.com\/ca\/wp-json\/wp\/v2\/product_cat?post=24876"},{"taxonomy":"product_tag","embeddable":true,"href":"https:\/\/saezdecom.com\/ca\/wp-json\/wp\/v2\/product_tag?post=24876"}],"curies":[{"name":"wp","href":"https:\/\/api.w.org\/{rel}","templated":true}]}}