{"id":24878,"date":"2019-07-23T18:09:50","date_gmt":"2019-07-23T16:09:50","guid":{"rendered":"https:\/\/www.saezdecom.com\/producto\/pro-molton-fire-retardant-fabric-bundle\/"},"modified":"2019-07-23T18:09:50","modified_gmt":"2019-07-23T16:09:50","slug":"fardell-de-tela-ignifuga-pro-molto","status":"publish","type":"product","link":"https:\/\/saezdecom.com\/ca\/producto\/fardell-de-tela-ignifuga-pro-molto\/","title":{"rendered":"Pro Molton Fire Retardant Fabric Bundle"},"content":{"rendered":"<p>El fardell de roba ign\u00edfuga Pro Molton de cot\u00f3 reciclat arriba a la nostra botiga online. Ja tens disponible aquesta fant\u00e0stica tela en fardell de 60 metres de llarg\u00e0ria, disponible nom\u00e9s en color negre i amb una qualitat de 270 g\/m\u00b2.<\/p>\n<p>La tela est\u00e0 confeccionada amb 71% cot\u00f3 reciclat i 29% viscosa. Est\u00e0 dissenyada per a tot tipus d&#8217;usos en qualsevol esdeveniment, es pot utilitzar com a fons d&#8217;escenari, com a tel\u00f3, per obstaculitzar el pas de la llum, absorbir el so o simplement a nivell decoratiu.<\/p>\n<p>Com la majoria de les nostres teles ign\u00edfugues, el fardell de Pro Molton est\u00e0 fabricat a Europa (Alemanya), per tant, aquest ha passat tots els exhaustius controls de qualitat i certificats ign\u00edfugs, en aquest cas, la tela compta amb la <strong>Propietat ign\u00edfuga segons DIN 4102 B1.<\/strong><\/p>\n<p>Des de Saez Decom nom\u00e9s posem a la vostra disposici\u00f3 teles de qualitat a preus molt competitius, aix\u00ed, el pressupost del vostre esdeveniment sempre quadrar\u00e0. Nom\u00e9s disposem d\u00b4aquest producte per a reserva, aix\u00ed que pots posar-te en contacte amb les nostres oficines i t\u00b4informarem de tot.<\/p>\n","protected":false},"excerpt":{"rendered":"<ul>\n<li>Pro Molton Fire Retardant Fabric Bundle<\/li>\n<li>Confeccionat amb cot\u00f3 reciclat<\/li>\n<li>Composici\u00f3: 71% cot\u00f3 i 29% viscosa<\/li>\n<li>Propietat ign\u00edfuga segons DIN 4102 B1<\/li>\n<li>Qualitat: 270 g\/m\u00b2<\/li>\n<li>Fard de 60 metres<\/li>\n<li>Ample de 300 cm<\/li>\n<li>Disponible en: negre<\/li>\n<li>Fabricat a Alemanya<\/li>\n<li>GRS Certificat<\/li>\n<li>A causa de la pujada constant de les mat\u00c3\u00a8ries primeres, principalment del cot\u00c3\u00b3, aquests preus s\u00c3\u00b3n considerats com a orientatius. Per consultes feu clic <a href=\"https:\/\/saezdecom.com\/contacto\/\">aqu\u00ed<\/a>.<\/li>\n<li>\n<\/li>\n<\/ul>\n","protected":false},"featured_media":23334,"template":"","meta":[],"product_cat":[212],"product_tag":[],"class_list":["post-24878","product","type-product","status-publish","has-post-thumbnail","hentry","product_cat-teles-ignifugues","product_shipping_class-productos-sin-confeccionar-fardos"],"yoast_head":"<!-- This site is optimized with the Yoast SEO plugin v21.2 - https:\/\/yoast.com\/wordpress\/plugins\/seo\/ -->\n<title>Fard de tela ign\u00edfuga Pro Molton a la botiga online de Saez Decom<\/title>\n<meta name=\"description\" content=\"Descobreix a la nostra botiga online el Fardo de Tela Ign\u00edfuga Pro Molton, confeccionat amb cot\u00f3 reciclat. Quality of 270 g\/m\u00b2 i 300 cm wide.\" \/>\n<meta name=\"robots\" content=\"index, follow, max-snippet:-1, max-image-preview:large, max-video-preview:-1\" \/>\n<link rel=\"canonical\" href=\"https:\/\/saezdecom.com\/ca\/producto\/fardell-de-tela-ignifuga-pro-molto\/\" \/>\n<meta property=\"og:locale\" content=\"ca_ES\" \/>\n<meta property=\"og:type\" content=\"article\" \/>\n<meta property=\"og:title\" content=\"Fard de tela ign\u00edfuga Pro Molton a la botiga online de Saez Decom\" \/>\n<meta property=\"og:description\" content=\"Descobreix a la nostra botiga online el Fardo de Tela Ign\u00edfuga Pro Molton, confeccionat amb cot\u00f3 reciclat. Quality of 270 g\/m\u00b2 i 300 cm wide.\" \/>\n<meta property=\"og:url\" content=\"https:\/\/saezdecom.com\/ca\/producto\/fardell-de-tela-ignifuga-pro-molto\/\" \/>\n<meta property=\"og:site_name\" content=\"Saez Decom\" \/>\n<meta property=\"article:publisher\" content=\"https:\/\/www.facebook.com\/saezdecomeventos\/\" \/>\n<meta property=\"og:image\" content=\"https:\/\/saezdecom.com\/wp-content\/uploads\/2019\/07\/fardo-de-tela-pro-molton-001.jpg\" \/>\n\t<meta property=\"og:image:width\" content=\"800\" \/>\n\t<meta property=\"og:image:height\" content=\"600\" \/>\n\t<meta property=\"og:image:type\" content=\"image\/jpeg\" \/>\n<meta name=\"twitter:card\" content=\"summary_large_image\" \/>\n<meta name=\"twitter:site\" content=\"@saezdecom\" \/>\n<meta name=\"twitter:label1\" content=\"Temps estimat de lectura\" \/>\n\t<meta name=\"twitter:data1\" content=\"1 minut\" \/>\n<script type=\"application\/ld+json\" class=\"yoast-schema-graph\">{\"@context\":\"https:\/\/schema.org\",\"@graph\":[{\"@type\":\"WebPage\",\"@id\":\"https:\/\/saezdecom.com\/ca\/producto\/fardell-de-tela-ignifuga-pro-molto\/\",\"url\":\"https:\/\/saezdecom.com\/ca\/producto\/fardell-de-tela-ignifuga-pro-molto\/\",\"name\":\"Fard de tela ign\u00edfuga Pro Molton a la botiga online de Saez Decom\",\"isPartOf\":{\"@id\":\"https:\/\/saezdecom.com\/ca\/#website\"},\"datePublished\":\"2019-07-23T16:09:50+00:00\",\"dateModified\":\"2019-07-23T16:09:50+00:00\",\"description\":\"Descobreix a la nostra botiga online el Fardo de Tela Ign\u00edfuga Pro Molton, confeccionat amb cot\u00f3 reciclat. Quality of 270 g\/m\u00b2 i 300 cm wide.\",\"breadcrumb\":{\"@id\":\"https:\/\/saezdecom.com\/ca\/producto\/fardell-de-tela-ignifuga-pro-molto\/#breadcrumb\"},\"inLanguage\":\"ca\",\"potentialAction\":[{\"@type\":\"ReadAction\",\"target\":[\"https:\/\/saezdecom.com\/ca\/producto\/fardell-de-tela-ignifuga-pro-molto\/\"]}]},{\"@type\":\"BreadcrumbList\",\"@id\":\"https:\/\/saezdecom.com\/ca\/producto\/fardell-de-tela-ignifuga-pro-molto\/#breadcrumb\",\"itemListElement\":[{\"@type\":\"ListItem\",\"position\":1,\"name\":\"Portada\",\"item\":\"https:\/\/saezdecom.com\/ca\/inicio\/\"},{\"@type\":\"ListItem\",\"position\":2,\"name\":\"Botiga\",\"item\":\"https:\/\/www.saezdecom.es\/ca\/botiga\/\"},{\"@type\":\"ListItem\",\"position\":3,\"name\":\"Pro Molton Fire Retardant Fabric Bundle\"}]},{\"@type\":\"WebSite\",\"@id\":\"https:\/\/saezdecom.com\/ca\/#website\",\"url\":\"https:\/\/saezdecom.com\/ca\/\",\"name\":\"Saez Decom\",\"description\":\"Backdrops, Servicios y Productos para eventots\",\"publisher\":{\"@id\":\"https:\/\/saezdecom.com\/ca\/#organization\"},\"potentialAction\":[{\"@type\":\"SearchAction\",\"target\":{\"@type\":\"EntryPoint\",\"urlTemplate\":\"https:\/\/saezdecom.com\/ca\/?s={search_term_string}\"},\"query-input\":\"required name=search_term_string\"}],\"inLanguage\":\"ca\"},{\"@type\":\"Organization\",\"@id\":\"https:\/\/saezdecom.com\/ca\/#organization\",\"name\":\"Saez Decom\",\"url\":\"https:\/\/saezdecom.com\/ca\/\",\"logo\":{\"@type\":\"ImageObject\",\"inLanguage\":\"ca\",\"@id\":\"https:\/\/saezdecom.com\/ca\/#\/schema\/logo\/image\/\",\"url\":\"https:\/\/saezdecom.com\/wp-content\/uploads\/2023\/07\/Logo_amb_lletres_Saez_Decom_retina.png\",\"contentUrl\":\"https:\/\/saezdecom.com\/wp-content\/uploads\/2023\/07\/Logo_amb_lletres_Saez_Decom_retina.png\",\"width\":1410,\"height\":200,\"caption\":\"Saez Decom\"},\"image\":{\"@id\":\"https:\/\/saezdecom.com\/ca\/#\/schema\/logo\/image\/\"},\"sameAs\":[\"https:\/\/www.facebook.com\/saezdecomeventos\/\",\"https:\/\/twitter.com\/saezdecom\",\"https:\/\/www.youtube.com\/user\/saezdecom\",\"https:\/\/www.linkedin.com\/company\/saez-decom\/\",\"https:\/\/www.pinterest.es\/saezdecom\/\",\"https:\/\/www.instagram.com\/saez_decom\/\"]}]}<\/script>\n<!-- \/ Yoast SEO plugin. -->","yoast_head_json":{"title":"Fard de tela ign\u00edfuga Pro Molton a la botiga online de Saez Decom","description":"Descobreix a la nostra botiga online el Fardo de Tela Ign\u00edfuga Pro Molton, confeccionat amb cot\u00f3 reciclat. Quality of 270 g\/m\u00b2 i 300 cm wide.","robots":{"index":"index","follow":"follow","max-snippet":"max-snippet:-1","max-image-preview":"max-image-preview:large","max-video-preview":"max-video-preview:-1"},"canonical":"https:\/\/saezdecom.com\/ca\/producto\/fardell-de-tela-ignifuga-pro-molto\/","og_locale":"ca_ES","og_type":"article","og_title":"Fard de tela ign\u00edfuga Pro Molton a la botiga online de Saez Decom","og_description":"Descobreix a la nostra botiga online el Fardo de Tela Ign\u00edfuga Pro Molton, confeccionat amb cot\u00f3 reciclat. Quality of 270 g\/m\u00b2 i 300 cm wide.","og_url":"https:\/\/saezdecom.com\/ca\/producto\/fardell-de-tela-ignifuga-pro-molto\/","og_site_name":"Saez Decom","article_publisher":"https:\/\/www.facebook.com\/saezdecomeventos\/","og_image":[{"width":800,"height":600,"url":"https:\/\/saezdecom.com\/wp-content\/uploads\/2019\/07\/fardo-de-tela-pro-molton-001.jpg","type":"image\/jpeg"}],"twitter_card":"summary_large_image","twitter_site":"@saezdecom","twitter_misc":{"Temps estimat de lectura":"1 minut"},"schema":{"@context":"https:\/\/schema.org","@graph":[{"@type":"WebPage","@id":"https:\/\/saezdecom.com\/ca\/producto\/fardell-de-tela-ignifuga-pro-molto\/","url":"https:\/\/saezdecom.com\/ca\/producto\/fardell-de-tela-ignifuga-pro-molto\/","name":"Fard de tela ign\u00edfuga Pro Molton a la botiga online de Saez Decom","isPartOf":{"@id":"https:\/\/saezdecom.com\/ca\/#website"},"datePublished":"2019-07-23T16:09:50+00:00","dateModified":"2019-07-23T16:09:50+00:00","description":"Descobreix a la nostra botiga online el Fardo de Tela Ign\u00edfuga Pro Molton, confeccionat amb cot\u00f3 reciclat. Quality of 270 g\/m\u00b2 i 300 cm wide.","breadcrumb":{"@id":"https:\/\/saezdecom.com\/ca\/producto\/fardell-de-tela-ignifuga-pro-molto\/#breadcrumb"},"inLanguage":"ca","potentialAction":[{"@type":"ReadAction","target":["https:\/\/saezdecom.com\/ca\/producto\/fardell-de-tela-ignifuga-pro-molto\/"]}]},{"@type":"BreadcrumbList","@id":"https:\/\/saezdecom.com\/ca\/producto\/fardell-de-tela-ignifuga-pro-molto\/#breadcrumb","itemListElement":[{"@type":"ListItem","position":1,"name":"Portada","item":"https:\/\/saezdecom.com\/ca\/inicio\/"},{"@type":"ListItem","position":2,"name":"Botiga","item":"https:\/\/www.saezdecom.es\/ca\/botiga\/"},{"@type":"ListItem","position":3,"name":"Pro Molton Fire Retardant Fabric Bundle"}]},{"@type":"WebSite","@id":"https:\/\/saezdecom.com\/ca\/#website","url":"https:\/\/saezdecom.com\/ca\/","name":"Saez Decom","description":"Backdrops, Servicios y Productos para eventots","publisher":{"@id":"https:\/\/saezdecom.com\/ca\/#organization"},"potentialAction":[{"@type":"SearchAction","target":{"@type":"EntryPoint","urlTemplate":"https:\/\/saezdecom.com\/ca\/?s={search_term_string}"},"query-input":"required name=search_term_string"}],"inLanguage":"ca"},{"@type":"Organization","@id":"https:\/\/saezdecom.com\/ca\/#organization","name":"Saez Decom","url":"https:\/\/saezdecom.com\/ca\/","logo":{"@type":"ImageObject","inLanguage":"ca","@id":"https:\/\/saezdecom.com\/ca\/#\/schema\/logo\/image\/","url":"https:\/\/saezdecom.com\/wp-content\/uploads\/2023\/07\/Logo_amb_lletres_Saez_Decom_retina.png","contentUrl":"https:\/\/saezdecom.com\/wp-content\/uploads\/2023\/07\/Logo_amb_lletres_Saez_Decom_retina.png","width":1410,"height":200,"caption":"Saez Decom"},"image":{"@id":"https:\/\/saezdecom.com\/ca\/#\/schema\/logo\/image\/"},"sameAs":["https:\/\/www.facebook.com\/saezdecomeventos\/","https:\/\/twitter.com\/saezdecom","https:\/\/www.youtube.com\/user\/saezdecom","https:\/\/www.linkedin.com\/company\/saez-decom\/","https:\/\/www.pinterest.es\/saezdecom\/","https:\/\/www.instagram.com\/saez_decom\/"]}]}},"_links":{"self":[{"href":"https:\/\/saezdecom.com\/ca\/wp-json\/wp\/v2\/product\/24878","targetHints":{"allow":["GET"]}}],"collection":[{"href":"https:\/\/saezdecom.com\/ca\/wp-json\/wp\/v2\/product"}],"about":[{"href":"https:\/\/saezdecom.com\/ca\/wp-json\/wp\/v2\/types\/product"}],"wp:featuredmedia":[{"embeddable":true,"href":"https:\/\/saezdecom.com\/ca\/wp-json\/wp\/v2\/media\/23334"}],"wp:attachment":[{"href":"https:\/\/saezdecom.com\/ca\/wp-json\/wp\/v2\/media?parent=24878"}],"wp:term":[{"taxonomy":"product_cat","embeddable":true,"href":"https:\/\/saezdecom.com\/ca\/wp-json\/wp\/v2\/product_cat?post=24878"},{"taxonomy":"product_tag","embeddable":true,"href":"https:\/\/saezdecom.com\/ca\/wp-json\/wp\/v2\/product_tag?post=24878"}],"curies":[{"name":"wp","href":"https:\/\/api.w.org\/{rel}","templated":true}]}}